{"id":35877,"date":"2020-10-27T08:26:25","date_gmt":"2025-06-05T06:49:42","guid":{"rendered":"https:\/\/www.fernco.de\/?post_type=product&#038;p=35877"},"modified":"2025-12-11T14:53:42","modified_gmt":"2025-12-11T14:53:42","slug":"bague-de-transition-ur","status":"publish","type":"product","link":"https:\/\/www.fernco.de\/fr\/produit\/bague-de-transition-ur","title":{"rendered":"Bague de transition UR"},"content":{"rendered":"<p>\u00dcR \u00dcR100-SML\/KG \u00dcR125-SML \u00dcR150-SML\/KG \u00dcR150-GGG\/FZ \u00dcR200-SML \u00dcR100 \u00dcR125 \u00dcR150 \u00dcR150 \u00dcR200 \u00dcR<br \/>\nUR100-110 UR125-135 UR150-160 UR150-170 UR200-210<\/p>\n<p>\u00dcbergangsrollring \u00fcbergangsring Rolling Ring u \u00fc ring Pier\u015bcie\u0144 przej\u015bciowy<br \/>\n\u00dcbergangsringe transition rings Tiefbau Abwasser sewage Civil Engineering Dichtringe steinzeugrohr rohrspitzende abdichten sealing rings Bagues d&rsquo;\u00c9tanch\u00e9it\u00e9 Pier\u015bcienie Pier\u015bcie\u0144 uszczelniaj\u0105ce<br \/>\nRohrverbindungen pipes connections joints Raccords de tuyaux po\u0142\u0105czenia rurowe<\/p>\n<p>Steinzeugrohre eurotop vitrified clay pipes Tuyaux en gr\u00e8s Rury kamionkowe<\/p>\n<p>SBR Gummi Elastomere kautschuk rubber Caoutchouc \u00c9lastom\u00e8re Guma Elastomery<br \/>\nschwarz black noir czarny<\/p>\n<p>DN100 DN125 DN150 DN200<\/p>\n","protected":false},"excerpt":{"rendered":"<p>Les bagues de transition Fernco, conformes \u00e0 la norme DIN EN 295 partie 4, sont utilis\u00e9es pour les transitions d&rsquo;extr\u00e9mit\u00e9s m\u00e2les de tuyaux de diff\u00e9rents mat\u00e9riaux tels que le PVCu, la fonte, la fonte ductile ou le ciment-amiante, vers les manchons en gr\u00e8s dot\u00e9s du syst\u00e8me de connexion F avec joint \u00e0 l\u00e8vre \u00ab L \u00bb.<\/p>\n<p>La bague de transition est pouss\u00e9e jusqu&rsquo;en but\u00e9e sur l&rsquo;extr\u00e9mit\u00e9 chanfrein\u00e9e du tuyau, puis ins\u00e9r\u00e9e dans le manchon correspondant avec un joint \u00e0 l\u00e8vre \u00ab L \u00bb, de la m\u00eame mani\u00e8re qu&rsquo;un embout en pierre.<\/p>\n","protected":false},"featured_media":35878,"template":"","meta":{"_acf_changed":false,"_mi_skip_tracking":false,"_monsterinsights_sitenote_active":false,"_monsterinsights_sitenote_note":"","_monsterinsights_sitenote_category":0},"product_cat":[235],"product_tag":[],"acf":[],"yoast_head":"<!-- This site is optimized with the Yoast SEO plugin v22.7 - https:\/\/yoast.com\/wordpress\/plugins\/seo\/ -->\n<title>Bague de transition UR | Fernco<\/title>\n<meta name=\"description\" content=\"Les bagues de transition UR Fernco permettent la transition des extr\u00e9mit\u00e9s m\u00e2les de tuyaux de mat\u00e9riaux diff\u00e9rents aux manchons en gr\u00e8s.\" \/>\n<meta name=\"robots\" content=\"index, follow, max-snippet:-1, max-image-preview:large, max-video-preview:-1\" \/>\n<link rel=\"canonical\" href=\"https:\/\/www.fernco.de\/fr\/produit\/bague-de-transition-ur\" \/>\n<meta property=\"og:locale\" content=\"fr_FR\" \/>\n<meta property=\"og:type\" content=\"article\" \/>\n<meta property=\"og:title\" content=\"Bague de transition UR | Fernco\" \/>\n<meta property=\"og:description\" content=\"Les bagues de transition UR Fernco permettent la transition des extr\u00e9mit\u00e9s m\u00e2les de tuyaux de mat\u00e9riaux diff\u00e9rents aux manchons en gr\u00e8s.\" \/>\n<meta property=\"og:url\" content=\"https:\/\/www.fernco.de\/fr\/produit\/bague-de-transition-ur\" \/>\n<meta property=\"og:site_name\" content=\"Fernco\" \/>\n<meta property=\"article:publisher\" content=\"https:\/\/www.facebook.com\/Flexseal\" \/>\n<meta property=\"article:modified_time\" content=\"2025-12-11T14:53:42+00:00\" \/>\n<meta property=\"og:image\" content=\"https:\/\/www.fernco.de\/wp-content\/uploads\/2023\/05\/UeGR_700x394.png\" \/>\n\t<meta property=\"og:image:width\" content=\"700\" \/>\n\t<meta property=\"og:image:height\" content=\"394\" \/>\n\t<meta property=\"og:image:type\" content=\"image\/png\" \/>\n<meta name=\"twitter:card\" content=\"summary_large_image\" \/>\n<meta name=\"twitter:site\" content=\"@FlexsealUK\" \/>\n<meta name=\"twitter:label1\" content=\"Dur\u00e9e de lecture estim\u00e9e\" \/>\n\t<meta name=\"twitter:data1\" content=\"1 minute\" \/>\n<script type=\"application\/ld+json\" class=\"yoast-schema-graph\">{\"@context\":\"https:\/\/schema.org\",\"@graph\":[{\"@type\":\"WebPage\",\"@id\":\"https:\/\/www.fernco.de\/fr\/produit\/bague-de-transition-ur\",\"url\":\"https:\/\/www.fernco.de\/fr\/produit\/bague-de-transition-ur\",\"name\":\"Bague de transition UR | Fernco\",\"isPartOf\":{\"@id\":\"https:\/\/www.fernco.de\/fr#website\"},\"primaryImageOfPage\":{\"@id\":\"https:\/\/www.fernco.de\/fr\/produit\/bague-de-transition-ur#primaryimage\"},\"image\":{\"@id\":\"https:\/\/www.fernco.de\/fr\/produit\/bague-de-transition-ur#primaryimage\"},\"thumbnailUrl\":\"https:\/\/www.fernco.de\/wp-content\/uploads\/2023\/05\/UeGR_700x394.png\",\"datePublished\":\"2025-06-05T06:49:42+00:00\",\"dateModified\":\"2025-12-11T14:53:42+00:00\",\"description\":\"Les bagues de transition UR Fernco permettent la transition des extr\u00e9mit\u00e9s m\u00e2les de tuyaux de mat\u00e9riaux diff\u00e9rents aux manchons en gr\u00e8s.\",\"breadcrumb\":{\"@id\":\"https:\/\/www.fernco.de\/fr\/produit\/bague-de-transition-ur#breadcrumb\"},\"inLanguage\":\"fr-FR\",\"potentialAction\":[{\"@type\":\"ReadAction\",\"target\":[\"https:\/\/www.fernco.de\/fr\/produit\/bague-de-transition-ur\"]}]},{\"@type\":\"ImageObject\",\"inLanguage\":\"fr-FR\",\"@id\":\"https:\/\/www.fernco.de\/fr\/produit\/bague-de-transition-ur#primaryimage\",\"url\":\"https:\/\/www.fernco.de\/wp-content\/uploads\/2023\/05\/UeGR_700x394.png\",\"contentUrl\":\"https:\/\/www.fernco.de\/wp-content\/uploads\/2023\/05\/UeGR_700x394.png\",\"width\":700,\"height\":394},{\"@type\":\"BreadcrumbList\",\"@id\":\"https:\/\/www.fernco.de\/fr\/produit\/bague-de-transition-ur#breadcrumb\",\"itemListElement\":[{\"@type\":\"ListItem\",\"position\":1,\"name\":\"Home\",\"item\":\"https:\/\/www.fernco.de\/fr\"},{\"@type\":\"ListItem\",\"position\":2,\"name\":\"Produits\",\"item\":\"https:\/\/www.fernco.de\/fr\/shop\"},{\"@type\":\"ListItem\",\"position\":3,\"name\":\"Bague de transition UR\"}]},{\"@type\":\"WebSite\",\"@id\":\"https:\/\/www.fernco.de\/fr#website\",\"url\":\"https:\/\/www.fernco.de\/fr\",\"name\":\"Fernco\",\"description\":\"Flexible Couplings, Drainage &amp; Plumbing Systems\",\"publisher\":{\"@id\":\"https:\/\/www.fernco.de\/fr#organization\"},\"potentialAction\":[{\"@type\":\"SearchAction\",\"target\":{\"@type\":\"EntryPoint\",\"urlTemplate\":\"https:\/\/www.fernco.de\/fr?s={search_term_string}\"},\"query-input\":\"required name=search_term_string\"}],\"inLanguage\":\"fr-FR\"},{\"@type\":\"Organization\",\"@id\":\"https:\/\/www.fernco.de\/fr#organization\",\"name\":\"Fernco GmbH\",\"alternateName\":\"Fernco\",\"url\":\"https:\/\/www.fernco.de\/fr\",\"logo\":{\"@type\":\"ImageObject\",\"inLanguage\":\"fr-FR\",\"@id\":\"https:\/\/www.fernco.de\/fr#\/schema\/logo\/image\/\",\"url\":\"https:\/\/www.fernco.de\/wp-content\/uploads\/2022\/06\/fernco-logo.png\",\"contentUrl\":\"https:\/\/www.fernco.de\/wp-content\/uploads\/2022\/06\/fernco-logo.png\",\"width\":287,\"height\":50,\"caption\":\"Fernco GmbH\"},\"image\":{\"@id\":\"https:\/\/www.fernco.de\/fr#\/schema\/logo\/image\/\"},\"sameAs\":[\"https:\/\/www.facebook.com\/Flexseal\",\"https:\/\/x.com\/FlexsealUK\"]}]}<\/script>\n<!-- \/ Yoast SEO plugin. -->","yoast_head_json":{"title":"Bague de transition UR | Fernco","description":"Les bagues de transition UR Fernco permettent la transition des extr\u00e9mit\u00e9s m\u00e2les de tuyaux de mat\u00e9riaux diff\u00e9rents aux manchons en gr\u00e8s.","robots":{"index":"index","follow":"follow","max-snippet":"max-snippet:-1","max-image-preview":"max-image-preview:large","max-video-preview":"max-video-preview:-1"},"canonical":"https:\/\/www.fernco.de\/fr\/produit\/bague-de-transition-ur","og_locale":"fr_FR","og_type":"article","og_title":"Bague de transition UR | Fernco","og_description":"Les bagues de transition UR Fernco permettent la transition des extr\u00e9mit\u00e9s m\u00e2les de tuyaux de mat\u00e9riaux diff\u00e9rents aux manchons en gr\u00e8s.","og_url":"https:\/\/www.fernco.de\/fr\/produit\/bague-de-transition-ur","og_site_name":"Fernco","article_publisher":"https:\/\/www.facebook.com\/Flexseal","article_modified_time":"2025-12-11T14:53:42+00:00","og_image":[{"width":700,"height":394,"url":"https:\/\/www.fernco.de\/wp-content\/uploads\/2023\/05\/UeGR_700x394.png","type":"image\/png"}],"twitter_card":"summary_large_image","twitter_site":"@FlexsealUK","twitter_misc":{"Dur\u00e9e de lecture estim\u00e9e":"1 minute"},"schema":{"@context":"https:\/\/schema.org","@graph":[{"@type":"WebPage","@id":"https:\/\/www.fernco.de\/fr\/produit\/bague-de-transition-ur","url":"https:\/\/www.fernco.de\/fr\/produit\/bague-de-transition-ur","name":"Bague de transition UR | Fernco","isPartOf":{"@id":"https:\/\/www.fernco.de\/fr#website"},"primaryImageOfPage":{"@id":"https:\/\/www.fernco.de\/fr\/produit\/bague-de-transition-ur#primaryimage"},"image":{"@id":"https:\/\/www.fernco.de\/fr\/produit\/bague-de-transition-ur#primaryimage"},"thumbnailUrl":"https:\/\/www.fernco.de\/wp-content\/uploads\/2023\/05\/UeGR_700x394.png","datePublished":"2025-06-05T06:49:42+00:00","dateModified":"2025-12-11T14:53:42+00:00","description":"Les bagues de transition UR Fernco permettent la transition des extr\u00e9mit\u00e9s m\u00e2les de tuyaux de mat\u00e9riaux diff\u00e9rents aux manchons en gr\u00e8s.","breadcrumb":{"@id":"https:\/\/www.fernco.de\/fr\/produit\/bague-de-transition-ur#breadcrumb"},"inLanguage":"fr-FR","potentialAction":[{"@type":"ReadAction","target":["https:\/\/www.fernco.de\/fr\/produit\/bague-de-transition-ur"]}]},{"@type":"ImageObject","inLanguage":"fr-FR","@id":"https:\/\/www.fernco.de\/fr\/produit\/bague-de-transition-ur#primaryimage","url":"https:\/\/www.fernco.de\/wp-content\/uploads\/2023\/05\/UeGR_700x394.png","contentUrl":"https:\/\/www.fernco.de\/wp-content\/uploads\/2023\/05\/UeGR_700x394.png","width":700,"height":394},{"@type":"BreadcrumbList","@id":"https:\/\/www.fernco.de\/fr\/produit\/bague-de-transition-ur#breadcrumb","itemListElement":[{"@type":"ListItem","position":1,"name":"Home","item":"https:\/\/www.fernco.de\/fr"},{"@type":"ListItem","position":2,"name":"Produits","item":"https:\/\/www.fernco.de\/fr\/shop"},{"@type":"ListItem","position":3,"name":"Bague de transition UR"}]},{"@type":"WebSite","@id":"https:\/\/www.fernco.de\/fr#website","url":"https:\/\/www.fernco.de\/fr","name":"Fernco","description":"Flexible Couplings, Drainage &amp; Plumbing Systems","publisher":{"@id":"https:\/\/www.fernco.de\/fr#organization"},"potentialAction":[{"@type":"SearchAction","target":{"@type":"EntryPoint","urlTemplate":"https:\/\/www.fernco.de\/fr?s={search_term_string}"},"query-input":"required name=search_term_string"}],"inLanguage":"fr-FR"},{"@type":"Organization","@id":"https:\/\/www.fernco.de\/fr#organization","name":"Fernco GmbH","alternateName":"Fernco","url":"https:\/\/www.fernco.de\/fr","logo":{"@type":"ImageObject","inLanguage":"fr-FR","@id":"https:\/\/www.fernco.de\/fr#\/schema\/logo\/image\/","url":"https:\/\/www.fernco.de\/wp-content\/uploads\/2022\/06\/fernco-logo.png","contentUrl":"https:\/\/www.fernco.de\/wp-content\/uploads\/2022\/06\/fernco-logo.png","width":287,"height":50,"caption":"Fernco GmbH"},"image":{"@id":"https:\/\/www.fernco.de\/fr#\/schema\/logo\/image\/"},"sameAs":["https:\/\/www.facebook.com\/Flexseal","https:\/\/x.com\/FlexsealUK"]}]}},"_links":{"self":[{"href":"https:\/\/www.fernco.de\/fr\/wp-json\/wp\/v2\/product\/35877"}],"collection":[{"href":"https:\/\/www.fernco.de\/fr\/wp-json\/wp\/v2\/product"}],"about":[{"href":"https:\/\/www.fernco.de\/fr\/wp-json\/wp\/v2\/types\/product"}],"wp:featuredmedia":[{"embeddable":true,"href":"https:\/\/www.fernco.de\/fr\/wp-json\/wp\/v2\/media\/35878"}],"wp:attachment":[{"href":"https:\/\/www.fernco.de\/fr\/wp-json\/wp\/v2\/media?parent=35877"}],"wp:term":[{"taxonomy":"product_cat","embeddable":true,"href":"https:\/\/www.fernco.de\/fr\/wp-json\/wp\/v2\/product_cat?post=35877"},{"taxonomy":"product_tag","embeddable":true,"href":"https:\/\/www.fernco.de\/fr\/wp-json\/wp\/v2\/product_tag?post=35877"}],"curies":[{"name":"wp","href":"https:\/\/api.w.org\/{rel}","templated":true}]}}