{"id":35889,"date":"2019-04-26T13:09:42","date_gmt":"2025-06-05T07:23:21","guid":{"rendered":"https:\/\/www.fernco.de\/?post_type=product&#038;p=35889"},"modified":"2025-12-11T14:38:44","modified_gmt":"2025-12-11T14:38:44","slug":"lubrifiant-pour-tuyaux-pl","status":"publish","type":"product","link":"https:\/\/www.fernco.de\/fr\/produit\/lubrifiant-pour-tuyaux-pl","title":{"rendered":"Lubrifiant pour tuyaux PL"},"content":{"rendered":"<p>GM30-K GM250-K GM500-K GM1-K GM1-KT GM3-K GM5-K GM1 GM3 GM5 GM5-B GM<br \/>\nPL250NX PL500NX PL1NX PL1-KT PL3NX PL5NX PL1SB PL3SB PL5SB PL5DSO PL<\/p>\n<p>Gleitmittel pipe lubricant lubrifiant<\/p>\n<p>KG KG2000 PVC Kunststoffrohre d\u00fcnnwandiges glattes Rohr PVCu plastics pipes Thin-Walled Pipe smooth Tubes en plastique Rury plastikowe cienko\u015bcienne g\u0142adkie<br \/>\nBetonrohre concrete pipes asbestos Tubes en b\u00e9ton Rury betonowe<br \/>\nSteinzeugrohre eurotop vitrified clay pipes Tuyaux en gr\u00e8s Rury kamionkowe<br \/>\ngeripptes gewelltes Rohre Rippen kunststoff plastik strukturiertes Wellen doppelwandiges Robukan UR UltraRib ribbed ribs structured pipes twin-walled tube nervur\u00e9 ondul\u00e9 Rury faliste plastikowe dwu\u015bcienne<br \/>\nSML Gussrohre Gusseisen GGG cast ductile iron pipes Tuyaux en fonte Rury \u017celiwne \u017beliwo<br \/>\nAbwasserrohre Abflusssysteme Kanal Kanalisation sewage pipes systems Tuyaux d&rsquo;\u00e9vacuation Syst\u00e8mes d&rsquo;\u00e9vacuation Rury kanalizacyjne Systemy odwadniaj\u0105ce Kanalizacja Sanit\u00e4r<br \/>\nInstallation Montage Einbau K\u00f6rnung granulation<\/p>\n<p>biodegradable pipe joints<\/p>\n<p>raccords de tuyaux KG tuyaux en plastique tuyaux en b\u00e9ton tuyaux en gr\u00e8s cannel\u00e9s cannelures tuyaux d&rsquo;\u00e9vacuation syst\u00e8mes d&rsquo;\u00e9vacuation sanitaires installation montage bleu blanc gris granulom\u00e9trie<br \/>\nRohrverbindungen pipe connections joints Raccords de tuyaux Po\u0142\u0105czenia rurowe<\/p>\n<p>blau blue bleu niebieski<br \/>\nwei\u00df white blanc bia\u0142y bialy<br \/>\ngrau gray grey gris szary<\/p>\n","protected":false},"excerpt":{"rendered":"<p>Le lubrifiant pour tuyaux est un \u00e9l\u00e9ment essentiel pour les installateurs lors de la mise en place de syst\u00e8me de drainage. La gamme Fernco comprend des lubrifiants adapt\u00e9s pour les tuyaux en plastique, gr\u00e8s et b\u00e9ton, disponibles en diff\u00e9rents formats de tubes.<\/p>\n<ul>\n<li>Indispensable pour faciliter l&rsquo;installation des syst\u00e8mes de drainage<\/li>\n<li>Compatible avec les mat\u00e9riaux de tuyaux les plus courants<\/li>\n<li>Emballage refermable pour une utilisation r\u00e9p\u00e9t\u00e9e<\/li>\n<li>Conditionnement robuste, adapt\u00e9 aux conditions de chantier<\/li>\n<li>Facile \u00e0 utiliser<\/li>\n<\/ul>\n","protected":false},"featured_media":35890,"template":"","meta":{"_acf_changed":false,"_mi_skip_tracking":false,"_monsterinsights_sitenote_active":false,"_monsterinsights_sitenote_note":"","_monsterinsights_sitenote_category":0},"product_cat":[237],"product_tag":[],"acf":[],"yoast_head":"<!-- This site is optimized with the Yoast SEO plugin v22.7 - https:\/\/yoast.com\/wordpress\/plugins\/seo\/ -->\n<title>Lubrifiant pour tuyaux PL | Fernco<\/title>\n<meta name=\"description\" content=\"Le lubrifiant Fernco r\u00e9duit les forces d&#039;insertion lors de l&#039;installation des raccords de tuyaux. Disponible pour tous les types de tuyaux. Biod\u00e9gradable.\" \/>\n<meta name=\"robots\" content=\"index, follow, max-snippet:-1, max-image-preview:large, max-video-preview:-1\" \/>\n<link rel=\"canonical\" href=\"https:\/\/www.fernco.de\/fr\/produit\/lubrifiant-pour-tuyaux-pl\" \/>\n<meta property=\"og:locale\" content=\"fr_FR\" \/>\n<meta property=\"og:type\" content=\"article\" \/>\n<meta property=\"og:title\" content=\"Lubrifiant pour tuyaux PL | Fernco\" \/>\n<meta property=\"og:description\" content=\"Le lubrifiant Fernco r\u00e9duit les forces d&#039;insertion lors de l&#039;installation des raccords de tuyaux. Disponible pour tous les types de tuyaux. Biod\u00e9gradable.\" \/>\n<meta property=\"og:url\" content=\"https:\/\/www.fernco.de\/fr\/produit\/lubrifiant-pour-tuyaux-pl\" \/>\n<meta property=\"og:site_name\" content=\"Fernco\" \/>\n<meta property=\"article:publisher\" content=\"https:\/\/www.facebook.com\/Flexseal\" \/>\n<meta property=\"article:modified_time\" content=\"2025-12-11T14:38:44+00:00\" \/>\n<meta property=\"og:image\" content=\"https:\/\/www.fernco.de\/wp-content\/uploads\/2020\/02\/Pipe-Lubricant-Isolated.png\" \/>\n\t<meta property=\"og:image:width\" content=\"800\" \/>\n\t<meta property=\"og:image:height\" content=\"450\" \/>\n\t<meta property=\"og:image:type\" content=\"image\/png\" \/>\n<meta name=\"twitter:card\" content=\"summary_large_image\" \/>\n<meta name=\"twitter:site\" content=\"@FlexsealUK\" \/>\n<meta name=\"twitter:label1\" content=\"Dur\u00e9e de lecture estim\u00e9e\" \/>\n\t<meta name=\"twitter:data1\" content=\"2 minutes\" \/>\n<script type=\"application\/ld+json\" class=\"yoast-schema-graph\">{\"@context\":\"https:\/\/schema.org\",\"@graph\":[{\"@type\":\"WebPage\",\"@id\":\"https:\/\/www.fernco.de\/fr\/produit\/lubrifiant-pour-tuyaux-pl\",\"url\":\"https:\/\/www.fernco.de\/fr\/produit\/lubrifiant-pour-tuyaux-pl\",\"name\":\"Lubrifiant pour tuyaux PL | Fernco\",\"isPartOf\":{\"@id\":\"https:\/\/www.fernco.de\/fr#website\"},\"primaryImageOfPage\":{\"@id\":\"https:\/\/www.fernco.de\/fr\/produit\/lubrifiant-pour-tuyaux-pl#primaryimage\"},\"image\":{\"@id\":\"https:\/\/www.fernco.de\/fr\/produit\/lubrifiant-pour-tuyaux-pl#primaryimage\"},\"thumbnailUrl\":\"https:\/\/www.fernco.de\/wp-content\/uploads\/2020\/02\/Pipe-Lubricant-Isolated.png\",\"datePublished\":\"2025-06-05T07:23:21+00:00\",\"dateModified\":\"2025-12-11T14:38:44+00:00\",\"description\":\"Le lubrifiant Fernco r\u00e9duit les forces d'insertion lors de l'installation des raccords de tuyaux. Disponible pour tous les types de tuyaux. Biod\u00e9gradable.\",\"breadcrumb\":{\"@id\":\"https:\/\/www.fernco.de\/fr\/produit\/lubrifiant-pour-tuyaux-pl#breadcrumb\"},\"inLanguage\":\"fr-FR\",\"potentialAction\":[{\"@type\":\"ReadAction\",\"target\":[\"https:\/\/www.fernco.de\/fr\/produit\/lubrifiant-pour-tuyaux-pl\"]}]},{\"@type\":\"ImageObject\",\"inLanguage\":\"fr-FR\",\"@id\":\"https:\/\/www.fernco.de\/fr\/produit\/lubrifiant-pour-tuyaux-pl#primaryimage\",\"url\":\"https:\/\/www.fernco.de\/wp-content\/uploads\/2020\/02\/Pipe-Lubricant-Isolated.png\",\"contentUrl\":\"https:\/\/www.fernco.de\/wp-content\/uploads\/2020\/02\/Pipe-Lubricant-Isolated.png\",\"width\":800,\"height\":450},{\"@type\":\"BreadcrumbList\",\"@id\":\"https:\/\/www.fernco.de\/fr\/produit\/lubrifiant-pour-tuyaux-pl#breadcrumb\",\"itemListElement\":[{\"@type\":\"ListItem\",\"position\":1,\"name\":\"Home\",\"item\":\"https:\/\/www.fernco.de\/fr\"},{\"@type\":\"ListItem\",\"position\":2,\"name\":\"Produits\",\"item\":\"https:\/\/www.fernco.de\/fr\/shop\"},{\"@type\":\"ListItem\",\"position\":3,\"name\":\"Lubrifiant pour tuyaux PL\"}]},{\"@type\":\"WebSite\",\"@id\":\"https:\/\/www.fernco.de\/fr#website\",\"url\":\"https:\/\/www.fernco.de\/fr\",\"name\":\"Fernco\",\"description\":\"Flexible Couplings, Drainage &amp; Plumbing Systems\",\"publisher\":{\"@id\":\"https:\/\/www.fernco.de\/fr#organization\"},\"potentialAction\":[{\"@type\":\"SearchAction\",\"target\":{\"@type\":\"EntryPoint\",\"urlTemplate\":\"https:\/\/www.fernco.de\/fr?s={search_term_string}\"},\"query-input\":\"required name=search_term_string\"}],\"inLanguage\":\"fr-FR\"},{\"@type\":\"Organization\",\"@id\":\"https:\/\/www.fernco.de\/fr#organization\",\"name\":\"Fernco GmbH\",\"alternateName\":\"Fernco\",\"url\":\"https:\/\/www.fernco.de\/fr\",\"logo\":{\"@type\":\"ImageObject\",\"inLanguage\":\"fr-FR\",\"@id\":\"https:\/\/www.fernco.de\/fr#\/schema\/logo\/image\/\",\"url\":\"https:\/\/www.fernco.de\/wp-content\/uploads\/2022\/06\/fernco-logo.png\",\"contentUrl\":\"https:\/\/www.fernco.de\/wp-content\/uploads\/2022\/06\/fernco-logo.png\",\"width\":287,\"height\":50,\"caption\":\"Fernco GmbH\"},\"image\":{\"@id\":\"https:\/\/www.fernco.de\/fr#\/schema\/logo\/image\/\"},\"sameAs\":[\"https:\/\/www.facebook.com\/Flexseal\",\"https:\/\/x.com\/FlexsealUK\"]}]}<\/script>\n<!-- \/ Yoast SEO plugin. -->","yoast_head_json":{"title":"Lubrifiant pour tuyaux PL | Fernco","description":"Le lubrifiant Fernco r\u00e9duit les forces d'insertion lors de l'installation des raccords de tuyaux. Disponible pour tous les types de tuyaux. Biod\u00e9gradable.","robots":{"index":"index","follow":"follow","max-snippet":"max-snippet:-1","max-image-preview":"max-image-preview:large","max-video-preview":"max-video-preview:-1"},"canonical":"https:\/\/www.fernco.de\/fr\/produit\/lubrifiant-pour-tuyaux-pl","og_locale":"fr_FR","og_type":"article","og_title":"Lubrifiant pour tuyaux PL | Fernco","og_description":"Le lubrifiant Fernco r\u00e9duit les forces d'insertion lors de l'installation des raccords de tuyaux. Disponible pour tous les types de tuyaux. Biod\u00e9gradable.","og_url":"https:\/\/www.fernco.de\/fr\/produit\/lubrifiant-pour-tuyaux-pl","og_site_name":"Fernco","article_publisher":"https:\/\/www.facebook.com\/Flexseal","article_modified_time":"2025-12-11T14:38:44+00:00","og_image":[{"width":800,"height":450,"url":"https:\/\/www.fernco.de\/wp-content\/uploads\/2020\/02\/Pipe-Lubricant-Isolated.png","type":"image\/png"}],"twitter_card":"summary_large_image","twitter_site":"@FlexsealUK","twitter_misc":{"Dur\u00e9e de lecture estim\u00e9e":"2 minutes"},"schema":{"@context":"https:\/\/schema.org","@graph":[{"@type":"WebPage","@id":"https:\/\/www.fernco.de\/fr\/produit\/lubrifiant-pour-tuyaux-pl","url":"https:\/\/www.fernco.de\/fr\/produit\/lubrifiant-pour-tuyaux-pl","name":"Lubrifiant pour tuyaux PL | Fernco","isPartOf":{"@id":"https:\/\/www.fernco.de\/fr#website"},"primaryImageOfPage":{"@id":"https:\/\/www.fernco.de\/fr\/produit\/lubrifiant-pour-tuyaux-pl#primaryimage"},"image":{"@id":"https:\/\/www.fernco.de\/fr\/produit\/lubrifiant-pour-tuyaux-pl#primaryimage"},"thumbnailUrl":"https:\/\/www.fernco.de\/wp-content\/uploads\/2020\/02\/Pipe-Lubricant-Isolated.png","datePublished":"2025-06-05T07:23:21+00:00","dateModified":"2025-12-11T14:38:44+00:00","description":"Le lubrifiant Fernco r\u00e9duit les forces d'insertion lors de l'installation des raccords de tuyaux. Disponible pour tous les types de tuyaux. Biod\u00e9gradable.","breadcrumb":{"@id":"https:\/\/www.fernco.de\/fr\/produit\/lubrifiant-pour-tuyaux-pl#breadcrumb"},"inLanguage":"fr-FR","potentialAction":[{"@type":"ReadAction","target":["https:\/\/www.fernco.de\/fr\/produit\/lubrifiant-pour-tuyaux-pl"]}]},{"@type":"ImageObject","inLanguage":"fr-FR","@id":"https:\/\/www.fernco.de\/fr\/produit\/lubrifiant-pour-tuyaux-pl#primaryimage","url":"https:\/\/www.fernco.de\/wp-content\/uploads\/2020\/02\/Pipe-Lubricant-Isolated.png","contentUrl":"https:\/\/www.fernco.de\/wp-content\/uploads\/2020\/02\/Pipe-Lubricant-Isolated.png","width":800,"height":450},{"@type":"BreadcrumbList","@id":"https:\/\/www.fernco.de\/fr\/produit\/lubrifiant-pour-tuyaux-pl#breadcrumb","itemListElement":[{"@type":"ListItem","position":1,"name":"Home","item":"https:\/\/www.fernco.de\/fr"},{"@type":"ListItem","position":2,"name":"Produits","item":"https:\/\/www.fernco.de\/fr\/shop"},{"@type":"ListItem","position":3,"name":"Lubrifiant pour tuyaux PL"}]},{"@type":"WebSite","@id":"https:\/\/www.fernco.de\/fr#website","url":"https:\/\/www.fernco.de\/fr","name":"Fernco","description":"Flexible Couplings, Drainage &amp; Plumbing Systems","publisher":{"@id":"https:\/\/www.fernco.de\/fr#organization"},"potentialAction":[{"@type":"SearchAction","target":{"@type":"EntryPoint","urlTemplate":"https:\/\/www.fernco.de\/fr?s={search_term_string}"},"query-input":"required name=search_term_string"}],"inLanguage":"fr-FR"},{"@type":"Organization","@id":"https:\/\/www.fernco.de\/fr#organization","name":"Fernco GmbH","alternateName":"Fernco","url":"https:\/\/www.fernco.de\/fr","logo":{"@type":"ImageObject","inLanguage":"fr-FR","@id":"https:\/\/www.fernco.de\/fr#\/schema\/logo\/image\/","url":"https:\/\/www.fernco.de\/wp-content\/uploads\/2022\/06\/fernco-logo.png","contentUrl":"https:\/\/www.fernco.de\/wp-content\/uploads\/2022\/06\/fernco-logo.png","width":287,"height":50,"caption":"Fernco GmbH"},"image":{"@id":"https:\/\/www.fernco.de\/fr#\/schema\/logo\/image\/"},"sameAs":["https:\/\/www.facebook.com\/Flexseal","https:\/\/x.com\/FlexsealUK"]}]}},"_links":{"self":[{"href":"https:\/\/www.fernco.de\/fr\/wp-json\/wp\/v2\/product\/35889"}],"collection":[{"href":"https:\/\/www.fernco.de\/fr\/wp-json\/wp\/v2\/product"}],"about":[{"href":"https:\/\/www.fernco.de\/fr\/wp-json\/wp\/v2\/types\/product"}],"wp:featuredmedia":[{"embeddable":true,"href":"https:\/\/www.fernco.de\/fr\/wp-json\/wp\/v2\/media\/35890"}],"wp:attachment":[{"href":"https:\/\/www.fernco.de\/fr\/wp-json\/wp\/v2\/media?parent=35889"}],"wp:term":[{"taxonomy":"product_cat","embeddable":true,"href":"https:\/\/www.fernco.de\/fr\/wp-json\/wp\/v2\/product_cat?post=35889"},{"taxonomy":"product_tag","embeddable":true,"href":"https:\/\/www.fernco.de\/fr\/wp-json\/wp\/v2\/product_tag?post=35889"}],"curies":[{"name":"wp","href":"https:\/\/api.w.org\/{rel}","templated":true}]}}