{"id":35898,"date":"2020-10-27T08:35:14","date_gmt":"2025-06-05T08:56:59","guid":{"rendered":"https:\/\/www.fernco.de\/?post_type=product&#038;p=35898"},"modified":"2025-12-11T14:37:52","modified_gmt":"2025-12-11T14:37:52","slug":"anneau-phonique-pate-a-joint-akr-akrp","status":"publish","type":"product","link":"https:\/\/www.fernco.de\/fr\/produit\/anneau-phonique-pate-a-joint-akr-akrp","title":{"rendered":"Anneau phonique\/ p\u00e2te \u00e0 joint AKR \/ AKRP"},"content":{"rendered":"<p>AKR19584 AKR4290 AKR4055 AKRP-430 AKR AKRP<br \/>\nAntiklapperring Antiklapperpasste Pier\u015bcie\u0144 \/ pasta wyciszaj\u0105cy(a) ged\u00e4mpfte Einlage Sch\u00e4chte noise reduction rattling clattering sealing traffic manhole covers damping insert sewer chute drames protect cover support Kanalschachtrahmen Schachtdeckel Kanaldeckel Deckel Verkehr Stra\u00dfe streethydrant rectangular round oval rund eckig eco-friendly umweltschonend<\/p>\n<p>V-LDPE PE-VLD schwarz black noir czarny grau grey gray gris szary Polyethylene PE<\/p>\n","protected":false},"excerpt":{"rendered":"<p>Les anneaux phoniques Fernco emp\u00eachent de mani\u00e8re fiable les couvercles de regards de cliqueter en tant qu&rsquo;insert amortissant dans les cadres de regards et prot\u00e8gent les supports du couvercle.<\/p>\n<p><strong>Avantages du produit :<\/strong><\/p>\n<ul>\n<li>Pr\u00e9vient de mani\u00e8re efficace les bruits de cliquetis<\/li>\n<li>Installation facile<\/li>\n<li>S&rsquo;adapte parfaitement \u00e0 la forme<\/li>\n<li>Remise en circulation rapide<\/li>\n<\/ul>\n","protected":false},"featured_media":35899,"template":"","meta":{"_acf_changed":false,"_mi_skip_tracking":false,"_monsterinsights_sitenote_active":false,"_monsterinsights_sitenote_note":"","_monsterinsights_sitenote_category":0},"product_cat":[237],"product_tag":[],"acf":[],"yoast_head":"<!-- This site is optimized with the Yoast SEO plugin v22.7 - https:\/\/yoast.com\/wordpress\/plugins\/seo\/ -->\n<title>Anneau phonique\/ p\u00e2te \u00e0 joint AKR \/ AKRP | Fernco<\/title>\n<meta name=\"description\" content=\"En tant qu&#039;insert amortissant dans les cadres de regards, les solutions de r\u00e9duction du bruit (anneau phonique, p\u00e2te \u00e0 joint) Fernco emp\u00eachent de mani\u00e8re fiable les couvercles de regards de cliqueter et prot\u00e8gent les supports du couvercle.\" \/>\n<meta name=\"robots\" content=\"index, follow, max-snippet:-1, max-image-preview:large, max-video-preview:-1\" \/>\n<link rel=\"canonical\" href=\"https:\/\/www.fernco.de\/fr\/produit\/anneau-phonique-pate-a-joint-akr-akrp\" \/>\n<meta property=\"og:locale\" content=\"fr_FR\" \/>\n<meta property=\"og:type\" content=\"article\" \/>\n<meta property=\"og:title\" content=\"Anneau phonique\/ p\u00e2te \u00e0 joint AKR \/ AKRP | Fernco\" \/>\n<meta property=\"og:description\" content=\"En tant qu&#039;insert amortissant dans les cadres de regards, les solutions de r\u00e9duction du bruit (anneau phonique, p\u00e2te \u00e0 joint) Fernco emp\u00eachent de mani\u00e8re fiable les couvercles de regards de cliqueter et prot\u00e8gent les supports du couvercle.\" \/>\n<meta property=\"og:url\" content=\"https:\/\/www.fernco.de\/fr\/produit\/anneau-phonique-pate-a-joint-akr-akrp\" \/>\n<meta property=\"og:site_name\" content=\"Fernco\" \/>\n<meta property=\"article:publisher\" content=\"https:\/\/www.facebook.com\/Flexseal\" \/>\n<meta property=\"article:modified_time\" content=\"2025-12-11T14:37:52+00:00\" \/>\n<meta property=\"og:image\" content=\"https:\/\/www.fernco.de\/wp-content\/uploads\/2023\/05\/AKR_700x394.png\" \/>\n\t<meta property=\"og:image:width\" content=\"700\" \/>\n\t<meta property=\"og:image:height\" content=\"394\" \/>\n\t<meta property=\"og:image:type\" content=\"image\/png\" \/>\n<meta name=\"twitter:card\" content=\"summary_large_image\" \/>\n<meta name=\"twitter:site\" content=\"@FlexsealUK\" \/>\n<meta name=\"twitter:label1\" content=\"Dur\u00e9e de lecture estim\u00e9e\" \/>\n\t<meta name=\"twitter:data1\" content=\"1 minute\" \/>\n<script type=\"application\/ld+json\" class=\"yoast-schema-graph\">{\"@context\":\"https:\/\/schema.org\",\"@graph\":[{\"@type\":\"WebPage\",\"@id\":\"https:\/\/www.fernco.de\/fr\/produit\/anneau-phonique-pate-a-joint-akr-akrp\",\"url\":\"https:\/\/www.fernco.de\/fr\/produit\/anneau-phonique-pate-a-joint-akr-akrp\",\"name\":\"Anneau phonique\/ p\u00e2te \u00e0 joint AKR \/ AKRP | Fernco\",\"isPartOf\":{\"@id\":\"https:\/\/www.fernco.de\/fr#website\"},\"primaryImageOfPage\":{\"@id\":\"https:\/\/www.fernco.de\/fr\/produit\/anneau-phonique-pate-a-joint-akr-akrp#primaryimage\"},\"image\":{\"@id\":\"https:\/\/www.fernco.de\/fr\/produit\/anneau-phonique-pate-a-joint-akr-akrp#primaryimage\"},\"thumbnailUrl\":\"https:\/\/www.fernco.de\/wp-content\/uploads\/2023\/05\/AKR_700x394.png\",\"datePublished\":\"2025-06-05T08:56:59+00:00\",\"dateModified\":\"2025-12-11T14:37:52+00:00\",\"description\":\"En tant qu'insert amortissant dans les cadres de regards, les solutions de r\u00e9duction du bruit (anneau phonique, p\u00e2te \u00e0 joint) Fernco emp\u00eachent de mani\u00e8re fiable les couvercles de regards de cliqueter et prot\u00e8gent les supports du couvercle.\",\"breadcrumb\":{\"@id\":\"https:\/\/www.fernco.de\/fr\/produit\/anneau-phonique-pate-a-joint-akr-akrp#breadcrumb\"},\"inLanguage\":\"fr-FR\",\"potentialAction\":[{\"@type\":\"ReadAction\",\"target\":[\"https:\/\/www.fernco.de\/fr\/produit\/anneau-phonique-pate-a-joint-akr-akrp\"]}]},{\"@type\":\"ImageObject\",\"inLanguage\":\"fr-FR\",\"@id\":\"https:\/\/www.fernco.de\/fr\/produit\/anneau-phonique-pate-a-joint-akr-akrp#primaryimage\",\"url\":\"https:\/\/www.fernco.de\/wp-content\/uploads\/2023\/05\/AKR_700x394.png\",\"contentUrl\":\"https:\/\/www.fernco.de\/wp-content\/uploads\/2023\/05\/AKR_700x394.png\",\"width\":700,\"height\":394},{\"@type\":\"BreadcrumbList\",\"@id\":\"https:\/\/www.fernco.de\/fr\/produit\/anneau-phonique-pate-a-joint-akr-akrp#breadcrumb\",\"itemListElement\":[{\"@type\":\"ListItem\",\"position\":1,\"name\":\"Home\",\"item\":\"https:\/\/www.fernco.de\/fr\"},{\"@type\":\"ListItem\",\"position\":2,\"name\":\"Produits\",\"item\":\"https:\/\/www.fernco.de\/fr\/shop\"},{\"@type\":\"ListItem\",\"position\":3,\"name\":\"Anneau phonique\/ p\u00e2te \u00e0 joint AKR \/ AKRP\"}]},{\"@type\":\"WebSite\",\"@id\":\"https:\/\/www.fernco.de\/fr#website\",\"url\":\"https:\/\/www.fernco.de\/fr\",\"name\":\"Fernco\",\"description\":\"Flexible Couplings, Drainage &amp; Plumbing Systems\",\"publisher\":{\"@id\":\"https:\/\/www.fernco.de\/fr#organization\"},\"potentialAction\":[{\"@type\":\"SearchAction\",\"target\":{\"@type\":\"EntryPoint\",\"urlTemplate\":\"https:\/\/www.fernco.de\/fr?s={search_term_string}\"},\"query-input\":\"required name=search_term_string\"}],\"inLanguage\":\"fr-FR\"},{\"@type\":\"Organization\",\"@id\":\"https:\/\/www.fernco.de\/fr#organization\",\"name\":\"Fernco GmbH\",\"alternateName\":\"Fernco\",\"url\":\"https:\/\/www.fernco.de\/fr\",\"logo\":{\"@type\":\"ImageObject\",\"inLanguage\":\"fr-FR\",\"@id\":\"https:\/\/www.fernco.de\/fr#\/schema\/logo\/image\/\",\"url\":\"https:\/\/www.fernco.de\/wp-content\/uploads\/2022\/06\/fernco-logo.png\",\"contentUrl\":\"https:\/\/www.fernco.de\/wp-content\/uploads\/2022\/06\/fernco-logo.png\",\"width\":287,\"height\":50,\"caption\":\"Fernco GmbH\"},\"image\":{\"@id\":\"https:\/\/www.fernco.de\/fr#\/schema\/logo\/image\/\"},\"sameAs\":[\"https:\/\/www.facebook.com\/Flexseal\",\"https:\/\/x.com\/FlexsealUK\"]}]}<\/script>\n<!-- \/ Yoast SEO plugin. -->","yoast_head_json":{"title":"Anneau phonique\/ p\u00e2te \u00e0 joint AKR \/ AKRP | Fernco","description":"En tant qu'insert amortissant dans les cadres de regards, les solutions de r\u00e9duction du bruit (anneau phonique, p\u00e2te \u00e0 joint) Fernco emp\u00eachent de mani\u00e8re fiable les couvercles de regards de cliqueter et prot\u00e8gent les supports du couvercle.","robots":{"index":"index","follow":"follow","max-snippet":"max-snippet:-1","max-image-preview":"max-image-preview:large","max-video-preview":"max-video-preview:-1"},"canonical":"https:\/\/www.fernco.de\/fr\/produit\/anneau-phonique-pate-a-joint-akr-akrp","og_locale":"fr_FR","og_type":"article","og_title":"Anneau phonique\/ p\u00e2te \u00e0 joint AKR \/ AKRP | Fernco","og_description":"En tant qu'insert amortissant dans les cadres de regards, les solutions de r\u00e9duction du bruit (anneau phonique, p\u00e2te \u00e0 joint) Fernco emp\u00eachent de mani\u00e8re fiable les couvercles de regards de cliqueter et prot\u00e8gent les supports du couvercle.","og_url":"https:\/\/www.fernco.de\/fr\/produit\/anneau-phonique-pate-a-joint-akr-akrp","og_site_name":"Fernco","article_publisher":"https:\/\/www.facebook.com\/Flexseal","article_modified_time":"2025-12-11T14:37:52+00:00","og_image":[{"width":700,"height":394,"url":"https:\/\/www.fernco.de\/wp-content\/uploads\/2023\/05\/AKR_700x394.png","type":"image\/png"}],"twitter_card":"summary_large_image","twitter_site":"@FlexsealUK","twitter_misc":{"Dur\u00e9e de lecture estim\u00e9e":"1 minute"},"schema":{"@context":"https:\/\/schema.org","@graph":[{"@type":"WebPage","@id":"https:\/\/www.fernco.de\/fr\/produit\/anneau-phonique-pate-a-joint-akr-akrp","url":"https:\/\/www.fernco.de\/fr\/produit\/anneau-phonique-pate-a-joint-akr-akrp","name":"Anneau phonique\/ p\u00e2te \u00e0 joint AKR \/ AKRP | Fernco","isPartOf":{"@id":"https:\/\/www.fernco.de\/fr#website"},"primaryImageOfPage":{"@id":"https:\/\/www.fernco.de\/fr\/produit\/anneau-phonique-pate-a-joint-akr-akrp#primaryimage"},"image":{"@id":"https:\/\/www.fernco.de\/fr\/produit\/anneau-phonique-pate-a-joint-akr-akrp#primaryimage"},"thumbnailUrl":"https:\/\/www.fernco.de\/wp-content\/uploads\/2023\/05\/AKR_700x394.png","datePublished":"2025-06-05T08:56:59+00:00","dateModified":"2025-12-11T14:37:52+00:00","description":"En tant qu'insert amortissant dans les cadres de regards, les solutions de r\u00e9duction du bruit (anneau phonique, p\u00e2te \u00e0 joint) Fernco emp\u00eachent de mani\u00e8re fiable les couvercles de regards de cliqueter et prot\u00e8gent les supports du couvercle.","breadcrumb":{"@id":"https:\/\/www.fernco.de\/fr\/produit\/anneau-phonique-pate-a-joint-akr-akrp#breadcrumb"},"inLanguage":"fr-FR","potentialAction":[{"@type":"ReadAction","target":["https:\/\/www.fernco.de\/fr\/produit\/anneau-phonique-pate-a-joint-akr-akrp"]}]},{"@type":"ImageObject","inLanguage":"fr-FR","@id":"https:\/\/www.fernco.de\/fr\/produit\/anneau-phonique-pate-a-joint-akr-akrp#primaryimage","url":"https:\/\/www.fernco.de\/wp-content\/uploads\/2023\/05\/AKR_700x394.png","contentUrl":"https:\/\/www.fernco.de\/wp-content\/uploads\/2023\/05\/AKR_700x394.png","width":700,"height":394},{"@type":"BreadcrumbList","@id":"https:\/\/www.fernco.de\/fr\/produit\/anneau-phonique-pate-a-joint-akr-akrp#breadcrumb","itemListElement":[{"@type":"ListItem","position":1,"name":"Home","item":"https:\/\/www.fernco.de\/fr"},{"@type":"ListItem","position":2,"name":"Produits","item":"https:\/\/www.fernco.de\/fr\/shop"},{"@type":"ListItem","position":3,"name":"Anneau phonique\/ p\u00e2te \u00e0 joint AKR \/ AKRP"}]},{"@type":"WebSite","@id":"https:\/\/www.fernco.de\/fr#website","url":"https:\/\/www.fernco.de\/fr","name":"Fernco","description":"Flexible Couplings, Drainage &amp; Plumbing Systems","publisher":{"@id":"https:\/\/www.fernco.de\/fr#organization"},"potentialAction":[{"@type":"SearchAction","target":{"@type":"EntryPoint","urlTemplate":"https:\/\/www.fernco.de\/fr?s={search_term_string}"},"query-input":"required name=search_term_string"}],"inLanguage":"fr-FR"},{"@type":"Organization","@id":"https:\/\/www.fernco.de\/fr#organization","name":"Fernco GmbH","alternateName":"Fernco","url":"https:\/\/www.fernco.de\/fr","logo":{"@type":"ImageObject","inLanguage":"fr-FR","@id":"https:\/\/www.fernco.de\/fr#\/schema\/logo\/image\/","url":"https:\/\/www.fernco.de\/wp-content\/uploads\/2022\/06\/fernco-logo.png","contentUrl":"https:\/\/www.fernco.de\/wp-content\/uploads\/2022\/06\/fernco-logo.png","width":287,"height":50,"caption":"Fernco GmbH"},"image":{"@id":"https:\/\/www.fernco.de\/fr#\/schema\/logo\/image\/"},"sameAs":["https:\/\/www.facebook.com\/Flexseal","https:\/\/x.com\/FlexsealUK"]}]}},"_links":{"self":[{"href":"https:\/\/www.fernco.de\/fr\/wp-json\/wp\/v2\/product\/35898"}],"collection":[{"href":"https:\/\/www.fernco.de\/fr\/wp-json\/wp\/v2\/product"}],"about":[{"href":"https:\/\/www.fernco.de\/fr\/wp-json\/wp\/v2\/types\/product"}],"wp:featuredmedia":[{"embeddable":true,"href":"https:\/\/www.fernco.de\/fr\/wp-json\/wp\/v2\/media\/35899"}],"wp:attachment":[{"href":"https:\/\/www.fernco.de\/fr\/wp-json\/wp\/v2\/media?parent=35898"}],"wp:term":[{"taxonomy":"product_cat","embeddable":true,"href":"https:\/\/www.fernco.de\/fr\/wp-json\/wp\/v2\/product_cat?post=35898"},{"taxonomy":"product_tag","embeddable":true,"href":"https:\/\/www.fernco.de\/fr\/wp-json\/wp\/v2\/product_tag?post=35898"}],"curies":[{"name":"wp","href":"https:\/\/api.w.org\/{rel}","templated":true}]}}