{"id":35918,"date":"2023-09-07T08:51:23","date_gmt":"2025-06-05T11:55:00","guid":{"rendered":"https:\/\/www.fernco.de\/?post_type=product&#038;p=35918"},"modified":"2025-12-11T14:37:28","modified_gmt":"2025-12-11T14:37:28","slug":"adaptateur-combine-fca","status":"publish","type":"product","link":"https:\/\/www.fernco.de\/fr\/produit\/adaptateur-combine-fca","title":{"rendered":"Adaptateur combin\u00e9 FCA"},"content":{"rendered":"<p>FCA Handwerkerring Kombiadapter Kombi combination adaptor adapter r\u0119czny adapter combi<\/p>\n<p>FCA050-040 FCA064-050 FCA075-050 FCA096-075 FCA105-75 FCA105-90 FCA130-110 FCA150-110 FCA-SET7 FCA-SET8<\/p>\n<p>EPDM Gummi Eloastomere kautschuk UV best\u00e4ndig rubber resistant Caoutchouc \u00c9lastom\u00e8re r\u00e9sistant Guma Elastomery Odporne na promieniowanie<\/p>\n<p>Sanit\u00e4r Plumbing Plomberie Hydraulika Kanalizacja<br \/>\nHaustechnik bad Domestic sanitary bathroom Dometique Instalacja sanitarna<\/p>\n<p>Innenmanschetten steckverbinder steckverbindung inner internal couplings sleeves pushfit connections raccords Manchettes int\u00e9rieures Po\u0142\u0105czenia wewn\u0119trzne<br \/>\nwartungsfrei wartungsarm low maintenance free maintenance-free sans entretien bezobs\u0142ugowy<br \/>\nRohrverbindungen pipes connections joints Raccords de tuyaux po\u0142\u0105czenia rurowe<\/p>\n<p>DN50 DN58 DN64 DN70 DN75 DN83 DN96 DN100 DN105 DN110 DN118 DN123 DN130 DN150<\/p>\n","protected":false},"excerpt":{"rendered":"<p>Nos kits d&rsquo;adaptateurs combin\u00e9s regroupent les 6, 7 ou 8 adaptateurs les plus courants dans la gamme 32 &#8211; 130 mm, constituant ainsi l&rsquo;\u00e9quipement de base du secteur sanitaire. Ils permettent le raccordement de diam\u00e8tres internes et externes diff\u00e9rents, ainsi que de mat\u00e9riaux et surfaces vari\u00e9s. Une solution durable et sans entretien pour l&rsquo;assemblage des canalisations ! Les adaptateurs combin\u00e9s sont \u00e9galement disponibles \u00e0 l&rsquo;unit\u00e9.<\/p>\n<p><strong>Avantages :<\/strong><\/p>\n<ul>\n<li>Compatible avec toutes les canalisations d&rsquo;eaux us\u00e9es<\/li>\n<li>Manipulation facile : installation sans outils<\/li>\n<li>Courte distance de r\u00e9duction<\/li>\n<li>Installation possible en position horizontale et verticale<\/li>\n<li>R\u00e9sistant aux UV et aux intemp\u00e9ries<\/li>\n<li>Convient aux installations souterraines et encastr\u00e9es<\/li>\n<li>R\u00e9duction du bruit une fois install\u00e9<\/li>\n<\/ul>\n<p><strong>Important :<\/strong><\/p>\n<ul>\n<li>Respecter le sens d&rsquo;\u00e9coulement<\/li>\n<li>Plier ou d\u00e9tacher l&rsquo;adaptateur combin\u00e9 avant l&rsquo;installation<\/li>\n<\/ul>\n","protected":false},"featured_media":30237,"template":"","meta":{"_acf_changed":false,"_mi_skip_tracking":false,"_monsterinsights_sitenote_active":false,"_monsterinsights_sitenote_note":"","_monsterinsights_sitenote_category":0},"product_cat":[239,241],"product_tag":[],"acf":[],"yoast_head":"<!-- This site is optimized with the Yoast SEO plugin v22.7 - https:\/\/yoast.com\/wordpress\/plugins\/seo\/ -->\n<title>Adaptateur combin\u00e9 FCA | Fernco<\/title>\n<meta name=\"description\" content=\"Nos kits d&#039;adaptateurs combin\u00e9s regroupent les 6, 7 ou 8 adaptateurs les plus courants dans la gamme 32 - 130 mm, constituant ainsi l&#039;\u00e9quipement de base du secteur sanitaire.\" \/>\n<meta name=\"robots\" content=\"index, follow, max-snippet:-1, max-image-preview:large, max-video-preview:-1\" \/>\n<link rel=\"canonical\" href=\"https:\/\/www.fernco.de\/fr\/produit\/adaptateur-combine-fca\" \/>\n<meta property=\"og:locale\" content=\"fr_FR\" \/>\n<meta property=\"og:type\" content=\"article\" \/>\n<meta property=\"og:title\" content=\"Adaptateur combin\u00e9 FCA | Fernco\" \/>\n<meta property=\"og:description\" content=\"Nos kits d&#039;adaptateurs combin\u00e9s regroupent les 6, 7 ou 8 adaptateurs les plus courants dans la gamme 32 - 130 mm, constituant ainsi l&#039;\u00e9quipement de base du secteur sanitaire.\" \/>\n<meta property=\"og:url\" content=\"https:\/\/www.fernco.de\/fr\/produit\/adaptateur-combine-fca\" \/>\n<meta property=\"og:site_name\" content=\"Fernco\" \/>\n<meta property=\"article:publisher\" content=\"https:\/\/www.facebook.com\/Flexseal\" \/>\n<meta property=\"article:modified_time\" content=\"2025-12-11T14:37:28+00:00\" \/>\n<meta property=\"og:image\" content=\"https:\/\/www.fernco.de\/wp-content\/uploads\/2023\/09\/FCA_700x394.png\" \/>\n\t<meta property=\"og:image:width\" content=\"700\" \/>\n\t<meta property=\"og:image:height\" content=\"394\" \/>\n\t<meta property=\"og:image:type\" content=\"image\/png\" \/>\n<meta name=\"twitter:card\" content=\"summary_large_image\" \/>\n<meta name=\"twitter:site\" content=\"@FlexsealUK\" \/>\n<meta name=\"twitter:label1\" content=\"Dur\u00e9e de lecture estim\u00e9e\" \/>\n\t<meta name=\"twitter:data1\" content=\"1 minute\" \/>\n<script type=\"application\/ld+json\" class=\"yoast-schema-graph\">{\"@context\":\"https:\/\/schema.org\",\"@graph\":[{\"@type\":\"WebPage\",\"@id\":\"https:\/\/www.fernco.de\/fr\/produit\/adaptateur-combine-fca\",\"url\":\"https:\/\/www.fernco.de\/fr\/produit\/adaptateur-combine-fca\",\"name\":\"Adaptateur combin\u00e9 FCA | Fernco\",\"isPartOf\":{\"@id\":\"https:\/\/www.fernco.de\/fr#website\"},\"primaryImageOfPage\":{\"@id\":\"https:\/\/www.fernco.de\/fr\/produit\/adaptateur-combine-fca#primaryimage\"},\"image\":{\"@id\":\"https:\/\/www.fernco.de\/fr\/produit\/adaptateur-combine-fca#primaryimage\"},\"thumbnailUrl\":\"https:\/\/www.fernco.de\/wp-content\/uploads\/2023\/09\/FCA_700x394.png\",\"datePublished\":\"2025-06-05T11:55:00+00:00\",\"dateModified\":\"2025-12-11T14:37:28+00:00\",\"description\":\"Nos kits d'adaptateurs combin\u00e9s regroupent les 6, 7 ou 8 adaptateurs les plus courants dans la gamme 32 - 130 mm, constituant ainsi l'\u00e9quipement de base du secteur sanitaire.\",\"breadcrumb\":{\"@id\":\"https:\/\/www.fernco.de\/fr\/produit\/adaptateur-combine-fca#breadcrumb\"},\"inLanguage\":\"fr-FR\",\"potentialAction\":[{\"@type\":\"ReadAction\",\"target\":[\"https:\/\/www.fernco.de\/fr\/produit\/adaptateur-combine-fca\"]}]},{\"@type\":\"ImageObject\",\"inLanguage\":\"fr-FR\",\"@id\":\"https:\/\/www.fernco.de\/fr\/produit\/adaptateur-combine-fca#primaryimage\",\"url\":\"https:\/\/www.fernco.de\/wp-content\/uploads\/2023\/09\/FCA_700x394.png\",\"contentUrl\":\"https:\/\/www.fernco.de\/wp-content\/uploads\/2023\/09\/FCA_700x394.png\",\"width\":700,\"height\":394},{\"@type\":\"BreadcrumbList\",\"@id\":\"https:\/\/www.fernco.de\/fr\/produit\/adaptateur-combine-fca#breadcrumb\",\"itemListElement\":[{\"@type\":\"ListItem\",\"position\":1,\"name\":\"Home\",\"item\":\"https:\/\/www.fernco.de\/fr\"},{\"@type\":\"ListItem\",\"position\":2,\"name\":\"Produits\",\"item\":\"https:\/\/www.fernco.de\/fr\/shop\"},{\"@type\":\"ListItem\",\"position\":3,\"name\":\"Adaptateur combin\u00e9 FCA\"}]},{\"@type\":\"WebSite\",\"@id\":\"https:\/\/www.fernco.de\/fr#website\",\"url\":\"https:\/\/www.fernco.de\/fr\",\"name\":\"Fernco\",\"description\":\"Flexible Couplings, Drainage &amp; Plumbing Systems\",\"publisher\":{\"@id\":\"https:\/\/www.fernco.de\/fr#organization\"},\"potentialAction\":[{\"@type\":\"SearchAction\",\"target\":{\"@type\":\"EntryPoint\",\"urlTemplate\":\"https:\/\/www.fernco.de\/fr?s={search_term_string}\"},\"query-input\":\"required name=search_term_string\"}],\"inLanguage\":\"fr-FR\"},{\"@type\":\"Organization\",\"@id\":\"https:\/\/www.fernco.de\/fr#organization\",\"name\":\"Fernco GmbH\",\"alternateName\":\"Fernco\",\"url\":\"https:\/\/www.fernco.de\/fr\",\"logo\":{\"@type\":\"ImageObject\",\"inLanguage\":\"fr-FR\",\"@id\":\"https:\/\/www.fernco.de\/fr#\/schema\/logo\/image\/\",\"url\":\"https:\/\/www.fernco.de\/wp-content\/uploads\/2022\/06\/fernco-logo.png\",\"contentUrl\":\"https:\/\/www.fernco.de\/wp-content\/uploads\/2022\/06\/fernco-logo.png\",\"width\":287,\"height\":50,\"caption\":\"Fernco GmbH\"},\"image\":{\"@id\":\"https:\/\/www.fernco.de\/fr#\/schema\/logo\/image\/\"},\"sameAs\":[\"https:\/\/www.facebook.com\/Flexseal\",\"https:\/\/x.com\/FlexsealUK\"]}]}<\/script>\n<!-- \/ Yoast SEO plugin. -->","yoast_head_json":{"title":"Adaptateur combin\u00e9 FCA | Fernco","description":"Nos kits d'adaptateurs combin\u00e9s regroupent les 6, 7 ou 8 adaptateurs les plus courants dans la gamme 32 - 130 mm, constituant ainsi l'\u00e9quipement de base du secteur sanitaire.","robots":{"index":"index","follow":"follow","max-snippet":"max-snippet:-1","max-image-preview":"max-image-preview:large","max-video-preview":"max-video-preview:-1"},"canonical":"https:\/\/www.fernco.de\/fr\/produit\/adaptateur-combine-fca","og_locale":"fr_FR","og_type":"article","og_title":"Adaptateur combin\u00e9 FCA | Fernco","og_description":"Nos kits d'adaptateurs combin\u00e9s regroupent les 6, 7 ou 8 adaptateurs les plus courants dans la gamme 32 - 130 mm, constituant ainsi l'\u00e9quipement de base du secteur sanitaire.","og_url":"https:\/\/www.fernco.de\/fr\/produit\/adaptateur-combine-fca","og_site_name":"Fernco","article_publisher":"https:\/\/www.facebook.com\/Flexseal","article_modified_time":"2025-12-11T14:37:28+00:00","og_image":[{"width":700,"height":394,"url":"https:\/\/www.fernco.de\/wp-content\/uploads\/2023\/09\/FCA_700x394.png","type":"image\/png"}],"twitter_card":"summary_large_image","twitter_site":"@FlexsealUK","twitter_misc":{"Dur\u00e9e de lecture estim\u00e9e":"1 minute"},"schema":{"@context":"https:\/\/schema.org","@graph":[{"@type":"WebPage","@id":"https:\/\/www.fernco.de\/fr\/produit\/adaptateur-combine-fca","url":"https:\/\/www.fernco.de\/fr\/produit\/adaptateur-combine-fca","name":"Adaptateur combin\u00e9 FCA | Fernco","isPartOf":{"@id":"https:\/\/www.fernco.de\/fr#website"},"primaryImageOfPage":{"@id":"https:\/\/www.fernco.de\/fr\/produit\/adaptateur-combine-fca#primaryimage"},"image":{"@id":"https:\/\/www.fernco.de\/fr\/produit\/adaptateur-combine-fca#primaryimage"},"thumbnailUrl":"https:\/\/www.fernco.de\/wp-content\/uploads\/2023\/09\/FCA_700x394.png","datePublished":"2025-06-05T11:55:00+00:00","dateModified":"2025-12-11T14:37:28+00:00","description":"Nos kits d'adaptateurs combin\u00e9s regroupent les 6, 7 ou 8 adaptateurs les plus courants dans la gamme 32 - 130 mm, constituant ainsi l'\u00e9quipement de base du secteur sanitaire.","breadcrumb":{"@id":"https:\/\/www.fernco.de\/fr\/produit\/adaptateur-combine-fca#breadcrumb"},"inLanguage":"fr-FR","potentialAction":[{"@type":"ReadAction","target":["https:\/\/www.fernco.de\/fr\/produit\/adaptateur-combine-fca"]}]},{"@type":"ImageObject","inLanguage":"fr-FR","@id":"https:\/\/www.fernco.de\/fr\/produit\/adaptateur-combine-fca#primaryimage","url":"https:\/\/www.fernco.de\/wp-content\/uploads\/2023\/09\/FCA_700x394.png","contentUrl":"https:\/\/www.fernco.de\/wp-content\/uploads\/2023\/09\/FCA_700x394.png","width":700,"height":394},{"@type":"BreadcrumbList","@id":"https:\/\/www.fernco.de\/fr\/produit\/adaptateur-combine-fca#breadcrumb","itemListElement":[{"@type":"ListItem","position":1,"name":"Home","item":"https:\/\/www.fernco.de\/fr"},{"@type":"ListItem","position":2,"name":"Produits","item":"https:\/\/www.fernco.de\/fr\/shop"},{"@type":"ListItem","position":3,"name":"Adaptateur combin\u00e9 FCA"}]},{"@type":"WebSite","@id":"https:\/\/www.fernco.de\/fr#website","url":"https:\/\/www.fernco.de\/fr","name":"Fernco","description":"Flexible Couplings, Drainage &amp; Plumbing Systems","publisher":{"@id":"https:\/\/www.fernco.de\/fr#organization"},"potentialAction":[{"@type":"SearchAction","target":{"@type":"EntryPoint","urlTemplate":"https:\/\/www.fernco.de\/fr?s={search_term_string}"},"query-input":"required name=search_term_string"}],"inLanguage":"fr-FR"},{"@type":"Organization","@id":"https:\/\/www.fernco.de\/fr#organization","name":"Fernco GmbH","alternateName":"Fernco","url":"https:\/\/www.fernco.de\/fr","logo":{"@type":"ImageObject","inLanguage":"fr-FR","@id":"https:\/\/www.fernco.de\/fr#\/schema\/logo\/image\/","url":"https:\/\/www.fernco.de\/wp-content\/uploads\/2022\/06\/fernco-logo.png","contentUrl":"https:\/\/www.fernco.de\/wp-content\/uploads\/2022\/06\/fernco-logo.png","width":287,"height":50,"caption":"Fernco GmbH"},"image":{"@id":"https:\/\/www.fernco.de\/fr#\/schema\/logo\/image\/"},"sameAs":["https:\/\/www.facebook.com\/Flexseal","https:\/\/x.com\/FlexsealUK"]}]}},"_links":{"self":[{"href":"https:\/\/www.fernco.de\/fr\/wp-json\/wp\/v2\/product\/35918"}],"collection":[{"href":"https:\/\/www.fernco.de\/fr\/wp-json\/wp\/v2\/product"}],"about":[{"href":"https:\/\/www.fernco.de\/fr\/wp-json\/wp\/v2\/types\/product"}],"wp:featuredmedia":[{"embeddable":true,"href":"https:\/\/www.fernco.de\/fr\/wp-json\/wp\/v2\/media\/30237"}],"wp:attachment":[{"href":"https:\/\/www.fernco.de\/fr\/wp-json\/wp\/v2\/media?parent=35918"}],"wp:term":[{"taxonomy":"product_cat","embeddable":true,"href":"https:\/\/www.fernco.de\/fr\/wp-json\/wp\/v2\/product_cat?post=35918"},{"taxonomy":"product_tag","embeddable":true,"href":"https:\/\/www.fernco.de\/fr\/wp-json\/wp\/v2\/product_tag?post=35918"}],"curies":[{"name":"wp","href":"https:\/\/api.w.org\/{rel}","templated":true}]}}