{"id":35919,"date":"2024-01-23T12:24:41","date_gmt":"2025-06-05T12:35:07","guid":{"rendered":"https:\/\/www.fernco.de\/?post_type=product&#038;p=35919"},"modified":"2025-12-11T14:36:17","modified_gmt":"2025-12-11T14:36:17","slug":"soupape-dadmission-dair-aav","status":"publish","type":"product","link":"https:\/\/www.fernco.de\/fr\/produit\/soupape-dadmission-dair-aav","title":{"rendered":"Soupape d&rsquo;admission d&rsquo;air AAV"},"content":{"rendered":"<p>AAV50 AAV110 AAV82-110 AAV32-63 AAV70-110 FAF32W FAV110W FRG110W AAV F FRG FAF FAV<\/p>\n<p>ABS schlagfest impact resistant r\u00e9sistant aux chocs Kunststoff Plastik plastic plastique<br \/>\nEPDM Gummi rubber Caoutchouc Eloastomer \u00c9lastom\u00e8re r\u00e9sistant aux UV best\u00e4ndig resistant Guma Elastomery Odporne na promieniowanie<\/p>\n<p>wartungsfrei wartungsarm low maintenance-free sans entretien bezobs\u0142ugowy<\/p>\n<p>schnell quick rapide vite Steckverbindung push fit Connecteur enfichable Szybkie z\u0142\u0105cze wtykowe Wtyczka<br \/>\nKlebemuffe kleben glue<\/p>\n<p>wei\u00df white blanc bia\u0142y bialy schwarz black noir czarny<\/p>\n","protected":false},"excerpt":{"rendered":"<p>Les soupapes d&rsquo;admission d&rsquo;air AAV Fernco sont des valves sans entretien, fabriqu\u00e9es en ABS r\u00e9sistant aux chocs et con\u00e7ues pour une installation \u00e0 l&rsquo;int\u00e9rieur des b\u00e2timents.<\/p>\n<p><strong>Les avantages du produit en un coup d&rsquo;\u0153il :<\/strong><\/p>\n<ul>\n<li>Entr\u00e9e d&rsquo;air libre sans filtre ni grille, gr\u00e2ce \u00e0 un diaphragme \u00e9lastique permanent<\/li>\n<li>Conforme \u00e0 la norme DIN EN 12380:2002<\/li>\n<li>Pas de p\u00e9n\u00e9trations risqu\u00e9es et inutiles en toiture, notamment sur les toits plats ou \u00e0 proximit\u00e9 des puits de lumi\u00e8re<\/li>\n<li>Pas de pont thermique : emp\u00eache la condensation dangereuse sur la canalisation<\/li>\n<li>Aucun effet de chemin\u00e9e en cas d&rsquo;incendie : la propagation du feu est retard\u00e9e<\/li>\n<li>Pas de grille anti-insectes ni d&rsquo;autres barri\u00e8res n\u00e9cessitant beaucoup d&rsquo;entretien<\/li>\n<\/ul>\n","protected":false},"featured_media":30387,"template":"","meta":{"_acf_changed":false,"_mi_skip_tracking":false,"_monsterinsights_sitenote_active":false,"_monsterinsights_sitenote_note":"","_monsterinsights_sitenote_category":0},"product_cat":[239,241],"product_tag":[],"acf":[],"yoast_head":"<!-- This site is optimized with the Yoast SEO plugin v22.7 - https:\/\/yoast.com\/wordpress\/plugins\/seo\/ -->\n<title>Soupape d&#039;admission d&#039;air AAV | Fernco<\/title>\n<meta name=\"description\" content=\"Les soupapes d&#039;admission d&#039;air AAV Fernco sont des valves sans entretien, fabriqu\u00e9es en ABS r\u00e9sistant aux chocs et con\u00e7ues pour une installation \u00e0 l&#039;int\u00e9rieur des b\u00e2timents.\" \/>\n<meta name=\"robots\" content=\"index, follow, max-snippet:-1, max-image-preview:large, max-video-preview:-1\" \/>\n<link rel=\"canonical\" href=\"https:\/\/www.fernco.de\/fr\/produit\/soupape-dadmission-dair-aav\" \/>\n<meta property=\"og:locale\" content=\"fr_FR\" \/>\n<meta property=\"og:type\" content=\"article\" \/>\n<meta property=\"og:title\" content=\"Soupape d&#039;admission d&#039;air AAV | Fernco\" \/>\n<meta property=\"og:description\" content=\"Les soupapes d&#039;admission d&#039;air AAV Fernco sont des valves sans entretien, fabriqu\u00e9es en ABS r\u00e9sistant aux chocs et con\u00e7ues pour une installation \u00e0 l&#039;int\u00e9rieur des b\u00e2timents.\" \/>\n<meta property=\"og:url\" content=\"https:\/\/www.fernco.de\/fr\/produit\/soupape-dadmission-dair-aav\" \/>\n<meta property=\"og:site_name\" content=\"Fernco\" \/>\n<meta property=\"article:publisher\" content=\"https:\/\/www.facebook.com\/Flexseal\" \/>\n<meta property=\"article:modified_time\" content=\"2025-12-11T14:36:17+00:00\" \/>\n<meta property=\"og:image\" content=\"https:\/\/www.fernco.de\/wp-content\/uploads\/2024\/01\/AAV-belueftungsventil.jpg\" \/>\n\t<meta property=\"og:image:width\" content=\"700\" \/>\n\t<meta property=\"og:image:height\" content=\"394\" \/>\n\t<meta property=\"og:image:type\" content=\"image\/jpeg\" \/>\n<meta name=\"twitter:card\" content=\"summary_large_image\" \/>\n<meta name=\"twitter:site\" content=\"@FlexsealUK\" \/>\n<meta name=\"twitter:label1\" content=\"Dur\u00e9e de lecture estim\u00e9e\" \/>\n\t<meta name=\"twitter:data1\" content=\"1 minute\" \/>\n<script type=\"application\/ld+json\" class=\"yoast-schema-graph\">{\"@context\":\"https:\/\/schema.org\",\"@graph\":[{\"@type\":\"WebPage\",\"@id\":\"https:\/\/www.fernco.de\/fr\/produit\/soupape-dadmission-dair-aav\",\"url\":\"https:\/\/www.fernco.de\/fr\/produit\/soupape-dadmission-dair-aav\",\"name\":\"Soupape d'admission d'air AAV | Fernco\",\"isPartOf\":{\"@id\":\"https:\/\/www.fernco.de\/fr#website\"},\"primaryImageOfPage\":{\"@id\":\"https:\/\/www.fernco.de\/fr\/produit\/soupape-dadmission-dair-aav#primaryimage\"},\"image\":{\"@id\":\"https:\/\/www.fernco.de\/fr\/produit\/soupape-dadmission-dair-aav#primaryimage\"},\"thumbnailUrl\":\"https:\/\/www.fernco.de\/wp-content\/uploads\/2024\/01\/AAV-belueftungsventil.jpg\",\"datePublished\":\"2025-06-05T12:35:07+00:00\",\"dateModified\":\"2025-12-11T14:36:17+00:00\",\"description\":\"Les soupapes d'admission d'air AAV Fernco sont des valves sans entretien, fabriqu\u00e9es en ABS r\u00e9sistant aux chocs et con\u00e7ues pour une installation \u00e0 l'int\u00e9rieur des b\u00e2timents.\",\"breadcrumb\":{\"@id\":\"https:\/\/www.fernco.de\/fr\/produit\/soupape-dadmission-dair-aav#breadcrumb\"},\"inLanguage\":\"fr-FR\",\"potentialAction\":[{\"@type\":\"ReadAction\",\"target\":[\"https:\/\/www.fernco.de\/fr\/produit\/soupape-dadmission-dair-aav\"]}]},{\"@type\":\"ImageObject\",\"inLanguage\":\"fr-FR\",\"@id\":\"https:\/\/www.fernco.de\/fr\/produit\/soupape-dadmission-dair-aav#primaryimage\",\"url\":\"https:\/\/www.fernco.de\/wp-content\/uploads\/2024\/01\/AAV-belueftungsventil.jpg\",\"contentUrl\":\"https:\/\/www.fernco.de\/wp-content\/uploads\/2024\/01\/AAV-belueftungsventil.jpg\",\"width\":700,\"height\":394},{\"@type\":\"BreadcrumbList\",\"@id\":\"https:\/\/www.fernco.de\/fr\/produit\/soupape-dadmission-dair-aav#breadcrumb\",\"itemListElement\":[{\"@type\":\"ListItem\",\"position\":1,\"name\":\"Home\",\"item\":\"https:\/\/www.fernco.de\/fr\"},{\"@type\":\"ListItem\",\"position\":2,\"name\":\"Produits\",\"item\":\"https:\/\/www.fernco.de\/fr\/shop\"},{\"@type\":\"ListItem\",\"position\":3,\"name\":\"Soupape d&#8217;admission d&#8217;air AAV\"}]},{\"@type\":\"WebSite\",\"@id\":\"https:\/\/www.fernco.de\/fr#website\",\"url\":\"https:\/\/www.fernco.de\/fr\",\"name\":\"Fernco\",\"description\":\"Flexible Couplings, Drainage &amp; Plumbing Systems\",\"publisher\":{\"@id\":\"https:\/\/www.fernco.de\/fr#organization\"},\"potentialAction\":[{\"@type\":\"SearchAction\",\"target\":{\"@type\":\"EntryPoint\",\"urlTemplate\":\"https:\/\/www.fernco.de\/fr?s={search_term_string}\"},\"query-input\":\"required name=search_term_string\"}],\"inLanguage\":\"fr-FR\"},{\"@type\":\"Organization\",\"@id\":\"https:\/\/www.fernco.de\/fr#organization\",\"name\":\"Fernco GmbH\",\"alternateName\":\"Fernco\",\"url\":\"https:\/\/www.fernco.de\/fr\",\"logo\":{\"@type\":\"ImageObject\",\"inLanguage\":\"fr-FR\",\"@id\":\"https:\/\/www.fernco.de\/fr#\/schema\/logo\/image\/\",\"url\":\"https:\/\/www.fernco.de\/wp-content\/uploads\/2022\/06\/fernco-logo.png\",\"contentUrl\":\"https:\/\/www.fernco.de\/wp-content\/uploads\/2022\/06\/fernco-logo.png\",\"width\":287,\"height\":50,\"caption\":\"Fernco GmbH\"},\"image\":{\"@id\":\"https:\/\/www.fernco.de\/fr#\/schema\/logo\/image\/\"},\"sameAs\":[\"https:\/\/www.facebook.com\/Flexseal\",\"https:\/\/x.com\/FlexsealUK\"]}]}<\/script>\n<!-- \/ Yoast SEO plugin. -->","yoast_head_json":{"title":"Soupape d'admission d'air AAV | Fernco","description":"Les soupapes d'admission d'air AAV Fernco sont des valves sans entretien, fabriqu\u00e9es en ABS r\u00e9sistant aux chocs et con\u00e7ues pour une installation \u00e0 l'int\u00e9rieur des b\u00e2timents.","robots":{"index":"index","follow":"follow","max-snippet":"max-snippet:-1","max-image-preview":"max-image-preview:large","max-video-preview":"max-video-preview:-1"},"canonical":"https:\/\/www.fernco.de\/fr\/produit\/soupape-dadmission-dair-aav","og_locale":"fr_FR","og_type":"article","og_title":"Soupape d'admission d'air AAV | Fernco","og_description":"Les soupapes d'admission d'air AAV Fernco sont des valves sans entretien, fabriqu\u00e9es en ABS r\u00e9sistant aux chocs et con\u00e7ues pour une installation \u00e0 l'int\u00e9rieur des b\u00e2timents.","og_url":"https:\/\/www.fernco.de\/fr\/produit\/soupape-dadmission-dair-aav","og_site_name":"Fernco","article_publisher":"https:\/\/www.facebook.com\/Flexseal","article_modified_time":"2025-12-11T14:36:17+00:00","og_image":[{"width":700,"height":394,"url":"https:\/\/www.fernco.de\/wp-content\/uploads\/2024\/01\/AAV-belueftungsventil.jpg","type":"image\/jpeg"}],"twitter_card":"summary_large_image","twitter_site":"@FlexsealUK","twitter_misc":{"Dur\u00e9e de lecture estim\u00e9e":"1 minute"},"schema":{"@context":"https:\/\/schema.org","@graph":[{"@type":"WebPage","@id":"https:\/\/www.fernco.de\/fr\/produit\/soupape-dadmission-dair-aav","url":"https:\/\/www.fernco.de\/fr\/produit\/soupape-dadmission-dair-aav","name":"Soupape d'admission d'air AAV | Fernco","isPartOf":{"@id":"https:\/\/www.fernco.de\/fr#website"},"primaryImageOfPage":{"@id":"https:\/\/www.fernco.de\/fr\/produit\/soupape-dadmission-dair-aav#primaryimage"},"image":{"@id":"https:\/\/www.fernco.de\/fr\/produit\/soupape-dadmission-dair-aav#primaryimage"},"thumbnailUrl":"https:\/\/www.fernco.de\/wp-content\/uploads\/2024\/01\/AAV-belueftungsventil.jpg","datePublished":"2025-06-05T12:35:07+00:00","dateModified":"2025-12-11T14:36:17+00:00","description":"Les soupapes d'admission d'air AAV Fernco sont des valves sans entretien, fabriqu\u00e9es en ABS r\u00e9sistant aux chocs et con\u00e7ues pour une installation \u00e0 l'int\u00e9rieur des b\u00e2timents.","breadcrumb":{"@id":"https:\/\/www.fernco.de\/fr\/produit\/soupape-dadmission-dair-aav#breadcrumb"},"inLanguage":"fr-FR","potentialAction":[{"@type":"ReadAction","target":["https:\/\/www.fernco.de\/fr\/produit\/soupape-dadmission-dair-aav"]}]},{"@type":"ImageObject","inLanguage":"fr-FR","@id":"https:\/\/www.fernco.de\/fr\/produit\/soupape-dadmission-dair-aav#primaryimage","url":"https:\/\/www.fernco.de\/wp-content\/uploads\/2024\/01\/AAV-belueftungsventil.jpg","contentUrl":"https:\/\/www.fernco.de\/wp-content\/uploads\/2024\/01\/AAV-belueftungsventil.jpg","width":700,"height":394},{"@type":"BreadcrumbList","@id":"https:\/\/www.fernco.de\/fr\/produit\/soupape-dadmission-dair-aav#breadcrumb","itemListElement":[{"@type":"ListItem","position":1,"name":"Home","item":"https:\/\/www.fernco.de\/fr"},{"@type":"ListItem","position":2,"name":"Produits","item":"https:\/\/www.fernco.de\/fr\/shop"},{"@type":"ListItem","position":3,"name":"Soupape d&#8217;admission d&#8217;air AAV"}]},{"@type":"WebSite","@id":"https:\/\/www.fernco.de\/fr#website","url":"https:\/\/www.fernco.de\/fr","name":"Fernco","description":"Flexible Couplings, Drainage &amp; Plumbing Systems","publisher":{"@id":"https:\/\/www.fernco.de\/fr#organization"},"potentialAction":[{"@type":"SearchAction","target":{"@type":"EntryPoint","urlTemplate":"https:\/\/www.fernco.de\/fr?s={search_term_string}"},"query-input":"required name=search_term_string"}],"inLanguage":"fr-FR"},{"@type":"Organization","@id":"https:\/\/www.fernco.de\/fr#organization","name":"Fernco GmbH","alternateName":"Fernco","url":"https:\/\/www.fernco.de\/fr","logo":{"@type":"ImageObject","inLanguage":"fr-FR","@id":"https:\/\/www.fernco.de\/fr#\/schema\/logo\/image\/","url":"https:\/\/www.fernco.de\/wp-content\/uploads\/2022\/06\/fernco-logo.png","contentUrl":"https:\/\/www.fernco.de\/wp-content\/uploads\/2022\/06\/fernco-logo.png","width":287,"height":50,"caption":"Fernco GmbH"},"image":{"@id":"https:\/\/www.fernco.de\/fr#\/schema\/logo\/image\/"},"sameAs":["https:\/\/www.facebook.com\/Flexseal","https:\/\/x.com\/FlexsealUK"]}]}},"_links":{"self":[{"href":"https:\/\/www.fernco.de\/fr\/wp-json\/wp\/v2\/product\/35919"}],"collection":[{"href":"https:\/\/www.fernco.de\/fr\/wp-json\/wp\/v2\/product"}],"about":[{"href":"https:\/\/www.fernco.de\/fr\/wp-json\/wp\/v2\/types\/product"}],"wp:featuredmedia":[{"embeddable":true,"href":"https:\/\/www.fernco.de\/fr\/wp-json\/wp\/v2\/media\/30387"}],"wp:attachment":[{"href":"https:\/\/www.fernco.de\/fr\/wp-json\/wp\/v2\/media?parent=35919"}],"wp:term":[{"taxonomy":"product_cat","embeddable":true,"href":"https:\/\/www.fernco.de\/fr\/wp-json\/wp\/v2\/product_cat?post=35919"},{"taxonomy":"product_tag","embeddable":true,"href":"https:\/\/www.fernco.de\/fr\/wp-json\/wp\/v2\/product_tag?post=35919"}],"curies":[{"name":"wp","href":"https:\/\/api.w.org\/{rel}","templated":true}]}}