{"id":35926,"date":"2024-01-23T12:37:50","date_gmt":"2025-06-05T13:14:29","guid":{"rendered":"https:\/\/www.fernco.de\/?post_type=product&#038;p=35926"},"modified":"2025-12-11T14:35:51","modified_gmt":"2025-12-11T14:35:51","slug":"siphon-flexible-qwik-pqft","status":"publish","type":"product","link":"https:\/\/www.fernco.de\/fr\/produit\/siphon-flexible-qwik-pqft","title":{"rendered":"Siphon flexible Qwik PQFT"},"content":{"rendered":"<p>PQFT038 FT038<\/p>\n<p>Flexibler Siphon waschbecken sanit\u00e4r Flexible Qwik Trap Syfon elastyczny<br \/>\nSanit\u00e4r Plumbing Plomberie Hydraulika Kanalizacja<br \/>\nflexibel flexible Sanit\u00e4r plumbing plomberie<br \/>\nfrostsicher frost proof wartungsfrei wartungsarm low maintenance free maintenance-free sans entretien bezobs\u0142ugowy<\/p>\n<p>PVC Gummi rubber Caoutchouc \u00c9lastom\u00e8re Elastomere Profile gumowe<br \/>\ngrau grey gray gris szary<\/p>\n<p>DN32 DN40<\/p>\n","protected":false},"excerpt":{"rendered":"<p>Le siphon flexible remplace les siphons en plastique ou en m\u00e9tal de 32 mm ou 40 mm. Il offre une connexion durable et \u00e9tanche, r\u00e9sistante aux dommages caus\u00e9s par le gel.<\/p>\n<p>Il peut \u00eatre install\u00e9 rapidement et en toute s\u00e9curit\u00e9, sans outils sp\u00e9cifiques. Le PVC flexible compense les \u00e9ventuels d\u00e9salignements des tuyaux.<\/p>\n<p>Aucun outil ni produit de nettoyage n&rsquo;est n\u00e9cessaire pour le nettoyage &#8211; il suffit de presser le siphon.<\/p>\n","protected":false},"featured_media":30391,"template":"","meta":{"_acf_changed":false,"_mi_skip_tracking":false,"_monsterinsights_sitenote_active":false,"_monsterinsights_sitenote_note":"","_monsterinsights_sitenote_category":0},"product_cat":[239,241],"product_tag":[],"acf":[],"yoast_head":"<!-- This site is optimized with the Yoast SEO plugin v22.7 - https:\/\/yoast.com\/wordpress\/plugins\/seo\/ -->\n<title>Siphon flexible Qwik PQFT | Fernco<\/title>\n<meta name=\"description\" content=\"Le siphon flexible remplace les siphons en plastique ou en m\u00e9tal de 32 mm ou 40 mm.\" \/>\n<meta name=\"robots\" content=\"index, follow, max-snippet:-1, max-image-preview:large, max-video-preview:-1\" \/>\n<link rel=\"canonical\" href=\"https:\/\/www.fernco.de\/fr\/produit\/siphon-flexible-qwik-pqft\" \/>\n<meta property=\"og:locale\" content=\"fr_FR\" \/>\n<meta property=\"og:type\" content=\"article\" \/>\n<meta property=\"og:title\" content=\"Siphon flexible Qwik PQFT | Fernco\" \/>\n<meta property=\"og:description\" content=\"Le siphon flexible remplace les siphons en plastique ou en m\u00e9tal de 32 mm ou 40 mm.\" \/>\n<meta property=\"og:url\" content=\"https:\/\/www.fernco.de\/fr\/produit\/siphon-flexible-qwik-pqft\" \/>\n<meta property=\"og:site_name\" content=\"Fernco\" \/>\n<meta property=\"article:publisher\" content=\"https:\/\/www.facebook.com\/Flexseal\" \/>\n<meta property=\"article:modified_time\" content=\"2025-12-11T14:35:51+00:00\" \/>\n<meta property=\"og:image\" content=\"https:\/\/www.fernco.de\/wp-content\/uploads\/2024\/01\/PQFT-qwik-trap.jpg\" \/>\n\t<meta property=\"og:image:width\" content=\"700\" \/>\n\t<meta property=\"og:image:height\" content=\"394\" \/>\n\t<meta property=\"og:image:type\" content=\"image\/jpeg\" \/>\n<meta name=\"twitter:card\" content=\"summary_large_image\" \/>\n<meta name=\"twitter:site\" content=\"@FlexsealUK\" \/>\n<meta name=\"twitter:label1\" content=\"Dur\u00e9e de lecture estim\u00e9e\" \/>\n\t<meta name=\"twitter:data1\" content=\"1 minute\" \/>\n<script type=\"application\/ld+json\" class=\"yoast-schema-graph\">{\"@context\":\"https:\/\/schema.org\",\"@graph\":[{\"@type\":\"WebPage\",\"@id\":\"https:\/\/www.fernco.de\/fr\/produit\/siphon-flexible-qwik-pqft\",\"url\":\"https:\/\/www.fernco.de\/fr\/produit\/siphon-flexible-qwik-pqft\",\"name\":\"Siphon flexible Qwik PQFT | Fernco\",\"isPartOf\":{\"@id\":\"https:\/\/www.fernco.de\/fr#website\"},\"primaryImageOfPage\":{\"@id\":\"https:\/\/www.fernco.de\/fr\/produit\/siphon-flexible-qwik-pqft#primaryimage\"},\"image\":{\"@id\":\"https:\/\/www.fernco.de\/fr\/produit\/siphon-flexible-qwik-pqft#primaryimage\"},\"thumbnailUrl\":\"https:\/\/www.fernco.de\/wp-content\/uploads\/2024\/01\/PQFT-qwik-trap.jpg\",\"datePublished\":\"2025-06-05T13:14:29+00:00\",\"dateModified\":\"2025-12-11T14:35:51+00:00\",\"description\":\"Le siphon flexible remplace les siphons en plastique ou en m\u00e9tal de 32 mm ou 40 mm.\",\"breadcrumb\":{\"@id\":\"https:\/\/www.fernco.de\/fr\/produit\/siphon-flexible-qwik-pqft#breadcrumb\"},\"inLanguage\":\"fr-FR\",\"potentialAction\":[{\"@type\":\"ReadAction\",\"target\":[\"https:\/\/www.fernco.de\/fr\/produit\/siphon-flexible-qwik-pqft\"]}]},{\"@type\":\"ImageObject\",\"inLanguage\":\"fr-FR\",\"@id\":\"https:\/\/www.fernco.de\/fr\/produit\/siphon-flexible-qwik-pqft#primaryimage\",\"url\":\"https:\/\/www.fernco.de\/wp-content\/uploads\/2024\/01\/PQFT-qwik-trap.jpg\",\"contentUrl\":\"https:\/\/www.fernco.de\/wp-content\/uploads\/2024\/01\/PQFT-qwik-trap.jpg\",\"width\":700,\"height\":394},{\"@type\":\"BreadcrumbList\",\"@id\":\"https:\/\/www.fernco.de\/fr\/produit\/siphon-flexible-qwik-pqft#breadcrumb\",\"itemListElement\":[{\"@type\":\"ListItem\",\"position\":1,\"name\":\"Home\",\"item\":\"https:\/\/www.fernco.de\/fr\"},{\"@type\":\"ListItem\",\"position\":2,\"name\":\"Produits\",\"item\":\"https:\/\/www.fernco.de\/fr\/shop\"},{\"@type\":\"ListItem\",\"position\":3,\"name\":\"Siphon flexible Qwik PQFT\"}]},{\"@type\":\"WebSite\",\"@id\":\"https:\/\/www.fernco.de\/fr#website\",\"url\":\"https:\/\/www.fernco.de\/fr\",\"name\":\"Fernco\",\"description\":\"Flexible Couplings, Drainage &amp; Plumbing Systems\",\"publisher\":{\"@id\":\"https:\/\/www.fernco.de\/fr#organization\"},\"potentialAction\":[{\"@type\":\"SearchAction\",\"target\":{\"@type\":\"EntryPoint\",\"urlTemplate\":\"https:\/\/www.fernco.de\/fr?s={search_term_string}\"},\"query-input\":\"required name=search_term_string\"}],\"inLanguage\":\"fr-FR\"},{\"@type\":\"Organization\",\"@id\":\"https:\/\/www.fernco.de\/fr#organization\",\"name\":\"Fernco GmbH\",\"alternateName\":\"Fernco\",\"url\":\"https:\/\/www.fernco.de\/fr\",\"logo\":{\"@type\":\"ImageObject\",\"inLanguage\":\"fr-FR\",\"@id\":\"https:\/\/www.fernco.de\/fr#\/schema\/logo\/image\/\",\"url\":\"https:\/\/www.fernco.de\/wp-content\/uploads\/2022\/06\/fernco-logo.png\",\"contentUrl\":\"https:\/\/www.fernco.de\/wp-content\/uploads\/2022\/06\/fernco-logo.png\",\"width\":287,\"height\":50,\"caption\":\"Fernco GmbH\"},\"image\":{\"@id\":\"https:\/\/www.fernco.de\/fr#\/schema\/logo\/image\/\"},\"sameAs\":[\"https:\/\/www.facebook.com\/Flexseal\",\"https:\/\/x.com\/FlexsealUK\"]}]}<\/script>\n<!-- \/ Yoast SEO plugin. -->","yoast_head_json":{"title":"Siphon flexible Qwik PQFT | Fernco","description":"Le siphon flexible remplace les siphons en plastique ou en m\u00e9tal de 32 mm ou 40 mm.","robots":{"index":"index","follow":"follow","max-snippet":"max-snippet:-1","max-image-preview":"max-image-preview:large","max-video-preview":"max-video-preview:-1"},"canonical":"https:\/\/www.fernco.de\/fr\/produit\/siphon-flexible-qwik-pqft","og_locale":"fr_FR","og_type":"article","og_title":"Siphon flexible Qwik PQFT | Fernco","og_description":"Le siphon flexible remplace les siphons en plastique ou en m\u00e9tal de 32 mm ou 40 mm.","og_url":"https:\/\/www.fernco.de\/fr\/produit\/siphon-flexible-qwik-pqft","og_site_name":"Fernco","article_publisher":"https:\/\/www.facebook.com\/Flexseal","article_modified_time":"2025-12-11T14:35:51+00:00","og_image":[{"width":700,"height":394,"url":"https:\/\/www.fernco.de\/wp-content\/uploads\/2024\/01\/PQFT-qwik-trap.jpg","type":"image\/jpeg"}],"twitter_card":"summary_large_image","twitter_site":"@FlexsealUK","twitter_misc":{"Dur\u00e9e de lecture estim\u00e9e":"1 minute"},"schema":{"@context":"https:\/\/schema.org","@graph":[{"@type":"WebPage","@id":"https:\/\/www.fernco.de\/fr\/produit\/siphon-flexible-qwik-pqft","url":"https:\/\/www.fernco.de\/fr\/produit\/siphon-flexible-qwik-pqft","name":"Siphon flexible Qwik PQFT | Fernco","isPartOf":{"@id":"https:\/\/www.fernco.de\/fr#website"},"primaryImageOfPage":{"@id":"https:\/\/www.fernco.de\/fr\/produit\/siphon-flexible-qwik-pqft#primaryimage"},"image":{"@id":"https:\/\/www.fernco.de\/fr\/produit\/siphon-flexible-qwik-pqft#primaryimage"},"thumbnailUrl":"https:\/\/www.fernco.de\/wp-content\/uploads\/2024\/01\/PQFT-qwik-trap.jpg","datePublished":"2025-06-05T13:14:29+00:00","dateModified":"2025-12-11T14:35:51+00:00","description":"Le siphon flexible remplace les siphons en plastique ou en m\u00e9tal de 32 mm ou 40 mm.","breadcrumb":{"@id":"https:\/\/www.fernco.de\/fr\/produit\/siphon-flexible-qwik-pqft#breadcrumb"},"inLanguage":"fr-FR","potentialAction":[{"@type":"ReadAction","target":["https:\/\/www.fernco.de\/fr\/produit\/siphon-flexible-qwik-pqft"]}]},{"@type":"ImageObject","inLanguage":"fr-FR","@id":"https:\/\/www.fernco.de\/fr\/produit\/siphon-flexible-qwik-pqft#primaryimage","url":"https:\/\/www.fernco.de\/wp-content\/uploads\/2024\/01\/PQFT-qwik-trap.jpg","contentUrl":"https:\/\/www.fernco.de\/wp-content\/uploads\/2024\/01\/PQFT-qwik-trap.jpg","width":700,"height":394},{"@type":"BreadcrumbList","@id":"https:\/\/www.fernco.de\/fr\/produit\/siphon-flexible-qwik-pqft#breadcrumb","itemListElement":[{"@type":"ListItem","position":1,"name":"Home","item":"https:\/\/www.fernco.de\/fr"},{"@type":"ListItem","position":2,"name":"Produits","item":"https:\/\/www.fernco.de\/fr\/shop"},{"@type":"ListItem","position":3,"name":"Siphon flexible Qwik PQFT"}]},{"@type":"WebSite","@id":"https:\/\/www.fernco.de\/fr#website","url":"https:\/\/www.fernco.de\/fr","name":"Fernco","description":"Flexible Couplings, Drainage &amp; Plumbing Systems","publisher":{"@id":"https:\/\/www.fernco.de\/fr#organization"},"potentialAction":[{"@type":"SearchAction","target":{"@type":"EntryPoint","urlTemplate":"https:\/\/www.fernco.de\/fr?s={search_term_string}"},"query-input":"required name=search_term_string"}],"inLanguage":"fr-FR"},{"@type":"Organization","@id":"https:\/\/www.fernco.de\/fr#organization","name":"Fernco GmbH","alternateName":"Fernco","url":"https:\/\/www.fernco.de\/fr","logo":{"@type":"ImageObject","inLanguage":"fr-FR","@id":"https:\/\/www.fernco.de\/fr#\/schema\/logo\/image\/","url":"https:\/\/www.fernco.de\/wp-content\/uploads\/2022\/06\/fernco-logo.png","contentUrl":"https:\/\/www.fernco.de\/wp-content\/uploads\/2022\/06\/fernco-logo.png","width":287,"height":50,"caption":"Fernco GmbH"},"image":{"@id":"https:\/\/www.fernco.de\/fr#\/schema\/logo\/image\/"},"sameAs":["https:\/\/www.facebook.com\/Flexseal","https:\/\/x.com\/FlexsealUK"]}]}},"_links":{"self":[{"href":"https:\/\/www.fernco.de\/fr\/wp-json\/wp\/v2\/product\/35926"}],"collection":[{"href":"https:\/\/www.fernco.de\/fr\/wp-json\/wp\/v2\/product"}],"about":[{"href":"https:\/\/www.fernco.de\/fr\/wp-json\/wp\/v2\/types\/product"}],"wp:featuredmedia":[{"embeddable":true,"href":"https:\/\/www.fernco.de\/fr\/wp-json\/wp\/v2\/media\/30391"}],"wp:attachment":[{"href":"https:\/\/www.fernco.de\/fr\/wp-json\/wp\/v2\/media?parent=35926"}],"wp:term":[{"taxonomy":"product_cat","embeddable":true,"href":"https:\/\/www.fernco.de\/fr\/wp-json\/wp\/v2\/product_cat?post=35926"},{"taxonomy":"product_tag","embeddable":true,"href":"https:\/\/www.fernco.de\/fr\/wp-json\/wp\/v2\/product_tag?post=35926"}],"curies":[{"name":"wp","href":"https:\/\/api.w.org\/{rel}","templated":true}]}}