{"id":35949,"date":"2021-09-02T14:14:02","date_gmt":"2021-09-02T13:14:02","guid":{"rendered":"https:\/\/www.fernco.de\/product\/raccord-chimique-cc"},"modified":"2026-03-11T09:51:59","modified_gmt":"2026-03-11T09:51:59","slug":"raccord-chimique","status":"publish","type":"product","link":"https:\/\/www.fernco.de\/fr\/produit\/raccord-chimique","title":{"rendered":"Raccords chimiques CC"},"content":{"rendered":"<p>CC065 CC075 CC085 CC095 CC115 CC120 CC125 CC137 CC150 CC165 CC175 CC185 CC200 CC215 CC225 CC250 CC265 CC275 CC290 CC310 CC320 CC335 CC345 CC360 CC370 CC385 CC395 CC410 CC425 CC430 CC445 CC450 CC465 CC470 CC490 CC510 CC525 CC540 CC550 CC560 CC570 CC580 CC600 CC620 CC SC<\/p>\n<p>Chemische Kupplung Chemie Chemikalien aggressiv belastet Belastung wasserdicht Chemical Coupling aggresive chemicals contaminated contamination watertight Accouplement chimique produits chimiques agressifs contamination contamination \u00e9tanche Z\u0142\u0105cze odporne chemicznie<\/p>\n<p>Entw\u00e4sserungssysteme Abwassersystem oberirdisch unterirdisch drainage systems sewage above ground underground<\/p>\n<p>Manschettendichtungen manschetten dichtungen rohrverbindungen couplings sealings pipe joints connections Joints de manchette raccords Manszety Manszeta uszczelniaj\u0105ca<br \/>\nManschette coupling resistent Scherlastresitent Resistenz resistant resistance Klemmband Klemmb\u00e4nder Scherb\u00e4nder clamping band clamping bands shear bands Shear load<br \/>\nchemisch chemically inert l\u00f6sungsmittelbest\u00e4ndig thermische Verwendbarkeit solvent resistant thermal usability<\/p>\n<p>EPDM NBR Gummi Dichtung rubber schwarz black noir czarny Eloastomers Elastomere Caoutchouc \u00c9lastom\u00e8re PTFE NBR FEP Fluorpolymer Film Folie foil chemische Best\u00e4ndigkeit chemical resistance<br \/>\nUV best\u00e4ndig resistant resistance r\u00e9sistant Guma Elastomery Odporne na promieniowanie<br \/>\n\u00f6lbest\u00e4ndig benzinbest\u00e4ndig treibstoff tankstelle rubber gasoline fuel oil gas l&rsquo;huile l&rsquo; Odporne na oleje<\/p>\n<p>V2A 1.4301 304 W4 Edelstahl Stahl rostfrei Metall Stainless steel Metal rust free Acier inoxydable M\u00e9tal Stal Nierdzwena<br \/>\nV4A 1.4404 1.4401 316 W5 Edelstahl Stahl rostfrei Metall seewasser best\u00e4ndig salz salzwasser meer k\u00fcsten schiffahrt coast sea ocean salt water ship shipping r\u00e9sistant \u00e0 l&rsquo;eau de mer eau sal\u00e9e navigation Odporna<\/p>\n","protected":false},"excerpt":{"rendered":"<p>Les raccords chimiques Fernco offrent une connexion s\u00fbre et \u00e9tanche pour les syst\u00e8mes d&rsquo;\u00e9vacuation enterr\u00e9s, n\u00e9cessitant une haute r\u00e9sistance aux produits chimiques vari\u00e9s.<\/p>\n<ul>\n<li>R\u00e9pondent aux exigences sp\u00e9cifiques des chantiers et des entrepreneurs<\/li>\n<li>Connexion \u00e9tanche pour les syst\u00e8mes d&rsquo;\u00e9vacuation chimiques<\/li>\n<li>Haute r\u00e9sistance aux produits chimiques<\/li>\n<li>Adapt\u00e9s aux applications d&rsquo;\u00e9vacuation hors sol et enterr\u00e9s<\/li>\n<\/ul>\n","protected":false},"featured_media":30011,"template":"","meta":{"_acf_changed":false,"_mi_skip_tracking":false,"_monsterinsights_sitenote_active":false,"_monsterinsights_sitenote_note":"","_monsterinsights_sitenote_category":0},"product_cat":[239,245],"product_tag":[],"acf":[],"yoast_head":"<!-- This site is optimized with the Yoast SEO plugin v22.7 - https:\/\/yoast.com\/wordpress\/plugins\/seo\/ -->\n<title>Raccords chimiques CC | Fernco<\/title>\n<meta name=\"description\" content=\"Les raccords chimiques Fernco assurent une connexion \u00e9tanche et flexible pour les syst\u00e8mes d&#039;\u00e9vacuation r\u00e9sistants aux produits chimiques.\" \/>\n<meta name=\"robots\" content=\"index, follow, max-snippet:-1, max-image-preview:large, max-video-preview:-1\" \/>\n<link rel=\"canonical\" href=\"https:\/\/www.fernco.de\/fr\/produit\/raccord-chimique\" \/>\n<meta property=\"og:locale\" content=\"fr_FR\" \/>\n<meta property=\"og:type\" content=\"article\" \/>\n<meta property=\"og:title\" content=\"Raccords chimiques CC | Fernco\" \/>\n<meta property=\"og:description\" content=\"Les raccords chimiques Fernco assurent une connexion \u00e9tanche et flexible pour les syst\u00e8mes d&#039;\u00e9vacuation r\u00e9sistants aux produits chimiques.\" \/>\n<meta property=\"og:url\" content=\"https:\/\/www.fernco.de\/fr\/produit\/raccord-chimique\" \/>\n<meta property=\"og:site_name\" content=\"Fernco\" \/>\n<meta property=\"article:publisher\" content=\"https:\/\/www.facebook.com\/Flexseal\" \/>\n<meta property=\"article:modified_time\" content=\"2026-03-11T09:51:59+00:00\" \/>\n<meta property=\"og:image\" content=\"https:\/\/www.fernco.de\/wp-content\/uploads\/2019\/04\/Chemical-Coupling.png\" \/>\n\t<meta property=\"og:image:width\" content=\"800\" \/>\n\t<meta property=\"og:image:height\" content=\"450\" \/>\n\t<meta property=\"og:image:type\" content=\"image\/png\" \/>\n<meta name=\"twitter:card\" content=\"summary_large_image\" \/>\n<meta name=\"twitter:site\" content=\"@FlexsealUK\" \/>\n<meta name=\"twitter:label1\" content=\"Dur\u00e9e de lecture estim\u00e9e\" \/>\n\t<meta name=\"twitter:data1\" content=\"2 minutes\" \/>\n<script type=\"application\/ld+json\" class=\"yoast-schema-graph\">{\"@context\":\"https:\/\/schema.org\",\"@graph\":[{\"@type\":\"WebPage\",\"@id\":\"https:\/\/www.fernco.de\/fr\/produit\/raccord-chimique\",\"url\":\"https:\/\/www.fernco.de\/fr\/produit\/raccord-chimique\",\"name\":\"Raccords chimiques CC | Fernco\",\"isPartOf\":{\"@id\":\"https:\/\/www.fernco.de\/fr#website\"},\"primaryImageOfPage\":{\"@id\":\"https:\/\/www.fernco.de\/fr\/produit\/raccord-chimique#primaryimage\"},\"image\":{\"@id\":\"https:\/\/www.fernco.de\/fr\/produit\/raccord-chimique#primaryimage\"},\"thumbnailUrl\":\"https:\/\/www.fernco.de\/wp-content\/uploads\/2019\/04\/Chemical-Coupling.png\",\"datePublished\":\"2021-09-02T13:14:02+00:00\",\"dateModified\":\"2026-03-11T09:51:59+00:00\",\"description\":\"Les raccords chimiques Fernco assurent une connexion \u00e9tanche et flexible pour les syst\u00e8mes d'\u00e9vacuation r\u00e9sistants aux produits chimiques.\",\"breadcrumb\":{\"@id\":\"https:\/\/www.fernco.de\/fr\/produit\/raccord-chimique#breadcrumb\"},\"inLanguage\":\"fr-FR\",\"potentialAction\":[{\"@type\":\"ReadAction\",\"target\":[\"https:\/\/www.fernco.de\/fr\/produit\/raccord-chimique\"]}]},{\"@type\":\"ImageObject\",\"inLanguage\":\"fr-FR\",\"@id\":\"https:\/\/www.fernco.de\/fr\/produit\/raccord-chimique#primaryimage\",\"url\":\"https:\/\/www.fernco.de\/wp-content\/uploads\/2019\/04\/Chemical-Coupling.png\",\"contentUrl\":\"https:\/\/www.fernco.de\/wp-content\/uploads\/2019\/04\/Chemical-Coupling.png\",\"width\":800,\"height\":450},{\"@type\":\"BreadcrumbList\",\"@id\":\"https:\/\/www.fernco.de\/fr\/produit\/raccord-chimique#breadcrumb\",\"itemListElement\":[{\"@type\":\"ListItem\",\"position\":1,\"name\":\"Home\",\"item\":\"https:\/\/www.fernco.de\/fr\"},{\"@type\":\"ListItem\",\"position\":2,\"name\":\"Produits\",\"item\":\"https:\/\/www.fernco.de\/fr\/shop\"},{\"@type\":\"ListItem\",\"position\":3,\"name\":\"Raccords chimiques CC\"}]},{\"@type\":\"WebSite\",\"@id\":\"https:\/\/www.fernco.de\/fr#website\",\"url\":\"https:\/\/www.fernco.de\/fr\",\"name\":\"Fernco\",\"description\":\"Flexible Couplings, Drainage &amp; Plumbing Systems\",\"publisher\":{\"@id\":\"https:\/\/www.fernco.de\/fr#organization\"},\"potentialAction\":[{\"@type\":\"SearchAction\",\"target\":{\"@type\":\"EntryPoint\",\"urlTemplate\":\"https:\/\/www.fernco.de\/fr?s={search_term_string}\"},\"query-input\":\"required name=search_term_string\"}],\"inLanguage\":\"fr-FR\"},{\"@type\":\"Organization\",\"@id\":\"https:\/\/www.fernco.de\/fr#organization\",\"name\":\"Fernco GmbH\",\"alternateName\":\"Fernco\",\"url\":\"https:\/\/www.fernco.de\/fr\",\"logo\":{\"@type\":\"ImageObject\",\"inLanguage\":\"fr-FR\",\"@id\":\"https:\/\/www.fernco.de\/fr#\/schema\/logo\/image\/\",\"url\":\"https:\/\/www.fernco.de\/wp-content\/uploads\/2022\/06\/fernco-logo.png\",\"contentUrl\":\"https:\/\/www.fernco.de\/wp-content\/uploads\/2022\/06\/fernco-logo.png\",\"width\":287,\"height\":50,\"caption\":\"Fernco GmbH\"},\"image\":{\"@id\":\"https:\/\/www.fernco.de\/fr#\/schema\/logo\/image\/\"},\"sameAs\":[\"https:\/\/www.facebook.com\/Flexseal\",\"https:\/\/x.com\/FlexsealUK\"]}]}<\/script>\n<!-- \/ Yoast SEO plugin. -->","yoast_head_json":{"title":"Raccords chimiques CC | Fernco","description":"Les raccords chimiques Fernco assurent une connexion \u00e9tanche et flexible pour les syst\u00e8mes d'\u00e9vacuation r\u00e9sistants aux produits chimiques.","robots":{"index":"index","follow":"follow","max-snippet":"max-snippet:-1","max-image-preview":"max-image-preview:large","max-video-preview":"max-video-preview:-1"},"canonical":"https:\/\/www.fernco.de\/fr\/produit\/raccord-chimique","og_locale":"fr_FR","og_type":"article","og_title":"Raccords chimiques CC | Fernco","og_description":"Les raccords chimiques Fernco assurent une connexion \u00e9tanche et flexible pour les syst\u00e8mes d'\u00e9vacuation r\u00e9sistants aux produits chimiques.","og_url":"https:\/\/www.fernco.de\/fr\/produit\/raccord-chimique","og_site_name":"Fernco","article_publisher":"https:\/\/www.facebook.com\/Flexseal","article_modified_time":"2026-03-11T09:51:59+00:00","og_image":[{"width":800,"height":450,"url":"https:\/\/www.fernco.de\/wp-content\/uploads\/2019\/04\/Chemical-Coupling.png","type":"image\/png"}],"twitter_card":"summary_large_image","twitter_site":"@FlexsealUK","twitter_misc":{"Dur\u00e9e de lecture estim\u00e9e":"2 minutes"},"schema":{"@context":"https:\/\/schema.org","@graph":[{"@type":"WebPage","@id":"https:\/\/www.fernco.de\/fr\/produit\/raccord-chimique","url":"https:\/\/www.fernco.de\/fr\/produit\/raccord-chimique","name":"Raccords chimiques CC | Fernco","isPartOf":{"@id":"https:\/\/www.fernco.de\/fr#website"},"primaryImageOfPage":{"@id":"https:\/\/www.fernco.de\/fr\/produit\/raccord-chimique#primaryimage"},"image":{"@id":"https:\/\/www.fernco.de\/fr\/produit\/raccord-chimique#primaryimage"},"thumbnailUrl":"https:\/\/www.fernco.de\/wp-content\/uploads\/2019\/04\/Chemical-Coupling.png","datePublished":"2021-09-02T13:14:02+00:00","dateModified":"2026-03-11T09:51:59+00:00","description":"Les raccords chimiques Fernco assurent une connexion \u00e9tanche et flexible pour les syst\u00e8mes d'\u00e9vacuation r\u00e9sistants aux produits chimiques.","breadcrumb":{"@id":"https:\/\/www.fernco.de\/fr\/produit\/raccord-chimique#breadcrumb"},"inLanguage":"fr-FR","potentialAction":[{"@type":"ReadAction","target":["https:\/\/www.fernco.de\/fr\/produit\/raccord-chimique"]}]},{"@type":"ImageObject","inLanguage":"fr-FR","@id":"https:\/\/www.fernco.de\/fr\/produit\/raccord-chimique#primaryimage","url":"https:\/\/www.fernco.de\/wp-content\/uploads\/2019\/04\/Chemical-Coupling.png","contentUrl":"https:\/\/www.fernco.de\/wp-content\/uploads\/2019\/04\/Chemical-Coupling.png","width":800,"height":450},{"@type":"BreadcrumbList","@id":"https:\/\/www.fernco.de\/fr\/produit\/raccord-chimique#breadcrumb","itemListElement":[{"@type":"ListItem","position":1,"name":"Home","item":"https:\/\/www.fernco.de\/fr"},{"@type":"ListItem","position":2,"name":"Produits","item":"https:\/\/www.fernco.de\/fr\/shop"},{"@type":"ListItem","position":3,"name":"Raccords chimiques CC"}]},{"@type":"WebSite","@id":"https:\/\/www.fernco.de\/fr#website","url":"https:\/\/www.fernco.de\/fr","name":"Fernco","description":"Flexible Couplings, Drainage &amp; Plumbing Systems","publisher":{"@id":"https:\/\/www.fernco.de\/fr#organization"},"potentialAction":[{"@type":"SearchAction","target":{"@type":"EntryPoint","urlTemplate":"https:\/\/www.fernco.de\/fr?s={search_term_string}"},"query-input":"required name=search_term_string"}],"inLanguage":"fr-FR"},{"@type":"Organization","@id":"https:\/\/www.fernco.de\/fr#organization","name":"Fernco GmbH","alternateName":"Fernco","url":"https:\/\/www.fernco.de\/fr","logo":{"@type":"ImageObject","inLanguage":"fr-FR","@id":"https:\/\/www.fernco.de\/fr#\/schema\/logo\/image\/","url":"https:\/\/www.fernco.de\/wp-content\/uploads\/2022\/06\/fernco-logo.png","contentUrl":"https:\/\/www.fernco.de\/wp-content\/uploads\/2022\/06\/fernco-logo.png","width":287,"height":50,"caption":"Fernco GmbH"},"image":{"@id":"https:\/\/www.fernco.de\/fr#\/schema\/logo\/image\/"},"sameAs":["https:\/\/www.facebook.com\/Flexseal","https:\/\/x.com\/FlexsealUK"]}]}},"_links":{"self":[{"href":"https:\/\/www.fernco.de\/fr\/wp-json\/wp\/v2\/product\/35949"}],"collection":[{"href":"https:\/\/www.fernco.de\/fr\/wp-json\/wp\/v2\/product"}],"about":[{"href":"https:\/\/www.fernco.de\/fr\/wp-json\/wp\/v2\/types\/product"}],"wp:featuredmedia":[{"embeddable":true,"href":"https:\/\/www.fernco.de\/fr\/wp-json\/wp\/v2\/media\/30011"}],"wp:attachment":[{"href":"https:\/\/www.fernco.de\/fr\/wp-json\/wp\/v2\/media?parent=35949"}],"wp:term":[{"taxonomy":"product_cat","embeddable":true,"href":"https:\/\/www.fernco.de\/fr\/wp-json\/wp\/v2\/product_cat?post=35949"},{"taxonomy":"product_tag","embeddable":true,"href":"https:\/\/www.fernco.de\/fr\/wp-json\/wp\/v2\/product_tag?post=35949"}],"curies":[{"name":"wp","href":"https:\/\/api.w.org\/{rel}","templated":true}]}}