{"id":31860,"date":"2024-05-21T07:12:56","date_gmt":"2024-05-21T06:12:56","guid":{"rendered":"https:\/\/www.fernco.de\/?page_id=31860"},"modified":"2024-08-23T14:13:15","modified_gmt":"2024-08-23T13:13:15","slug":"o-nas","status":"publish","type":"page","link":"https:\/\/www.fernco.de\/pl\/home\/o-nas","title":{"rendered":"O nas"},"content":{"rendered":"<div class=\"fusion-fullwidth fullwidth-box fusion-builder-row-1 content-page-index hundred-percent-fullwidth non-hundred-percent-height-scrolling\" style=\"--awb-border-radius-top-left:0px;--awb-border-radius-top-right:0px;--awb-border-radius-bottom-right:0px;--awb-border-radius-bottom-left:0px;--awb-flex-wrap:wrap;\" ><div class=\"fusion-builder-row fusion-row\"><div class=\"fusion-layout-column fusion_builder_column fusion-builder-column-0 fusion_builder_column_1_1 1_1 fusion-one-full fusion-column-first fusion-column-last\" style=\"--awb-bg-size:cover;\"><div class=\"fusion-column-wrapper fusion-column-has-shadow fusion-flex-column-wrapper-legacy\"><div class=\"fusion-text fusion-text-1\"><p>Fernco to firma spacjalizuj\u0105ca si\u0119 w produkcjielement\u00f3w do po\u0142\u0105cze\u0144 rur dla bran\u017cy budownictwa podziemnego, instalacji sanitarnych oraz wszystkich sektor\u00f3w, w kt\u00f3rych konieczne jest pod\u0142\u0105czanie lub \u0142\u0105czenie rur. Nasze produkty znajduj\u0105 zastosowanie mi\u0119dzy innymi w bran\u017cy wentylacyjnej, budowie maszyn i urz\u0105dze\u0144, a tak\u017ce u producent\u00f3w technologii solarnych, system\u00f3w wentylacyjnych oraz klimatyzacyjnych. Wyr\u00f3\u017cnia nas najwy\u017csza jako\u015b\u0107, ci\u0105g\u0142y rozw\u00f3j oraz najwy\u017cszy poziom obs\u0142ugi klienta.<\/p>\n<p>Opr\u00f3cz standardowych manszet, opracowujemy na zlecenie niestandardowe rozwi\u0105zania dostosowane do r\u00f3\u017cnych wymaga\u0144. Fernco GmbH produkuje wi\u0119kszo\u015b\u0107 swojego asortymentu w p\u00f3\u0142nocnej Hesji i dystrybuuje go na terenie ca\u0142ych Niemiec i Europy do specjalistycznych sklep\u00f3w z asortymentem do budownictwa podziemnego i instalacji sanitarnych. Eschwege to dla idealna lokalizacja na siedziby g\u0142\u00f3wnej w Europie. Centralne po\u0142o\u017ceni w geograficznym sercu Niemiec pozwala nam na b\u0142yskawiczn\u0105 realizacj\u0119 dostaw na terenie ca\u0142ych Niemiec i Europy.<\/p>\n<\/div><div class=\"fusion-clearfix\"><\/div><\/div><\/div><\/div><\/div>\n","protected":false},"excerpt":{"rendered":"","protected":false},"author":1,"featured_media":0,"parent":31724,"menu_order":2,"comment_status":"open","ping_status":"closed","template":"parent-page.php","meta":{"_acf_changed":false,"_mi_skip_tracking":false,"_monsterinsights_sitenote_active":false,"_monsterinsights_sitenote_note":"","_monsterinsights_sitenote_category":0,"footnotes":""},"acf":[],"yoast_head":"<!-- This site is optimized with the Yoast SEO plugin v22.7 - https:\/\/yoast.com\/wordpress\/plugins\/seo\/ -->\n<title>O nas | Fernco<\/title>\n<meta name=\"description\" content=\"Fernco jest specjalist\u0105 w produkcji po\u0142\u0105cze\u0144 rurowych dla bran\u017cy budownictwa podziemnego, instalacji sanitarnych oraz wsz\u0119dzie tam, gdzie \u0142\u0105czy si\u0119 rury.\" \/>\n<meta name=\"robots\" content=\"index, follow, max-snippet:-1, max-image-preview:large, max-video-preview:-1\" \/>\n<link rel=\"canonical\" href=\"https:\/\/www.fernco.de\/pl\/home\/o-nas\" \/>\n<meta property=\"og:locale\" content=\"pl_PL\" \/>\n<meta property=\"og:type\" content=\"article\" \/>\n<meta property=\"og:title\" content=\"O nas | Fernco\" \/>\n<meta property=\"og:description\" content=\"Fernco jest specjalist\u0105 w produkcji po\u0142\u0105cze\u0144 rurowych dla bran\u017cy budownictwa podziemnego, instalacji sanitarnych oraz wsz\u0119dzie tam, gdzie \u0142\u0105czy si\u0119 rury.\" \/>\n<meta property=\"og:url\" content=\"https:\/\/www.fernco.de\/pl\/home\/o-nas\" \/>\n<meta property=\"og:site_name\" content=\"Fernco\" \/>\n<meta property=\"article:publisher\" content=\"https:\/\/www.facebook.com\/Flexseal\" \/>\n<meta property=\"article:modified_time\" content=\"2024-08-23T13:13:15+00:00\" \/>\n<meta name=\"twitter:card\" content=\"summary_large_image\" \/>\n<meta name=\"twitter:site\" content=\"@FlexsealUK\" \/>\n<meta name=\"twitter:label1\" content=\"Szacowany czas czytania\" \/>\n\t<meta name=\"twitter:data1\" content=\"1 minuta\" \/>\n<script type=\"application\/ld+json\" class=\"yoast-schema-graph\">{\"@context\":\"https:\/\/schema.org\",\"@graph\":[{\"@type\":\"WebPage\",\"@id\":\"https:\/\/www.fernco.de\/pl\/home\/o-nas\",\"url\":\"https:\/\/www.fernco.de\/pl\/home\/o-nas\",\"name\":\"O nas | Fernco\",\"isPartOf\":{\"@id\":\"https:\/\/www.fernco.de\/pl#website\"},\"datePublished\":\"2024-05-21T06:12:56+00:00\",\"dateModified\":\"2024-08-23T13:13:15+00:00\",\"description\":\"Fernco jest specjalist\u0105 w produkcji po\u0142\u0105cze\u0144 rurowych dla bran\u017cy budownictwa podziemnego, instalacji sanitarnych oraz wsz\u0119dzie tam, gdzie \u0142\u0105czy si\u0119 rury.\",\"breadcrumb\":{\"@id\":\"https:\/\/www.fernco.de\/pl\/home\/o-nas#breadcrumb\"},\"inLanguage\":\"pl-PL\",\"potentialAction\":[{\"@type\":\"ReadAction\",\"target\":[\"https:\/\/www.fernco.de\/pl\/home\/o-nas\"]}]},{\"@type\":\"BreadcrumbList\",\"@id\":\"https:\/\/www.fernco.de\/pl\/home\/o-nas#breadcrumb\",\"itemListElement\":[{\"@type\":\"ListItem\",\"position\":1,\"name\":\"Home\",\"item\":\"https:\/\/www.fernco.de\/pl\"},{\"@type\":\"ListItem\",\"position\":2,\"name\":\"Strona g\u0142\u00f3wna\",\"item\":\"https:\/\/www.fernco.de\/pl\"},{\"@type\":\"ListItem\",\"position\":3,\"name\":\"O nas\"}]},{\"@type\":\"WebSite\",\"@id\":\"https:\/\/www.fernco.de\/pl#website\",\"url\":\"https:\/\/www.fernco.de\/pl\",\"name\":\"Fernco\",\"description\":\"Flexible Couplings, Drainage &amp; Plumbing Systems\",\"publisher\":{\"@id\":\"https:\/\/www.fernco.de\/pl#organization\"},\"potentialAction\":[{\"@type\":\"SearchAction\",\"target\":{\"@type\":\"EntryPoint\",\"urlTemplate\":\"https:\/\/www.fernco.de\/pl?s={search_term_string}\"},\"query-input\":\"required name=search_term_string\"}],\"inLanguage\":\"pl-PL\"},{\"@type\":\"Organization\",\"@id\":\"https:\/\/www.fernco.de\/pl#organization\",\"name\":\"Fernco GmbH\",\"alternateName\":\"Fernco\",\"url\":\"https:\/\/www.fernco.de\/pl\",\"logo\":{\"@type\":\"ImageObject\",\"inLanguage\":\"pl-PL\",\"@id\":\"https:\/\/www.fernco.de\/pl#\/schema\/logo\/image\/\",\"url\":\"https:\/\/www.fernco.de\/wp-content\/uploads\/2022\/06\/fernco-logo.png\",\"contentUrl\":\"https:\/\/www.fernco.de\/wp-content\/uploads\/2022\/06\/fernco-logo.png\",\"width\":287,\"height\":50,\"caption\":\"Fernco GmbH\"},\"image\":{\"@id\":\"https:\/\/www.fernco.de\/pl#\/schema\/logo\/image\/\"},\"sameAs\":[\"https:\/\/www.facebook.com\/Flexseal\",\"https:\/\/x.com\/FlexsealUK\"]}]}<\/script>\n<!-- \/ Yoast SEO plugin. -->","yoast_head_json":{"title":"O nas | Fernco","description":"Fernco jest specjalist\u0105 w produkcji po\u0142\u0105cze\u0144 rurowych dla bran\u017cy budownictwa podziemnego, instalacji sanitarnych oraz wsz\u0119dzie tam, gdzie \u0142\u0105czy si\u0119 rury.","robots":{"index":"index","follow":"follow","max-snippet":"max-snippet:-1","max-image-preview":"max-image-preview:large","max-video-preview":"max-video-preview:-1"},"canonical":"https:\/\/www.fernco.de\/pl\/home\/o-nas","og_locale":"pl_PL","og_type":"article","og_title":"O nas | Fernco","og_description":"Fernco jest specjalist\u0105 w produkcji po\u0142\u0105cze\u0144 rurowych dla bran\u017cy budownictwa podziemnego, instalacji sanitarnych oraz wsz\u0119dzie tam, gdzie \u0142\u0105czy si\u0119 rury.","og_url":"https:\/\/www.fernco.de\/pl\/home\/o-nas","og_site_name":"Fernco","article_publisher":"https:\/\/www.facebook.com\/Flexseal","article_modified_time":"2024-08-23T13:13:15+00:00","twitter_card":"summary_large_image","twitter_site":"@FlexsealUK","twitter_misc":{"Szacowany czas czytania":"1 minuta"},"schema":{"@context":"https:\/\/schema.org","@graph":[{"@type":"WebPage","@id":"https:\/\/www.fernco.de\/pl\/home\/o-nas","url":"https:\/\/www.fernco.de\/pl\/home\/o-nas","name":"O nas | Fernco","isPartOf":{"@id":"https:\/\/www.fernco.de\/pl#website"},"datePublished":"2024-05-21T06:12:56+00:00","dateModified":"2024-08-23T13:13:15+00:00","description":"Fernco jest specjalist\u0105 w produkcji po\u0142\u0105cze\u0144 rurowych dla bran\u017cy budownictwa podziemnego, instalacji sanitarnych oraz wsz\u0119dzie tam, gdzie \u0142\u0105czy si\u0119 rury.","breadcrumb":{"@id":"https:\/\/www.fernco.de\/pl\/home\/o-nas#breadcrumb"},"inLanguage":"pl-PL","potentialAction":[{"@type":"ReadAction","target":["https:\/\/www.fernco.de\/pl\/home\/o-nas"]}]},{"@type":"BreadcrumbList","@id":"https:\/\/www.fernco.de\/pl\/home\/o-nas#breadcrumb","itemListElement":[{"@type":"ListItem","position":1,"name":"Home","item":"https:\/\/www.fernco.de\/pl"},{"@type":"ListItem","position":2,"name":"Strona g\u0142\u00f3wna","item":"https:\/\/www.fernco.de\/pl"},{"@type":"ListItem","position":3,"name":"O nas"}]},{"@type":"WebSite","@id":"https:\/\/www.fernco.de\/pl#website","url":"https:\/\/www.fernco.de\/pl","name":"Fernco","description":"Flexible Couplings, Drainage &amp; Plumbing Systems","publisher":{"@id":"https:\/\/www.fernco.de\/pl#organization"},"potentialAction":[{"@type":"SearchAction","target":{"@type":"EntryPoint","urlTemplate":"https:\/\/www.fernco.de\/pl?s={search_term_string}"},"query-input":"required name=search_term_string"}],"inLanguage":"pl-PL"},{"@type":"Organization","@id":"https:\/\/www.fernco.de\/pl#organization","name":"Fernco GmbH","alternateName":"Fernco","url":"https:\/\/www.fernco.de\/pl","logo":{"@type":"ImageObject","inLanguage":"pl-PL","@id":"https:\/\/www.fernco.de\/pl#\/schema\/logo\/image\/","url":"https:\/\/www.fernco.de\/wp-content\/uploads\/2022\/06\/fernco-logo.png","contentUrl":"https:\/\/www.fernco.de\/wp-content\/uploads\/2022\/06\/fernco-logo.png","width":287,"height":50,"caption":"Fernco GmbH"},"image":{"@id":"https:\/\/www.fernco.de\/pl#\/schema\/logo\/image\/"},"sameAs":["https:\/\/www.facebook.com\/Flexseal","https:\/\/x.com\/FlexsealUK"]}]}},"_links":{"self":[{"href":"https:\/\/www.fernco.de\/pl\/wp-json\/wp\/v2\/pages\/31860"}],"collection":[{"href":"https:\/\/www.fernco.de\/pl\/wp-json\/wp\/v2\/pages"}],"about":[{"href":"https:\/\/www.fernco.de\/pl\/wp-json\/wp\/v2\/types\/page"}],"author":[{"embeddable":true,"href":"https:\/\/www.fernco.de\/pl\/wp-json\/wp\/v2\/users\/1"}],"replies":[{"embeddable":true,"href":"https:\/\/www.fernco.de\/pl\/wp-json\/wp\/v2\/comments?post=31860"}],"version-history":[{"count":0,"href":"https:\/\/www.fernco.de\/pl\/wp-json\/wp\/v2\/pages\/31860\/revisions"}],"up":[{"embeddable":true,"href":"https:\/\/www.fernco.de\/pl\/wp-json\/wp\/v2\/pages\/31724"}],"wp:attachment":[{"href":"https:\/\/www.fernco.de\/pl\/wp-json\/wp\/v2\/media?parent=31860"}],"curies":[{"name":"wp","href":"https:\/\/api.w.org\/{rel}","templated":true}]}}