{"id":31923,"date":"2024-05-21T07:12:57","date_gmt":"2024-05-21T06:12:57","guid":{"rendered":"https:\/\/www.fernco.de\/?page_id=31923"},"modified":"2024-10-14T15:28:48","modified_gmt":"2024-10-14T14:28:48","slug":"czesc-swiatowej-grupy","status":"publish","type":"page","link":"https:\/\/www.fernco.de\/pl\/home\/o-nas\/czesc-swiatowej-grupy","title":{"rendered":"Cz\u0119\u015b\u0107 \u015bwiatowej grupy"},"content":{"rendered":"<div class=\"fusion-fullwidth fullwidth-box fusion-builder-row-1 hundred-percent-fullwidth non-hundred-percent-height-scrolling\" style=\"--awb-border-radius-top-left:0px;--awb-border-radius-top-right:0px;--awb-border-radius-bottom-right:0px;--awb-border-radius-bottom-left:0px;--awb-overflow:visible;--awb-flex-wrap:wrap;\" ><div class=\"fusion-builder-row fusion-row\"><div class=\"fusion-layout-column fusion_builder_column fusion-builder-column-0 fusion_builder_column_1_1 1_1 fusion-one-full fusion-column-first fusion-column-last fusion-column-no-min-height\" style=\"--awb-bg-size:cover;--awb-margin-bottom:0px;\"><div class=\"fusion-column-wrapper fusion-flex-column-wrapper-legacy\"><div class=\"fusion-text fusion-text-1\"><p>Fernco GmbH jest cz\u0119\u015bci\u0105 grupy, wywodz\u0105cej si\u0119 z USA w stanie Michigan.<\/p>\n<p>W ci\u0105gu swojego istnienia grupa ta rozros\u0142a si\u0119 i prowadzi dzia\u0142alno\u015b\u0107 w 8 krajach na ca\u0142ym \u015bwiecie, wsp\u00f3\u0142pracuj\u0105c z partnerami dystrybucyjnymi na szerok\u0105 skal\u0119. Wszystkie te firmy s\u0105 zaanga\u017cowane w produkcj\u0119 i dostarczanie wysokiej jako\u015bci manszet i z\u0142\u0105czek do budownictwa podziemnego, instalacji sanitarnych oraz system\u00f3w kanalizacyjnych.<\/p>\n<\/div><div class=\"fusion-clearfix\"><\/div><\/div><\/div><div class=\"fusion-layout-column fusion_builder_column fusion-builder-column-1 fusion_builder_column_1_3 1_3 fusion-one-third fusion-column-first\" style=\"--awb-bg-size:cover;width:33.333333333333%;width:calc(33.333333333333% - ( ( 4% + 4% ) * 0.33333333333333 ) );margin-right: 4%;\"><div class=\"fusion-column-wrapper fusion-column-has-shadow fusion-flex-column-wrapper-legacy\"><div class=\"fusion-image-element in-legacy-container\" style=\"--awb-caption-title-font-family:var(--h2_typography-font-family);--awb-caption-title-font-weight:var(--h2_typography-font-weight);--awb-caption-title-font-style:var(--h2_typography-font-style);--awb-caption-title-size:var(--h2_typography-font-size);--awb-caption-title-transform:var(--h2_typography-text-transform);--awb-caption-title-line-height:var(--h2_typography-line-height);--awb-caption-title-letter-spacing:var(--h2_typography-letter-spacing);\"><span class=\" fusion-imageframe imageframe-none imageframe-1 hover-type-none\"><img decoding=\"async\" width=\"1000\" height=\"750\" title=\"US-Building\" src=\"https:\/\/www.fernco.de\/wp-content\/uploads\/2024\/05\/US-Building.jpg\" data-orig-src=\"https:\/\/www.fernco.de\/wp-content\/uploads\/2024\/05\/US-Building.jpg\" alt class=\"lazyload img-responsive wp-image-31925\" srcset=\"data:image\/svg+xml,%3Csvg%20xmlns%3D%27http%3A%2F%2Fwww.w3.org%2F2000%2Fsvg%27%20width%3D%271000%27%20height%3D%27750%27%20viewBox%3D%270%200%201000%20750%27%3E%3Crect%20width%3D%271000%27%20height%3D%27750%27%20fill-opacity%3D%220%22%2F%3E%3C%2Fsvg%3E\" data-srcset=\"https:\/\/www.fernco.de\/wp-content\/uploads\/2024\/05\/US-Building-200x150.jpg 200w, https:\/\/www.fernco.de\/wp-content\/uploads\/2024\/05\/US-Building-400x300.jpg 400w, https:\/\/www.fernco.de\/wp-content\/uploads\/2024\/05\/US-Building-600x450.jpg 600w, https:\/\/www.fernco.de\/wp-content\/uploads\/2024\/05\/US-Building-800x600.jpg 800w, https:\/\/www.fernco.de\/wp-content\/uploads\/2024\/05\/US-Building.jpg 1000w\" data-sizes=\"auto\" data-orig-sizes=\"(max-width: 800px) 100vw, 400px\" \/><\/span><\/div><div class=\"fusion-text fusion-text-2\"><h3 class=\"LC20lb MBeuO xvfwl\" style=\"text-align: center;\">\ud83c\uddfa\ud83c\uddf8<\/h3>\n<\/div><div class=\"fusion-clearfix\"><\/div><\/div><\/div><div class=\"fusion-layout-column fusion_builder_column fusion-builder-column-2 fusion_builder_column_1_3 1_3 fusion-one-third\" style=\"--awb-bg-size:cover;width:33.333333333333%;width:calc(33.333333333333% - ( ( 4% + 4% ) * 0.33333333333333 ) );margin-right: 4%;\"><div class=\"fusion-column-wrapper fusion-column-has-shadow fusion-flex-column-wrapper-legacy\"><div class=\"fusion-image-element in-legacy-container\" style=\"--awb-caption-title-font-family:var(--h2_typography-font-family);--awb-caption-title-font-weight:var(--h2_typography-font-weight);--awb-caption-title-font-style:var(--h2_typography-font-style);--awb-caption-title-size:var(--h2_typography-font-size);--awb-caption-title-transform:var(--h2_typography-text-transform);--awb-caption-title-line-height:var(--h2_typography-line-height);--awb-caption-title-letter-spacing:var(--h2_typography-letter-spacing);\"><span class=\" fusion-imageframe imageframe-none imageframe-2 hover-type-none\"><img decoding=\"async\" width=\"1000\" height=\"750\" alt=\"Flexseal UK aerial image of building\" title=\"UK-Building\" src=\"https:\/\/www.fernco.de\/wp-content\/uploads\/2020\/04\/UK-Building.jpg\" data-orig-src=\"https:\/\/www.fernco.de\/wp-content\/uploads\/2020\/04\/UK-Building.jpg\" class=\"lazyload img-responsive wp-image-21763\" srcset=\"data:image\/svg+xml,%3Csvg%20xmlns%3D%27http%3A%2F%2Fwww.w3.org%2F2000%2Fsvg%27%20width%3D%271000%27%20height%3D%27750%27%20viewBox%3D%270%200%201000%20750%27%3E%3Crect%20width%3D%271000%27%20height%3D%27750%27%20fill-opacity%3D%220%22%2F%3E%3C%2Fsvg%3E\" data-srcset=\"https:\/\/www.fernco.de\/wp-content\/uploads\/2020\/04\/UK-Building-200x150.jpg 200w, https:\/\/www.fernco.de\/wp-content\/uploads\/2020\/04\/UK-Building-400x300.jpg 400w, https:\/\/www.fernco.de\/wp-content\/uploads\/2020\/04\/UK-Building-600x450.jpg 600w, https:\/\/www.fernco.de\/wp-content\/uploads\/2020\/04\/UK-Building-800x600.jpg 800w, https:\/\/www.fernco.de\/wp-content\/uploads\/2020\/04\/UK-Building.jpg 1000w\" data-sizes=\"auto\" data-orig-sizes=\"(max-width: 800px) 100vw, 1000px\" \/><\/span><\/div><div class=\"fusion-text fusion-text-3\"><h3 class=\"LC20lb MBeuO xvfwl\" style=\"text-align: center;\">\ud83c\uddec\ud83c\udde7<\/h3>\n<\/div><div class=\"fusion-clearfix\"><\/div><\/div><\/div><div class=\"fusion-layout-column fusion_builder_column fusion-builder-column-3 fusion_builder_column_1_3 1_3 fusion-one-third fusion-column-last\" style=\"--awb-bg-size:cover;width:33.333333333333%;width:calc(33.333333333333% - ( ( 4% + 4% ) * 0.33333333333333 ) );\"><div class=\"fusion-column-wrapper fusion-column-has-shadow fusion-flex-column-wrapper-legacy\"><div class=\"fusion-image-element in-legacy-container\" style=\"--awb-caption-title-font-family:var(--h2_typography-font-family);--awb-caption-title-font-weight:var(--h2_typography-font-weight);--awb-caption-title-font-style:var(--h2_typography-font-style);--awb-caption-title-size:var(--h2_typography-font-size);--awb-caption-title-transform:var(--h2_typography-text-transform);--awb-caption-title-line-height:var(--h2_typography-line-height);--awb-caption-title-letter-spacing:var(--h2_typography-letter-spacing);\"><span class=\" fusion-imageframe imageframe-none imageframe-3 hover-type-none\"><img decoding=\"async\" width=\"1000\" height=\"750\" alt=\"Flexseal Germany aerial image of building\" title=\"German-Building\" src=\"https:\/\/www.fernco.de\/wp-content\/uploads\/2020\/04\/German-Building.jpg\" data-orig-src=\"https:\/\/www.fernco.de\/wp-content\/uploads\/2020\/04\/German-Building.jpg\" class=\"lazyload img-responsive wp-image-21762\" srcset=\"data:image\/svg+xml,%3Csvg%20xmlns%3D%27http%3A%2F%2Fwww.w3.org%2F2000%2Fsvg%27%20width%3D%271000%27%20height%3D%27750%27%20viewBox%3D%270%200%201000%20750%27%3E%3Crect%20width%3D%271000%27%20height%3D%27750%27%20fill-opacity%3D%220%22%2F%3E%3C%2Fsvg%3E\" data-srcset=\"https:\/\/www.fernco.de\/wp-content\/uploads\/2020\/04\/German-Building-200x150.jpg 200w, https:\/\/www.fernco.de\/wp-content\/uploads\/2020\/04\/German-Building-400x300.jpg 400w, https:\/\/www.fernco.de\/wp-content\/uploads\/2020\/04\/German-Building-600x450.jpg 600w, https:\/\/www.fernco.de\/wp-content\/uploads\/2020\/04\/German-Building-800x600.jpg 800w, https:\/\/www.fernco.de\/wp-content\/uploads\/2020\/04\/German-Building.jpg 1000w\" data-sizes=\"auto\" data-orig-sizes=\"(max-width: 800px) 100vw, 1000px\" \/><\/span><\/div><div class=\"fusion-text fusion-text-4\"><h3 class=\"LC20lb MBeuO xvfwl\" style=\"text-align: center;\">\ud83c\udde9\ud83c\uddea<\/h3>\n<\/div><div class=\"fusion-clearfix\"><\/div><\/div><\/div><\/div><\/div><div class=\"fusion-fullwidth fullwidth-box fusion-builder-row-2 hundred-percent-fullwidth non-hundred-percent-height-scrolling\" style=\"--awb-border-radius-top-left:0px;--awb-border-radius-top-right:0px;--awb-border-radius-bottom-right:0px;--awb-border-radius-bottom-left:0px;--awb-overflow:visible;--awb-flex-wrap:wrap;\" ><div class=\"fusion-builder-row fusion-row\"><div class=\"fusion-layout-column fusion_builder_column fusion-builder-column-4 fusion_builder_column_1_1 1_1 fusion-one-full fusion-column-first fusion-column-last fusion-column-no-min-height\" style=\"--awb-bg-size:cover;--awb-margin-bottom:0px;\"><div class=\"fusion-column-wrapper fusion-flex-column-wrapper-legacy\"><div class=\"fusion-text fusion-text-5\"><p>Firma Fernco GmbH zosta\u0142a za\u0142o\u017cona w 1995 roku jako firma c\u00f3rka Fernco Ltd. To w\u0142a\u015bnie tam, w Eschwege, w p\u00f3\u0142nocnej Hesji, w Niemczech odbywa si\u0119 najwi\u0119ksza cz\u0119\u015b\u0107 produkcji. Stamt\u0105d te\u017c odbywa si\u0119 dystrybucja do klient\u00f3w, do specjalistycznych sklep\u00f3w budowlanych i hydraulicznych na terenie Niemiec i Europy.<\/p>\n<h2 data-fontsize=\"18\" data-lineheight=\"27\"><strong>Nasza historia\u00a0<\/strong><\/h2>\n<p>Od momentu powo\u0142ania firmy w roku 1964 przez Williama Zopfi z Ferndale\/USA, ide\u0105 przedsi\u0119biorstwa by\u0142o zachowanie najwy\u017cszej jako\u015bci produktu, obs\u0142ugi dostaw, rozwoju produkt\u00f3w oraz \u2013 jako klucz do sukcesu \u2013 na spersonalizowanej obs\u0142udze klienta. Jako przedsi\u0119biorca &#8211; wizjoner, Darrel Cooper przej\u0105\u0142 firm\u0119 od Williama Zopfi, co stanowi\u0142o fundament dla dzisiejszej globalnie dzia\u0142aj\u0105cej grupy . Fernco Inc. z siedzib\u0105 g\u0142\u00f3wn\u0105 w USA (Davison\/Michigan) dla Ameryki i Kanady oraz Fernco GmbH w Niemczech (Eschwege) dla Europy kontynentalnej, zak\u0142ady produkcyjne i dystrybucyjne s\u0105 zlokalizowane w kluczowych punktach geograficznych. Dodatkowe lokalizacje znajduj\u0105 si\u0119 w Wielkiej Brytanii, Australii, Brazylii, Francji, Kanadzie i Meksyku.<\/p>\n<h2 data-fontsize=\"18\" data-lineheight=\"27\"><strong>Struktura\u00a0<\/strong><\/h2>\n<p>Wszystkie przedsi\u0119biorstwa Grupy Fernco s\u0105 strategicznie ulokowane- tak, aby efektywnie obs\u0142ugiwa\u0107 podleg\u0142e rynki. Fernco Inc. w USA obs\u0142uguje Ameryk\u0119 P\u00f3\u0142nocn\u0105 i Kanad\u0119. Fernco Australia obs\u0142uguje Australi\u0119, Now\u0105 Zelandi\u0119 i region Australazji. Fernco France obs\u0142uguje Francj\u0119. Fernco UK obs\u0142uguje Wielk\u0105 Brytani\u0119, Skandynawi\u0119 i reszt\u0119 \u015bwiata. Fernco GmbH obs\u0142uguje Europ\u0119 kontynentaln\u0105.<\/p>\n<\/div><div class=\"fusion-clearfix\"><\/div><\/div><\/div><\/div><\/div>\n","protected":false},"excerpt":{"rendered":"","protected":false},"author":1,"featured_media":0,"parent":31860,"menu_order":0,"comment_status":"open","ping_status":"closed","template":"","meta":{"_acf_changed":false,"_mi_skip_tracking":false,"_monsterinsights_sitenote_active":false,"_monsterinsights_sitenote_note":"","_monsterinsights_sitenote_category":0,"footnotes":""},"acf":[],"yoast_head":"<!-- This site is optimized with the Yoast SEO plugin v22.7 - https:\/\/yoast.com\/wordpress\/plugins\/seo\/ -->\n<title>Cz\u0119\u015b\u0107 \u015bwiatowej grupy | Fernco<\/title>\n<meta name=\"description\" content=\"Fernco GmbH jest producentem techniki przy\u0142\u0105czeniowej rur i cz\u0119\u015bci\u0105 globalnej grupy przedsi\u0119biorstw Fernco, z siedzib\u0105 g\u0142\u00f3wn\u0105 w Michigan\" \/>\n<meta name=\"robots\" content=\"index, follow, max-snippet:-1, max-image-preview:large, max-video-preview:-1\" \/>\n<link rel=\"canonical\" href=\"https:\/\/www.fernco.de\/pl\/home\/o-nas\/czesc-swiatowej-grupy\" \/>\n<meta property=\"og:locale\" content=\"pl_PL\" \/>\n<meta property=\"og:type\" content=\"article\" \/>\n<meta property=\"og:title\" content=\"Cz\u0119\u015b\u0107 \u015bwiatowej grupy | Fernco\" \/>\n<meta property=\"og:description\" content=\"Fernco GmbH jest producentem techniki przy\u0142\u0105czeniowej rur i cz\u0119\u015bci\u0105 globalnej grupy przedsi\u0119biorstw Fernco, z siedzib\u0105 g\u0142\u00f3wn\u0105 w Michigan\" \/>\n<meta property=\"og:url\" content=\"https:\/\/www.fernco.de\/pl\/home\/o-nas\/czesc-swiatowej-grupy\" \/>\n<meta property=\"og:site_name\" content=\"Fernco\" \/>\n<meta property=\"article:publisher\" content=\"https:\/\/www.facebook.com\/Flexseal\" \/>\n<meta property=\"article:modified_time\" content=\"2024-10-14T14:28:48+00:00\" \/>\n<meta name=\"twitter:card\" content=\"summary_large_image\" \/>\n<meta name=\"twitter:site\" content=\"@FlexsealUK\" \/>\n<meta name=\"twitter:label1\" content=\"Szacowany czas czytania\" \/>\n\t<meta name=\"twitter:data1\" content=\"2 minuty\" \/>\n<script type=\"application\/ld+json\" class=\"yoast-schema-graph\">{\"@context\":\"https:\/\/schema.org\",\"@graph\":[{\"@type\":\"WebPage\",\"@id\":\"https:\/\/www.fernco.de\/pl\/home\/o-nas\/czesc-swiatowej-grupy\",\"url\":\"https:\/\/www.fernco.de\/pl\/home\/o-nas\/czesc-swiatowej-grupy\",\"name\":\"Cz\u0119\u015b\u0107 \u015bwiatowej grupy | Fernco\",\"isPartOf\":{\"@id\":\"https:\/\/www.fernco.de\/pl#website\"},\"datePublished\":\"2024-05-21T06:12:57+00:00\",\"dateModified\":\"2024-10-14T14:28:48+00:00\",\"description\":\"Fernco GmbH jest producentem techniki przy\u0142\u0105czeniowej rur i cz\u0119\u015bci\u0105 globalnej grupy przedsi\u0119biorstw Fernco, z siedzib\u0105 g\u0142\u00f3wn\u0105 w Michigan\",\"breadcrumb\":{\"@id\":\"https:\/\/www.fernco.de\/pl\/home\/o-nas\/czesc-swiatowej-grupy#breadcrumb\"},\"inLanguage\":\"pl-PL\",\"potentialAction\":[{\"@type\":\"ReadAction\",\"target\":[\"https:\/\/www.fernco.de\/pl\/home\/o-nas\/czesc-swiatowej-grupy\"]}]},{\"@type\":\"BreadcrumbList\",\"@id\":\"https:\/\/www.fernco.de\/pl\/home\/o-nas\/czesc-swiatowej-grupy#breadcrumb\",\"itemListElement\":[{\"@type\":\"ListItem\",\"position\":1,\"name\":\"Home\",\"item\":\"https:\/\/www.fernco.de\/pl\"},{\"@type\":\"ListItem\",\"position\":2,\"name\":\"Strona g\u0142\u00f3wna\",\"item\":\"https:\/\/www.fernco.de\/pl\"},{\"@type\":\"ListItem\",\"position\":3,\"name\":\"O nas\",\"item\":\"https:\/\/www.fernco.de\/pl\/home\/o-nas\"},{\"@type\":\"ListItem\",\"position\":4,\"name\":\"Cz\u0119\u015b\u0107 \u015bwiatowej grupy\"}]},{\"@type\":\"WebSite\",\"@id\":\"https:\/\/www.fernco.de\/pl#website\",\"url\":\"https:\/\/www.fernco.de\/pl\",\"name\":\"Fernco\",\"description\":\"Flexible Couplings, Drainage &amp; Plumbing Systems\",\"publisher\":{\"@id\":\"https:\/\/www.fernco.de\/pl#organization\"},\"potentialAction\":[{\"@type\":\"SearchAction\",\"target\":{\"@type\":\"EntryPoint\",\"urlTemplate\":\"https:\/\/www.fernco.de\/pl?s={search_term_string}\"},\"query-input\":\"required name=search_term_string\"}],\"inLanguage\":\"pl-PL\"},{\"@type\":\"Organization\",\"@id\":\"https:\/\/www.fernco.de\/pl#organization\",\"name\":\"Fernco GmbH\",\"alternateName\":\"Fernco\",\"url\":\"https:\/\/www.fernco.de\/pl\",\"logo\":{\"@type\":\"ImageObject\",\"inLanguage\":\"pl-PL\",\"@id\":\"https:\/\/www.fernco.de\/pl#\/schema\/logo\/image\/\",\"url\":\"https:\/\/www.fernco.de\/wp-content\/uploads\/2022\/06\/fernco-logo.png\",\"contentUrl\":\"https:\/\/www.fernco.de\/wp-content\/uploads\/2022\/06\/fernco-logo.png\",\"width\":287,\"height\":50,\"caption\":\"Fernco GmbH\"},\"image\":{\"@id\":\"https:\/\/www.fernco.de\/pl#\/schema\/logo\/image\/\"},\"sameAs\":[\"https:\/\/www.facebook.com\/Flexseal\",\"https:\/\/x.com\/FlexsealUK\"]}]}<\/script>\n<!-- \/ Yoast SEO plugin. -->","yoast_head_json":{"title":"Cz\u0119\u015b\u0107 \u015bwiatowej grupy | Fernco","description":"Fernco GmbH jest producentem techniki przy\u0142\u0105czeniowej rur i cz\u0119\u015bci\u0105 globalnej grupy przedsi\u0119biorstw Fernco, z siedzib\u0105 g\u0142\u00f3wn\u0105 w Michigan","robots":{"index":"index","follow":"follow","max-snippet":"max-snippet:-1","max-image-preview":"max-image-preview:large","max-video-preview":"max-video-preview:-1"},"canonical":"https:\/\/www.fernco.de\/pl\/home\/o-nas\/czesc-swiatowej-grupy","og_locale":"pl_PL","og_type":"article","og_title":"Cz\u0119\u015b\u0107 \u015bwiatowej grupy | Fernco","og_description":"Fernco GmbH jest producentem techniki przy\u0142\u0105czeniowej rur i cz\u0119\u015bci\u0105 globalnej grupy przedsi\u0119biorstw Fernco, z siedzib\u0105 g\u0142\u00f3wn\u0105 w Michigan","og_url":"https:\/\/www.fernco.de\/pl\/home\/o-nas\/czesc-swiatowej-grupy","og_site_name":"Fernco","article_publisher":"https:\/\/www.facebook.com\/Flexseal","article_modified_time":"2024-10-14T14:28:48+00:00","twitter_card":"summary_large_image","twitter_site":"@FlexsealUK","twitter_misc":{"Szacowany czas czytania":"2 minuty"},"schema":{"@context":"https:\/\/schema.org","@graph":[{"@type":"WebPage","@id":"https:\/\/www.fernco.de\/pl\/home\/o-nas\/czesc-swiatowej-grupy","url":"https:\/\/www.fernco.de\/pl\/home\/o-nas\/czesc-swiatowej-grupy","name":"Cz\u0119\u015b\u0107 \u015bwiatowej grupy | Fernco","isPartOf":{"@id":"https:\/\/www.fernco.de\/pl#website"},"datePublished":"2024-05-21T06:12:57+00:00","dateModified":"2024-10-14T14:28:48+00:00","description":"Fernco GmbH jest producentem techniki przy\u0142\u0105czeniowej rur i cz\u0119\u015bci\u0105 globalnej grupy przedsi\u0119biorstw Fernco, z siedzib\u0105 g\u0142\u00f3wn\u0105 w Michigan","breadcrumb":{"@id":"https:\/\/www.fernco.de\/pl\/home\/o-nas\/czesc-swiatowej-grupy#breadcrumb"},"inLanguage":"pl-PL","potentialAction":[{"@type":"ReadAction","target":["https:\/\/www.fernco.de\/pl\/home\/o-nas\/czesc-swiatowej-grupy"]}]},{"@type":"BreadcrumbList","@id":"https:\/\/www.fernco.de\/pl\/home\/o-nas\/czesc-swiatowej-grupy#breadcrumb","itemListElement":[{"@type":"ListItem","position":1,"name":"Home","item":"https:\/\/www.fernco.de\/pl"},{"@type":"ListItem","position":2,"name":"Strona g\u0142\u00f3wna","item":"https:\/\/www.fernco.de\/pl"},{"@type":"ListItem","position":3,"name":"O nas","item":"https:\/\/www.fernco.de\/pl\/home\/o-nas"},{"@type":"ListItem","position":4,"name":"Cz\u0119\u015b\u0107 \u015bwiatowej grupy"}]},{"@type":"WebSite","@id":"https:\/\/www.fernco.de\/pl#website","url":"https:\/\/www.fernco.de\/pl","name":"Fernco","description":"Flexible Couplings, Drainage &amp; Plumbing Systems","publisher":{"@id":"https:\/\/www.fernco.de\/pl#organization"},"potentialAction":[{"@type":"SearchAction","target":{"@type":"EntryPoint","urlTemplate":"https:\/\/www.fernco.de\/pl?s={search_term_string}"},"query-input":"required name=search_term_string"}],"inLanguage":"pl-PL"},{"@type":"Organization","@id":"https:\/\/www.fernco.de\/pl#organization","name":"Fernco GmbH","alternateName":"Fernco","url":"https:\/\/www.fernco.de\/pl","logo":{"@type":"ImageObject","inLanguage":"pl-PL","@id":"https:\/\/www.fernco.de\/pl#\/schema\/logo\/image\/","url":"https:\/\/www.fernco.de\/wp-content\/uploads\/2022\/06\/fernco-logo.png","contentUrl":"https:\/\/www.fernco.de\/wp-content\/uploads\/2022\/06\/fernco-logo.png","width":287,"height":50,"caption":"Fernco GmbH"},"image":{"@id":"https:\/\/www.fernco.de\/pl#\/schema\/logo\/image\/"},"sameAs":["https:\/\/www.facebook.com\/Flexseal","https:\/\/x.com\/FlexsealUK"]}]}},"_links":{"self":[{"href":"https:\/\/www.fernco.de\/pl\/wp-json\/wp\/v2\/pages\/31923"}],"collection":[{"href":"https:\/\/www.fernco.de\/pl\/wp-json\/wp\/v2\/pages"}],"about":[{"href":"https:\/\/www.fernco.de\/pl\/wp-json\/wp\/v2\/types\/page"}],"author":[{"embeddable":true,"href":"https:\/\/www.fernco.de\/pl\/wp-json\/wp\/v2\/users\/1"}],"replies":[{"embeddable":true,"href":"https:\/\/www.fernco.de\/pl\/wp-json\/wp\/v2\/comments?post=31923"}],"version-history":[{"count":0,"href":"https:\/\/www.fernco.de\/pl\/wp-json\/wp\/v2\/pages\/31923\/revisions"}],"up":[{"embeddable":true,"href":"https:\/\/www.fernco.de\/pl\/wp-json\/wp\/v2\/pages\/31860"}],"wp:attachment":[{"href":"https:\/\/www.fernco.de\/pl\/wp-json\/wp\/v2\/media?parent=31923"}],"curies":[{"name":"wp","href":"https:\/\/api.w.org\/{rel}","templated":true}]}}