{"id":31998,"date":"2024-05-21T07:13:01","date_gmt":"2024-05-21T06:13:01","guid":{"rendered":"https:\/\/www.fernco.de\/?page_id=31998"},"modified":"2025-12-17T15:44:48","modified_gmt":"2025-12-17T15:44:48","slug":"zrownowazony-rozwoj","status":"publish","type":"page","link":"https:\/\/www.fernco.de\/pl\/home\/zrownowazony-rozwoj","title":{"rendered":"Zr\u00f3wnowa\u017cony rozw\u00f3j"},"content":{"rendered":"<div class=\"fusion-fullwidth fullwidth-box fusion-builder-row-1 fusion-flex-container has-pattern-background has-mask-background fusion-parallax-none hundred-percent-fullwidth non-hundred-percent-height-scrolling lazyload\" style=\"--awb-background-position:center top;--awb-border-sizes-top:500;--awb-border-radius-top-left:0px;--awb-border-radius-top-right:0px;--awb-border-radius-bottom-right:0px;--awb-border-radius-bottom-left:0px;--awb-padding-top:500px;--awb-padding-top-small:100px;--awb-background-size:cover;--awb-flex-wrap:wrap;\" data-bg=\"https:\/\/www.fernco.de\/wp-content\/uploads\/2024\/06\/baume-2.jpg\" ><div class=\"fusion-builder-row fusion-row fusion-flex-align-items-flex-start fusion-flex-content-wrap\" style=\"width:104% !important;max-width:104% !important;margin-left: calc(-4% \/ 2 );margin-right: calc(-4% \/ 2 );\"><div class=\"fusion-layout-column fusion_builder_column fusion-builder-column-0 fusion_builder_column_1_1 1_1 fusion-flex-column\" style=\"--awb-bg-size:cover;--awb-width-large:100%;--awb-margin-top-large:0px;--awb-spacing-right-large:1.92%;--awb-margin-bottom-large:20px;--awb-spacing-left-large:1.92%;--awb-width-medium:100%;--awb-order-medium:0;--awb-spacing-right-medium:1.92%;--awb-spacing-left-medium:1.92%;--awb-width-small:100%;--awb-order-small:0;--awb-spacing-right-small:1.92%;--awb-spacing-left-small:1.92%;\"><div class=\"fusion-column-wrapper fusion-column-has-shadow fusion-flex-justify-content-flex-start fusion-content-layout-column\"><\/div><\/div><\/div><\/div><div class=\"fusion-fullwidth fullwidth-box fusion-builder-row-2 fusion-flex-container has-pattern-background has-mask-background nonhundred-percent-fullwidth non-hundred-percent-height-scrolling\" style=\"--awb-border-radius-top-left:0px;--awb-border-radius-top-right:0px;--awb-border-radius-bottom-right:0px;--awb-border-radius-bottom-left:0px;--awb-flex-wrap:wrap;\" ><div class=\"fusion-builder-row fusion-row fusion-flex-align-items-flex-start fusion-flex-justify-content-space-between fusion-flex-content-wrap\" style=\"max-width:1144px;margin-left: calc(-4% \/ 2 );margin-right: calc(-4% \/ 2 );\"><div class=\"fusion-layout-column fusion_builder_column fusion-builder-column-1 fusion_builder_column_2_3 2_3 fusion-flex-column\" style=\"--awb-bg-size:cover;--awb-width-large:66.666666666667%;--awb-margin-top-large:0px;--awb-spacing-right-large:2.88%;--awb-margin-bottom-large:20px;--awb-spacing-left-large:2.88%;--awb-width-medium:100%;--awb-order-medium:0;--awb-spacing-right-medium:1.92%;--awb-spacing-left-medium:1.92%;--awb-width-small:100%;--awb-order-small:0;--awb-spacing-right-small:1.92%;--awb-spacing-left-small:1.92%;\"><div class=\"fusion-column-wrapper fusion-column-has-shadow fusion-flex-justify-content-flex-start fusion-content-layout-column\"><div class=\"fusion-separator fusion-full-width-sep\" style=\"align-self: center;margin-left: auto;margin-right: auto;margin-top:10px;margin-bottom:10px;width:100%;\"><div class=\"fusion-separator-border sep-double\" style=\"--awb-height:20px;--awb-amount:20px;border-color:#e0dede;border-top-width:0px;border-bottom-width:0px;\"><\/div><\/div><div class=\"fusion-text fusion-text-1\"><h3><strong><span class=\"ui-provider bng bnh bni bnj bnk bnl bnm bnn bno bnp bnq bnr bns bnt bnu bnv bnw bnx bny bnz boa bob boc bod boe bof bog boh boi boj bok bol bom bon boo\" dir=\"ltr\">Certyfikat EcoZert wyr\u00f3\u017cnia firmy, kt\u00f3re wykazuj\u0105 szczeg\u00f3ln\u0105 dba\u0142o\u015b\u0107 o procesy,dzia\u0142ania spo\u0142eczne, \u015brodowisko i \u0142ad koropracyjny. R\u00f3wnie\u017c Fernco GmbH mo\u017ce pochwali\u0107 si\u0119 tym wyr\u00f3\u017cnieniem.<\/span><\/strong><\/h3>\n<\/div><div class=\"fusion-separator fusion-full-width-sep\" style=\"align-self: center;margin-left: auto;margin-right: auto;margin-top:10px;margin-bottom:10px;width:100%;\"><div class=\"fusion-separator-border sep-double\" style=\"--awb-height:20px;--awb-amount:20px;border-color:#e0dede;border-top-width:0px;border-bottom-width:0px;\"><\/div><\/div><div class=\"fusion-text fusion-text-2\"><p><span class=\"ui-provider bng bnh bni bnj bnk bnl bnm bnn bno bnp bnq bnr bns bnt bnu bnv bnw bnx bny bnz boa bob boc bod boe bof bog boh boi boj bok bol bom bon boo\" dir=\"ltr\">Certyfikacja zosta\u0142a przeprowadzona po gruntownej weryfikacji przez niezale\u017cn\u0105 firm\u0119 Creditreform Rating AG. Dla zapewnienia standard\u00f3w Creditreform Rating AG bra\u0142 pod uwag\u0119 obszary ESG: \u015brodowisko, spo\u0142ecze\u0144stwo i zarz\u0105dzanie firm\u0105. Wyniki tej oceny s\u0105 imponuj\u0105ce. Przyznanie certyfikatu <a class=\"fui-Link ___10kug0w f3rmtva f1ewtqcl fyind8e f1k6fduh f1w7gpdv fk6fouc fjoy568 figsok6 f1hu3pq6 f11qmguv f19f4twv f1tyq0we f1g0x7ka fhxju0i f1qch9an f1cnd47f fqv5qza f1vmzxwi f1o700av f13mvf36 f1cmlufx f9n3di6 f1ids18y f1tx3yz7 f1deo86v f1eh06m1 f1iescvh fhgqx19 f1olyrje f1p93eir f1nev41a f1h8hb77 f1lqvz6u f10aw75t fsle3fq f17ae5zn\" title=\"https:\/\/www.linkedin.com\/feed\/hashtag\/?keywords=ecozert&amp;highlightedupdateurns=urn%3ali%3aactivity%3a7120664895439650818\" href=\"https:\/\/www.linkedin.com\/feed\/hashtag\/?keywords=ecozert&amp;highlightedUpdateUrns=urn%3Ali%3Aactivity%3A7120664895439650818\" target=\"_blank\" rel=\"noreferrer noopener\" aria-label=\"Link EcoZert\">EcoZert<\/a> oznacza, \u017ce Fernco GmbH do\u0142\u0105cza do ekskluzywnego grona niemieckich przedsi\u0119biorstw, kt\u00f3re otrzyma\u0142y to wyr\u00f3\u017cnienie, stanowi\u0105 one mniej ni\u017c 10% og\u00f3\u0142u. Pokazujemy w ten spos\u00f3b skuteczno\u015b\u0107 naszych dzia\u0142a\u0144 w kierunku zr\u00f3wnowa\u017conego rozwoju w\u015br\u00f3d partner\u00f3w biznesowych, instytucji finansowych i kredytodawc\u00f3w, staj\u0105c si\u0119 dobrym przyk\u0142adem dla regionu.<br \/>\n<\/span><\/p>\n<\/div><\/div><\/div><div class=\"fusion-layout-column fusion_builder_column fusion-builder-column-2 fusion_builder_column_1_4 1_4 fusion-flex-column fusion-column-inner-bg-wrapper\" style=\"--awb-inner-bg-size:cover;--awb-width-large:25%;--awb-margin-top-large:0px;--awb-spacing-right-large:7.68%;--awb-margin-bottom-large:20px;--awb-spacing-left-large:7.68%;--awb-width-medium:100%;--awb-order-medium:0;--awb-spacing-right-medium:1.92%;--awb-spacing-left-medium:1.92%;--awb-width-small:100%;--awb-order-small:0;--awb-spacing-right-small:1.92%;--awb-spacing-left-small:1.92%;\" data-scroll-devices=\"small-visibility,medium-visibility,large-visibility\"><span class=\"fusion-column-inner-bg hover-type-none\"><a class=\"fusion-column-anchor\" href=\"https:\/\/www.fernco.de\/wp-content\/uploads\/2025\/02\/EcoZert_2024_englisch_6150191177_Fernco-GmbH.pdf\"><span class=\"fusion-column-inner-bg-image\"><\/span><\/a><\/span><div class=\"fusion-column-wrapper fusion-column-has-shadow fusion-flex-justify-content-flex-end fusion-content-layout-column\"><div class=\"fusion-separator fusion-full-width-sep\" style=\"align-self: center;margin-left: auto;margin-right: auto;margin-top:10px;margin-bottom:10px;width:100%;\"><div class=\"fusion-separator-border sep-double\" style=\"--awb-height:20px;--awb-amount:20px;border-color:#e0dede;border-top-width:0px;border-bottom-width:0px;\"><\/div><\/div><div class=\"fusion-image-element \" style=\"--awb-caption-title-font-family:var(--h2_typography-font-family);--awb-caption-title-font-weight:var(--h2_typography-font-weight);--awb-caption-title-font-style:var(--h2_typography-font-style);--awb-caption-title-size:var(--h2_typography-font-size);--awb-caption-title-transform:var(--h2_typography-text-transform);--awb-caption-title-line-height:var(--h2_typography-line-height);--awb-caption-title-letter-spacing:var(--h2_typography-letter-spacing);\"><span class=\" fusion-imageframe imageframe-none imageframe-1 hover-type-none\"><img decoding=\"async\" width=\"932\" height=\"1215\" title=\"EcoZert_EN\" src=\"https:\/\/www.fernco.de\/wp-content\/uploads\/2025\/12\/EcoZert_EN.png\" data-orig-src=\"https:\/\/www.fernco.de\/wp-content\/uploads\/2025\/12\/EcoZert_EN.png\" alt class=\"lazyload img-responsive wp-image-37071\" srcset=\"data:image\/svg+xml,%3Csvg%20xmlns%3D%27http%3A%2F%2Fwww.w3.org%2F2000%2Fsvg%27%20width%3D%27932%27%20height%3D%271215%27%20viewBox%3D%270%200%20932%201215%27%3E%3Crect%20width%3D%27932%27%20height%3D%271215%27%20fill-opacity%3D%220%22%2F%3E%3C%2Fsvg%3E\" data-srcset=\"https:\/\/www.fernco.de\/wp-content\/uploads\/2025\/12\/EcoZert_EN-200x261.png 200w, https:\/\/www.fernco.de\/wp-content\/uploads\/2025\/12\/EcoZert_EN-400x521.png 400w, https:\/\/www.fernco.de\/wp-content\/uploads\/2025\/12\/EcoZert_EN-600x782.png 600w, https:\/\/www.fernco.de\/wp-content\/uploads\/2025\/12\/EcoZert_EN-800x1043.png 800w, https:\/\/www.fernco.de\/wp-content\/uploads\/2025\/12\/EcoZert_EN.png 932w\" data-sizes=\"auto\" data-orig-sizes=\"(max-width: 1024px) 100vw, (max-width: 640px) 100vw, 400px\" \/><\/span><\/div><div class=\"fusion-text fusion-text-3\"><p style=\"text-align: center;\">Wy\u015bwietl certyfikat<\/p>\n<\/div><\/div><\/div><\/div><\/div><div class=\"fusion-fullwidth fullwidth-box fusion-builder-row-3 fusion-flex-container has-pattern-background has-mask-background nonhundred-percent-fullwidth non-hundred-percent-height-scrolling\" style=\"--awb-border-radius-top-left:0px;--awb-border-radius-top-right:0px;--awb-border-radius-bottom-right:0px;--awb-border-radius-bottom-left:0px;--awb-flex-wrap:wrap;\" ><div class=\"fusion-builder-row fusion-row fusion-flex-align-items-flex-start fusion-flex-justify-content-center fusion-flex-content-wrap\" style=\"max-width:1144px;margin-left: calc(-4% \/ 2 );margin-right: calc(-4% \/ 2 );\"><div class=\"fusion-layout-column fusion_builder_column fusion-builder-column-3 fusion_builder_column_3_5 3_5 fusion-flex-column\" style=\"--awb-bg-size:cover;--awb-width-large:60%;--awb-margin-top-large:0px;--awb-spacing-right-large:3.2%;--awb-margin-bottom-large:20px;--awb-spacing-left-large:3.2%;--awb-width-medium:100%;--awb-order-medium:0;--awb-spacing-right-medium:1.92%;--awb-spacing-left-medium:1.92%;--awb-width-small:100%;--awb-order-small:0;--awb-spacing-right-small:1.92%;--awb-spacing-left-small:1.92%;\"><div class=\"fusion-column-wrapper fusion-column-has-shadow fusion-flex-justify-content-flex-start fusion-content-layout-column\"><div class=\"fusion-separator fusion-full-width-sep\" style=\"align-self: center;margin-left: auto;margin-right: auto;margin-top:10px;margin-bottom:10px;width:100%;\"><div class=\"fusion-separator-border sep-double\" style=\"--awb-height:20px;--awb-amount:20px;border-color:#e0dede;border-top-width:0px;border-bottom-width:0px;\"><\/div><\/div><div class=\"fusion-image-element \" style=\"--awb-caption-title-font-family:var(--h2_typography-font-family);--awb-caption-title-font-weight:var(--h2_typography-font-weight);--awb-caption-title-font-style:var(--h2_typography-font-style);--awb-caption-title-size:var(--h2_typography-font-size);--awb-caption-title-transform:var(--h2_typography-text-transform);--awb-caption-title-line-height:var(--h2_typography-line-height);--awb-caption-title-letter-spacing:var(--h2_typography-letter-spacing);\"><span class=\" fusion-imageframe imageframe-none imageframe-2 hover-type-none\"><img decoding=\"async\" width=\"1033\" height=\"895\" title=\"Nachhaltigkeit PL\" src=\"https:\/\/www.fernco.de\/wp-content\/uploads\/2024\/07\/Nachhaltigkeit-PL.png\" data-orig-src=\"https:\/\/www.fernco.de\/wp-content\/uploads\/2024\/07\/Nachhaltigkeit-PL.png\" alt class=\"lazyload img-responsive wp-image-32872\" srcset=\"data:image\/svg+xml,%3Csvg%20xmlns%3D%27http%3A%2F%2Fwww.w3.org%2F2000%2Fsvg%27%20width%3D%271033%27%20height%3D%27895%27%20viewBox%3D%270%200%201033%20895%27%3E%3Crect%20width%3D%271033%27%20height%3D%27895%27%20fill-opacity%3D%220%22%2F%3E%3C%2Fsvg%3E\" data-srcset=\"https:\/\/www.fernco.de\/wp-content\/uploads\/2024\/07\/Nachhaltigkeit-PL-200x173.png 200w, https:\/\/www.fernco.de\/wp-content\/uploads\/2024\/07\/Nachhaltigkeit-PL-400x347.png 400w, https:\/\/www.fernco.de\/wp-content\/uploads\/2024\/07\/Nachhaltigkeit-PL-600x520.png 600w, https:\/\/www.fernco.de\/wp-content\/uploads\/2024\/07\/Nachhaltigkeit-PL-800x693.png 800w, https:\/\/www.fernco.de\/wp-content\/uploads\/2024\/07\/Nachhaltigkeit-PL.png 1033w\" data-sizes=\"auto\" data-orig-sizes=\"(max-width: 1024px) 100vw, (max-width: 640px) 100vw, 800px\" \/><\/span><\/div><\/div><\/div><\/div><\/div>\n","protected":false},"excerpt":{"rendered":"","protected":false},"author":9,"featured_media":0,"parent":31724,"menu_order":4,"comment_status":"closed","ping_status":"closed","template":"100-width.php","meta":{"_acf_changed":false,"_mi_skip_tracking":false,"_monsterinsights_sitenote_active":false,"_monsterinsights_sitenote_note":"","_monsterinsights_sitenote_category":0,"footnotes":""},"acf":[],"yoast_head":"<!-- This site is optimized with the Yoast SEO plugin v22.7 - https:\/\/yoast.com\/wordpress\/plugins\/seo\/ -->\n<title>Zr\u00f3wnowa\u017cony rozw\u00f3j | Fernco<\/title>\n<meta name=\"description\" content=\"Prezentujemy nasze cele zr\u00f3wnowa\u017conego rozwoju, inicjatywy i certyfikaty, dbamy o \u015brodowisko dzi\u015b i w przysz\u0142o\u015bci.\" \/>\n<meta name=\"robots\" content=\"index, follow, max-snippet:-1, max-image-preview:large, max-video-preview:-1\" \/>\n<link rel=\"canonical\" href=\"https:\/\/www.fernco.de\/pl\/home\/zrownowazony-rozwoj\" \/>\n<meta property=\"og:locale\" content=\"pl_PL\" \/>\n<meta property=\"og:type\" content=\"article\" \/>\n<meta property=\"og:title\" content=\"Zr\u00f3wnowa\u017cony rozw\u00f3j | Fernco\" \/>\n<meta property=\"og:description\" content=\"Prezentujemy nasze cele zr\u00f3wnowa\u017conego rozwoju, inicjatywy i certyfikaty, dbamy o \u015brodowisko dzi\u015b i w przysz\u0142o\u015bci.\" \/>\n<meta property=\"og:url\" content=\"https:\/\/www.fernco.de\/pl\/home\/zrownowazony-rozwoj\" \/>\n<meta property=\"og:site_name\" content=\"Fernco\" \/>\n<meta property=\"article:publisher\" content=\"https:\/\/www.facebook.com\/Flexseal\" \/>\n<meta property=\"article:modified_time\" content=\"2025-12-17T15:44:48+00:00\" \/>\n<meta name=\"twitter:card\" content=\"summary_large_image\" \/>\n<meta name=\"twitter:site\" content=\"@FlexsealUK\" \/>\n<meta name=\"twitter:label1\" content=\"Szacowany czas czytania\" \/>\n\t<meta name=\"twitter:data1\" content=\"1 minuta\" \/>\n<script type=\"application\/ld+json\" class=\"yoast-schema-graph\">{\"@context\":\"https:\/\/schema.org\",\"@graph\":[{\"@type\":\"WebPage\",\"@id\":\"https:\/\/www.fernco.de\/pl\/home\/zrownowazony-rozwoj\",\"url\":\"https:\/\/www.fernco.de\/pl\/home\/zrownowazony-rozwoj\",\"name\":\"Zr\u00f3wnowa\u017cony rozw\u00f3j | Fernco\",\"isPartOf\":{\"@id\":\"https:\/\/www.fernco.de\/pl#website\"},\"datePublished\":\"2024-05-21T06:13:01+00:00\",\"dateModified\":\"2025-12-17T15:44:48+00:00\",\"description\":\"Prezentujemy nasze cele zr\u00f3wnowa\u017conego rozwoju, inicjatywy i certyfikaty, dbamy o \u015brodowisko dzi\u015b i w przysz\u0142o\u015bci.\",\"breadcrumb\":{\"@id\":\"https:\/\/www.fernco.de\/pl\/home\/zrownowazony-rozwoj#breadcrumb\"},\"inLanguage\":\"pl-PL\",\"potentialAction\":[{\"@type\":\"ReadAction\",\"target\":[\"https:\/\/www.fernco.de\/pl\/home\/zrownowazony-rozwoj\"]}]},{\"@type\":\"BreadcrumbList\",\"@id\":\"https:\/\/www.fernco.de\/pl\/home\/zrownowazony-rozwoj#breadcrumb\",\"itemListElement\":[{\"@type\":\"ListItem\",\"position\":1,\"name\":\"Home\",\"item\":\"https:\/\/www.fernco.de\/pl\"},{\"@type\":\"ListItem\",\"position\":2,\"name\":\"Strona g\u0142\u00f3wna\",\"item\":\"https:\/\/www.fernco.de\/pl\"},{\"@type\":\"ListItem\",\"position\":3,\"name\":\"Zr\u00f3wnowa\u017cony rozw\u00f3j\"}]},{\"@type\":\"WebSite\",\"@id\":\"https:\/\/www.fernco.de\/pl#website\",\"url\":\"https:\/\/www.fernco.de\/pl\",\"name\":\"Fernco\",\"description\":\"Flexible Couplings, Drainage &amp; Plumbing Systems\",\"publisher\":{\"@id\":\"https:\/\/www.fernco.de\/pl#organization\"},\"potentialAction\":[{\"@type\":\"SearchAction\",\"target\":{\"@type\":\"EntryPoint\",\"urlTemplate\":\"https:\/\/www.fernco.de\/pl?s={search_term_string}\"},\"query-input\":\"required name=search_term_string\"}],\"inLanguage\":\"pl-PL\"},{\"@type\":\"Organization\",\"@id\":\"https:\/\/www.fernco.de\/pl#organization\",\"name\":\"Fernco GmbH\",\"alternateName\":\"Fernco\",\"url\":\"https:\/\/www.fernco.de\/pl\",\"logo\":{\"@type\":\"ImageObject\",\"inLanguage\":\"pl-PL\",\"@id\":\"https:\/\/www.fernco.de\/pl#\/schema\/logo\/image\/\",\"url\":\"https:\/\/www.fernco.de\/wp-content\/uploads\/2022\/06\/fernco-logo.png\",\"contentUrl\":\"https:\/\/www.fernco.de\/wp-content\/uploads\/2022\/06\/fernco-logo.png\",\"width\":287,\"height\":50,\"caption\":\"Fernco GmbH\"},\"image\":{\"@id\":\"https:\/\/www.fernco.de\/pl#\/schema\/logo\/image\/\"},\"sameAs\":[\"https:\/\/www.facebook.com\/Flexseal\",\"https:\/\/x.com\/FlexsealUK\"]}]}<\/script>\n<!-- \/ Yoast SEO plugin. -->","yoast_head_json":{"title":"Zr\u00f3wnowa\u017cony rozw\u00f3j | Fernco","description":"Prezentujemy nasze cele zr\u00f3wnowa\u017conego rozwoju, inicjatywy i certyfikaty, dbamy o \u015brodowisko dzi\u015b i w przysz\u0142o\u015bci.","robots":{"index":"index","follow":"follow","max-snippet":"max-snippet:-1","max-image-preview":"max-image-preview:large","max-video-preview":"max-video-preview:-1"},"canonical":"https:\/\/www.fernco.de\/pl\/home\/zrownowazony-rozwoj","og_locale":"pl_PL","og_type":"article","og_title":"Zr\u00f3wnowa\u017cony rozw\u00f3j | Fernco","og_description":"Prezentujemy nasze cele zr\u00f3wnowa\u017conego rozwoju, inicjatywy i certyfikaty, dbamy o \u015brodowisko dzi\u015b i w przysz\u0142o\u015bci.","og_url":"https:\/\/www.fernco.de\/pl\/home\/zrownowazony-rozwoj","og_site_name":"Fernco","article_publisher":"https:\/\/www.facebook.com\/Flexseal","article_modified_time":"2025-12-17T15:44:48+00:00","twitter_card":"summary_large_image","twitter_site":"@FlexsealUK","twitter_misc":{"Szacowany czas czytania":"1 minuta"},"schema":{"@context":"https:\/\/schema.org","@graph":[{"@type":"WebPage","@id":"https:\/\/www.fernco.de\/pl\/home\/zrownowazony-rozwoj","url":"https:\/\/www.fernco.de\/pl\/home\/zrownowazony-rozwoj","name":"Zr\u00f3wnowa\u017cony rozw\u00f3j | Fernco","isPartOf":{"@id":"https:\/\/www.fernco.de\/pl#website"},"datePublished":"2024-05-21T06:13:01+00:00","dateModified":"2025-12-17T15:44:48+00:00","description":"Prezentujemy nasze cele zr\u00f3wnowa\u017conego rozwoju, inicjatywy i certyfikaty, dbamy o \u015brodowisko dzi\u015b i w przysz\u0142o\u015bci.","breadcrumb":{"@id":"https:\/\/www.fernco.de\/pl\/home\/zrownowazony-rozwoj#breadcrumb"},"inLanguage":"pl-PL","potentialAction":[{"@type":"ReadAction","target":["https:\/\/www.fernco.de\/pl\/home\/zrownowazony-rozwoj"]}]},{"@type":"BreadcrumbList","@id":"https:\/\/www.fernco.de\/pl\/home\/zrownowazony-rozwoj#breadcrumb","itemListElement":[{"@type":"ListItem","position":1,"name":"Home","item":"https:\/\/www.fernco.de\/pl"},{"@type":"ListItem","position":2,"name":"Strona g\u0142\u00f3wna","item":"https:\/\/www.fernco.de\/pl"},{"@type":"ListItem","position":3,"name":"Zr\u00f3wnowa\u017cony rozw\u00f3j"}]},{"@type":"WebSite","@id":"https:\/\/www.fernco.de\/pl#website","url":"https:\/\/www.fernco.de\/pl","name":"Fernco","description":"Flexible Couplings, Drainage &amp; Plumbing Systems","publisher":{"@id":"https:\/\/www.fernco.de\/pl#organization"},"potentialAction":[{"@type":"SearchAction","target":{"@type":"EntryPoint","urlTemplate":"https:\/\/www.fernco.de\/pl?s={search_term_string}"},"query-input":"required name=search_term_string"}],"inLanguage":"pl-PL"},{"@type":"Organization","@id":"https:\/\/www.fernco.de\/pl#organization","name":"Fernco GmbH","alternateName":"Fernco","url":"https:\/\/www.fernco.de\/pl","logo":{"@type":"ImageObject","inLanguage":"pl-PL","@id":"https:\/\/www.fernco.de\/pl#\/schema\/logo\/image\/","url":"https:\/\/www.fernco.de\/wp-content\/uploads\/2022\/06\/fernco-logo.png","contentUrl":"https:\/\/www.fernco.de\/wp-content\/uploads\/2022\/06\/fernco-logo.png","width":287,"height":50,"caption":"Fernco GmbH"},"image":{"@id":"https:\/\/www.fernco.de\/pl#\/schema\/logo\/image\/"},"sameAs":["https:\/\/www.facebook.com\/Flexseal","https:\/\/x.com\/FlexsealUK"]}]}},"_links":{"self":[{"href":"https:\/\/www.fernco.de\/pl\/wp-json\/wp\/v2\/pages\/31998"}],"collection":[{"href":"https:\/\/www.fernco.de\/pl\/wp-json\/wp\/v2\/pages"}],"about":[{"href":"https:\/\/www.fernco.de\/pl\/wp-json\/wp\/v2\/types\/page"}],"author":[{"embeddable":true,"href":"https:\/\/www.fernco.de\/pl\/wp-json\/wp\/v2\/users\/9"}],"replies":[{"embeddable":true,"href":"https:\/\/www.fernco.de\/pl\/wp-json\/wp\/v2\/comments?post=31998"}],"version-history":[{"count":4,"href":"https:\/\/www.fernco.de\/pl\/wp-json\/wp\/v2\/pages\/31998\/revisions"}],"predecessor-version":[{"id":37081,"href":"https:\/\/www.fernco.de\/pl\/wp-json\/wp\/v2\/pages\/31998\/revisions\/37081"}],"up":[{"embeddable":true,"href":"https:\/\/www.fernco.de\/pl\/wp-json\/wp\/v2\/pages\/31724"}],"wp:attachment":[{"href":"https:\/\/www.fernco.de\/pl\/wp-json\/wp\/v2\/media?parent=31998"}],"curies":[{"name":"wp","href":"https:\/\/api.w.org\/{rel}","templated":true}]}}