{"id":32113,"date":"2024-05-21T07:13:14","date_gmt":"2024-05-21T06:13:14","guid":{"rendered":"https:\/\/www.fernco.de\/?page_id=32113"},"modified":"2025-06-17T09:31:09","modified_gmt":"2025-06-17T08:31:09","slug":"tabela-wlasciwosci","status":"publish","type":"page","link":"https:\/\/www.fernco.de\/pl\/dane-techniczne\/tabela-wlasciwosci","title":{"rendered":"Tabela w\u0142a\u015bciwo\u015bci"},"content":{"rendered":"<div class=\"fusion-fullwidth fullwidth-box fusion-builder-row-1 hundred-percent-fullwidth non-hundred-percent-height-scrolling\" style=\"--awb-border-radius-top-left:0px;--awb-border-radius-top-right:0px;--awb-border-radius-bottom-right:0px;--awb-border-radius-bottom-left:0px;--awb-overflow:visible;--awb-flex-wrap:wrap;\" ><div class=\"fusion-builder-row fusion-row\"><div class=\"fusion-layout-column fusion_builder_column fusion-builder-column-0 fusion_builder_column_1_1 1_1 fusion-one-full fusion-column-first fusion-column-last fusion-column-no-min-height\" style=\"--awb-bg-size:cover;--awb-margin-bottom:0px;\"><div class=\"fusion-column-wrapper fusion-flex-column-wrapper-legacy\"><div class=\"fusion-text fusion-text-1\"><h3>Skorzystaj z naszej tabeli w\u0142a\u015bciwo\u015bci, aby sprawdzi\u0107, kt\u00f3ry z produkt\u00f3w b\u0119dzie odpowiedni.<\/h3>\n<\/div><div class=\"fusion-clearfix\"><\/div><\/div><\/div><div class=\"fusion-layout-column fusion_builder_column fusion-builder-column-1 fusion_builder_column_1_2 1_2 fusion-one-half fusion-column-first fusion-column-inner-bg-wrapper\" style=\"--awb-inner-bg-size:cover;width:50%;width:calc(50% - ( ( 4% ) * 0.5 ) );margin-right: 4%;\" data-scroll-devices=\"small-visibility,medium-visibility,large-visibility\"><span class=\"fusion-column-inner-bg hover-type-none\"><a class=\"fusion-column-anchor\" href=\"https:\/\/www.fernco.de\/wp-content\/uploads\/2025\/05\/Resistance-Chart_FRP-EPDM-NBR-FKM_web.pdf\" rel=\"noopener noreferrer\" target=\"_blank\"><span class=\"fusion-column-inner-bg-image\"><\/span><\/a><\/span><div class=\"fusion-column-wrapper fusion-column-has-shadow fusion-flex-column-wrapper-legacy\"><div class=\"fusion-builder-row fusion-builder-row-inner fusion-row\"><div class=\"fusion-layout-column fusion_builder_column_inner fusion-builder-nested-column-0 fusion_builder_column_inner_1_6 1_6 fusion-one-sixth fusion-column-first\" style=\"--awb-bg-size:cover;width:16.666666666667%;width:calc(16.666666666667% - ( ( 4% ) * 0.16666666666667 ) );margin-right: 4%;\"><div class=\"fusion-column-wrapper fusion-column-has-shadow fusion-flex-column-wrapper-legacy\"><div class=\"fusion-image-element in-legacy-container\" style=\"--awb-caption-title-font-family:var(--h2_typography-font-family);--awb-caption-title-font-weight:var(--h2_typography-font-weight);--awb-caption-title-font-style:var(--h2_typography-font-style);--awb-caption-title-size:var(--h2_typography-font-size);--awb-caption-title-transform:var(--h2_typography-text-transform);--awb-caption-title-line-height:var(--h2_typography-line-height);--awb-caption-title-letter-spacing:var(--h2_typography-letter-spacing);\"><span class=\" fusion-imageframe imageframe-none imageframe-1 hover-type-none\"><img decoding=\"async\" width=\"40\" height=\"40\" title=\"pdfIcon\" src=\"data:image\/svg+xml,%3Csvg%20xmlns%3D%27http%3A%2F%2Fwww.w3.org%2F2000%2Fsvg%27%20width%3D%2740%27%20height%3D%2740%27%20viewBox%3D%270%200%2040%2040%27%3E%3Crect%20width%3D%2740%27%20height%3D%2740%27%20fill-opacity%3D%220%22%2F%3E%3C%2Fsvg%3E\" data-orig-src=\"https:\/\/www.fernco.de\/wp-content\/uploads\/2019\/04\/pdfIcon.png\" alt class=\"lazyload img-responsive wp-image-32102\"\/><\/span><\/div><div class=\"fusion-clearfix\"><\/div><\/div><\/div><div class=\"fusion-layout-column fusion_builder_column_inner fusion-builder-nested-column-1 fusion_builder_column_inner_1_2 1_2 fusion-one-half fusion-column-last\" style=\"--awb-bg-size:cover;width:50%;width:calc(50% - ( ( 4% ) * 0.5 ) );\"><div class=\"fusion-column-wrapper fusion-column-has-shadow fusion-flex-column-wrapper-legacy\"><div class=\"fusion-text fusion-text-2\"><p>W\u0142a\u015bciwo\u015bci: <strong>FEP \/ EPDM \/ NBR \/ FKM<\/strong><\/p>\n<\/div><div class=\"fusion-clearfix\"><\/div><\/div><\/div><\/div><div class=\"fusion-clearfix\"><\/div><\/div><\/div><div class=\"fusion-layout-column fusion_builder_column fusion-builder-column-2 fusion_builder_column_1_2 1_2 fusion-one-half fusion-column-last fusion-column-inner-bg-wrapper\" style=\"--awb-inner-bg-size:cover;width:50%;width:calc(50% - ( ( 4% ) * 0.5 ) );\" data-scroll-devices=\"small-visibility,medium-visibility,large-visibility\"><span class=\"fusion-column-inner-bg hover-type-none\"><a class=\"fusion-column-anchor\" href=\"https:\/\/www.fernco.de\/wp-content\/uploads\/2024\/08\/Fernco_Bestandigkeitsliste-PVC-EN.pdf\" rel=\"noopener noreferrer\" target=\"_blank\"><span class=\"fusion-column-inner-bg-image\"><\/span><\/a><\/span><div class=\"fusion-column-wrapper fusion-column-has-shadow fusion-flex-column-wrapper-legacy\"><div class=\"fusion-builder-row fusion-builder-row-inner fusion-row\"><div class=\"fusion-layout-column fusion_builder_column_inner fusion-builder-nested-column-2 fusion_builder_column_inner_1_6 1_6 fusion-one-sixth fusion-column-first\" style=\"--awb-bg-size:cover;width:16.666666666667%;width:calc(16.666666666667% - ( ( 4% ) * 0.16666666666667 ) );margin-right: 4%;\"><div class=\"fusion-column-wrapper fusion-column-has-shadow fusion-flex-column-wrapper-legacy\"><div class=\"fusion-image-element in-legacy-container\" style=\"--awb-caption-title-font-family:var(--h2_typography-font-family);--awb-caption-title-font-weight:var(--h2_typography-font-weight);--awb-caption-title-font-style:var(--h2_typography-font-style);--awb-caption-title-size:var(--h2_typography-font-size);--awb-caption-title-transform:var(--h2_typography-text-transform);--awb-caption-title-line-height:var(--h2_typography-line-height);--awb-caption-title-letter-spacing:var(--h2_typography-letter-spacing);\"><span class=\" fusion-imageframe imageframe-none imageframe-2 hover-type-none\"><img decoding=\"async\" width=\"40\" height=\"40\" title=\"pdfIcon\" src=\"data:image\/svg+xml,%3Csvg%20xmlns%3D%27http%3A%2F%2Fwww.w3.org%2F2000%2Fsvg%27%20width%3D%2740%27%20height%3D%2740%27%20viewBox%3D%270%200%2040%2040%27%3E%3Crect%20width%3D%2740%27%20height%3D%2740%27%20fill-opacity%3D%220%22%2F%3E%3C%2Fsvg%3E\" data-orig-src=\"https:\/\/www.fernco.de\/wp-content\/uploads\/2019\/04\/pdfIcon.png\" alt class=\"lazyload img-responsive wp-image-32102\"\/><\/span><\/div><div class=\"fusion-clearfix\"><\/div><\/div><\/div><div class=\"fusion-layout-column fusion_builder_column_inner fusion-builder-nested-column-3 fusion_builder_column_inner_1_2 1_2 fusion-one-half fusion-column-last\" style=\"--awb-bg-size:cover;width:50%;width:calc(50% - ( ( 4% ) * 0.5 ) );\"><div class=\"fusion-column-wrapper fusion-column-has-shadow fusion-flex-column-wrapper-legacy\"><div class=\"fusion-text fusion-text-3\"><p>W\u0142a\u015bciwo\u015bci: <strong>PVC<br \/>\n<\/strong><\/p>\n<\/div><div class=\"fusion-clearfix\"><\/div><\/div><\/div><\/div><div class=\"fusion-clearfix\"><\/div><\/div><\/div><\/div><\/div>\n","protected":false},"excerpt":{"rendered":"","protected":false},"author":1,"featured_media":0,"parent":32101,"menu_order":2,"comment_status":"open","ping_status":"closed","template":"","meta":{"_acf_changed":false,"_mi_skip_tracking":false,"_monsterinsights_sitenote_active":false,"_monsterinsights_sitenote_note":"","_monsterinsights_sitenote_category":0,"footnotes":""},"acf":[],"yoast_head":"<!-- This site is optimized with the Yoast SEO plugin v22.7 - https:\/\/yoast.com\/wordpress\/plugins\/seo\/ -->\n<title>Tabela w\u0142a\u015bciwo\u015bci | Fernco<\/title>\n<meta name=\"description\" content=\"U\u017cyj naszej tabeli , aby dobra\u0107 optymalne rozwi\u0105zanie\" \/>\n<meta name=\"robots\" content=\"index, follow, max-snippet:-1, max-image-preview:large, max-video-preview:-1\" \/>\n<link rel=\"canonical\" href=\"https:\/\/www.fernco.de\/pl\/dane-techniczne\/tabela-wlasciwosci\" \/>\n<meta property=\"og:locale\" content=\"pl_PL\" \/>\n<meta property=\"og:type\" content=\"article\" \/>\n<meta property=\"og:title\" content=\"Tabela w\u0142a\u015bciwo\u015bci | Fernco\" \/>\n<meta property=\"og:description\" content=\"U\u017cyj naszej tabeli , aby dobra\u0107 optymalne rozwi\u0105zanie\" \/>\n<meta property=\"og:url\" content=\"https:\/\/www.fernco.de\/pl\/dane-techniczne\/tabela-wlasciwosci\" \/>\n<meta property=\"og:site_name\" content=\"Fernco\" \/>\n<meta property=\"article:publisher\" content=\"https:\/\/www.facebook.com\/Flexseal\" \/>\n<meta property=\"article:modified_time\" content=\"2025-06-17T08:31:09+00:00\" \/>\n<meta name=\"twitter:card\" content=\"summary_large_image\" \/>\n<meta name=\"twitter:site\" content=\"@FlexsealUK\" \/>\n<meta name=\"twitter:label1\" content=\"Szacowany czas czytania\" \/>\n\t<meta name=\"twitter:data1\" content=\"1 minuta\" \/>\n<script type=\"application\/ld+json\" class=\"yoast-schema-graph\">{\"@context\":\"https:\/\/schema.org\",\"@graph\":[{\"@type\":\"WebPage\",\"@id\":\"https:\/\/www.fernco.de\/pl\/dane-techniczne\/tabela-wlasciwosci\",\"url\":\"https:\/\/www.fernco.de\/pl\/dane-techniczne\/tabela-wlasciwosci\",\"name\":\"Tabela w\u0142a\u015bciwo\u015bci | Fernco\",\"isPartOf\":{\"@id\":\"https:\/\/www.fernco.de\/pl#website\"},\"datePublished\":\"2024-05-21T06:13:14+00:00\",\"dateModified\":\"2025-06-17T08:31:09+00:00\",\"description\":\"U\u017cyj naszej tabeli , aby dobra\u0107 optymalne rozwi\u0105zanie\",\"breadcrumb\":{\"@id\":\"https:\/\/www.fernco.de\/pl\/dane-techniczne\/tabela-wlasciwosci#breadcrumb\"},\"inLanguage\":\"pl-PL\",\"potentialAction\":[{\"@type\":\"ReadAction\",\"target\":[\"https:\/\/www.fernco.de\/pl\/dane-techniczne\/tabela-wlasciwosci\"]}]},{\"@type\":\"BreadcrumbList\",\"@id\":\"https:\/\/www.fernco.de\/pl\/dane-techniczne\/tabela-wlasciwosci#breadcrumb\",\"itemListElement\":[{\"@type\":\"ListItem\",\"position\":1,\"name\":\"Home\",\"item\":\"https:\/\/www.fernco.de\/pl\"},{\"@type\":\"ListItem\",\"position\":2,\"name\":\"Dane techniczne\",\"item\":\"https:\/\/www.fernco.de\/pl\/dane-techniczne\"},{\"@type\":\"ListItem\",\"position\":3,\"name\":\"Tabela w\u0142a\u015bciwo\u015bci\"}]},{\"@type\":\"WebSite\",\"@id\":\"https:\/\/www.fernco.de\/pl#website\",\"url\":\"https:\/\/www.fernco.de\/pl\",\"name\":\"Fernco\",\"description\":\"Flexible Couplings, Drainage &amp; Plumbing Systems\",\"publisher\":{\"@id\":\"https:\/\/www.fernco.de\/pl#organization\"},\"potentialAction\":[{\"@type\":\"SearchAction\",\"target\":{\"@type\":\"EntryPoint\",\"urlTemplate\":\"https:\/\/www.fernco.de\/pl?s={search_term_string}\"},\"query-input\":\"required name=search_term_string\"}],\"inLanguage\":\"pl-PL\"},{\"@type\":\"Organization\",\"@id\":\"https:\/\/www.fernco.de\/pl#organization\",\"name\":\"Fernco GmbH\",\"alternateName\":\"Fernco\",\"url\":\"https:\/\/www.fernco.de\/pl\",\"logo\":{\"@type\":\"ImageObject\",\"inLanguage\":\"pl-PL\",\"@id\":\"https:\/\/www.fernco.de\/pl#\/schema\/logo\/image\/\",\"url\":\"https:\/\/www.fernco.de\/wp-content\/uploads\/2022\/06\/fernco-logo.png\",\"contentUrl\":\"https:\/\/www.fernco.de\/wp-content\/uploads\/2022\/06\/fernco-logo.png\",\"width\":287,\"height\":50,\"caption\":\"Fernco GmbH\"},\"image\":{\"@id\":\"https:\/\/www.fernco.de\/pl#\/schema\/logo\/image\/\"},\"sameAs\":[\"https:\/\/www.facebook.com\/Flexseal\",\"https:\/\/x.com\/FlexsealUK\"]}]}<\/script>\n<!-- \/ Yoast SEO plugin. -->","yoast_head_json":{"title":"Tabela w\u0142a\u015bciwo\u015bci | Fernco","description":"U\u017cyj naszej tabeli , aby dobra\u0107 optymalne rozwi\u0105zanie","robots":{"index":"index","follow":"follow","max-snippet":"max-snippet:-1","max-image-preview":"max-image-preview:large","max-video-preview":"max-video-preview:-1"},"canonical":"https:\/\/www.fernco.de\/pl\/dane-techniczne\/tabela-wlasciwosci","og_locale":"pl_PL","og_type":"article","og_title":"Tabela w\u0142a\u015bciwo\u015bci | Fernco","og_description":"U\u017cyj naszej tabeli , aby dobra\u0107 optymalne rozwi\u0105zanie","og_url":"https:\/\/www.fernco.de\/pl\/dane-techniczne\/tabela-wlasciwosci","og_site_name":"Fernco","article_publisher":"https:\/\/www.facebook.com\/Flexseal","article_modified_time":"2025-06-17T08:31:09+00:00","twitter_card":"summary_large_image","twitter_site":"@FlexsealUK","twitter_misc":{"Szacowany czas czytania":"1 minuta"},"schema":{"@context":"https:\/\/schema.org","@graph":[{"@type":"WebPage","@id":"https:\/\/www.fernco.de\/pl\/dane-techniczne\/tabela-wlasciwosci","url":"https:\/\/www.fernco.de\/pl\/dane-techniczne\/tabela-wlasciwosci","name":"Tabela w\u0142a\u015bciwo\u015bci | Fernco","isPartOf":{"@id":"https:\/\/www.fernco.de\/pl#website"},"datePublished":"2024-05-21T06:13:14+00:00","dateModified":"2025-06-17T08:31:09+00:00","description":"U\u017cyj naszej tabeli , aby dobra\u0107 optymalne rozwi\u0105zanie","breadcrumb":{"@id":"https:\/\/www.fernco.de\/pl\/dane-techniczne\/tabela-wlasciwosci#breadcrumb"},"inLanguage":"pl-PL","potentialAction":[{"@type":"ReadAction","target":["https:\/\/www.fernco.de\/pl\/dane-techniczne\/tabela-wlasciwosci"]}]},{"@type":"BreadcrumbList","@id":"https:\/\/www.fernco.de\/pl\/dane-techniczne\/tabela-wlasciwosci#breadcrumb","itemListElement":[{"@type":"ListItem","position":1,"name":"Home","item":"https:\/\/www.fernco.de\/pl"},{"@type":"ListItem","position":2,"name":"Dane techniczne","item":"https:\/\/www.fernco.de\/pl\/dane-techniczne"},{"@type":"ListItem","position":3,"name":"Tabela w\u0142a\u015bciwo\u015bci"}]},{"@type":"WebSite","@id":"https:\/\/www.fernco.de\/pl#website","url":"https:\/\/www.fernco.de\/pl","name":"Fernco","description":"Flexible Couplings, Drainage &amp; Plumbing Systems","publisher":{"@id":"https:\/\/www.fernco.de\/pl#organization"},"potentialAction":[{"@type":"SearchAction","target":{"@type":"EntryPoint","urlTemplate":"https:\/\/www.fernco.de\/pl?s={search_term_string}"},"query-input":"required name=search_term_string"}],"inLanguage":"pl-PL"},{"@type":"Organization","@id":"https:\/\/www.fernco.de\/pl#organization","name":"Fernco GmbH","alternateName":"Fernco","url":"https:\/\/www.fernco.de\/pl","logo":{"@type":"ImageObject","inLanguage":"pl-PL","@id":"https:\/\/www.fernco.de\/pl#\/schema\/logo\/image\/","url":"https:\/\/www.fernco.de\/wp-content\/uploads\/2022\/06\/fernco-logo.png","contentUrl":"https:\/\/www.fernco.de\/wp-content\/uploads\/2022\/06\/fernco-logo.png","width":287,"height":50,"caption":"Fernco GmbH"},"image":{"@id":"https:\/\/www.fernco.de\/pl#\/schema\/logo\/image\/"},"sameAs":["https:\/\/www.facebook.com\/Flexseal","https:\/\/x.com\/FlexsealUK"]}]}},"_links":{"self":[{"href":"https:\/\/www.fernco.de\/pl\/wp-json\/wp\/v2\/pages\/32113"}],"collection":[{"href":"https:\/\/www.fernco.de\/pl\/wp-json\/wp\/v2\/pages"}],"about":[{"href":"https:\/\/www.fernco.de\/pl\/wp-json\/wp\/v2\/types\/page"}],"author":[{"embeddable":true,"href":"https:\/\/www.fernco.de\/pl\/wp-json\/wp\/v2\/users\/1"}],"replies":[{"embeddable":true,"href":"https:\/\/www.fernco.de\/pl\/wp-json\/wp\/v2\/comments?post=32113"}],"version-history":[{"count":2,"href":"https:\/\/www.fernco.de\/pl\/wp-json\/wp\/v2\/pages\/32113\/revisions"}],"predecessor-version":[{"id":36214,"href":"https:\/\/www.fernco.de\/pl\/wp-json\/wp\/v2\/pages\/32113\/revisions\/36214"}],"up":[{"embeddable":true,"href":"https:\/\/www.fernco.de\/pl\/wp-json\/wp\/v2\/pages\/32101"}],"wp:attachment":[{"href":"https:\/\/www.fernco.de\/pl\/wp-json\/wp\/v2\/media?parent=32113"}],"curies":[{"name":"wp","href":"https:\/\/api.w.org\/{rel}","templated":true}]}}