{"id":32121,"date":"2024-05-21T07:13:15","date_gmt":"2024-05-21T06:13:15","guid":{"rendered":"https:\/\/www.fernco.de\/?page_id=32121"},"modified":"2024-08-23T14:22:35","modified_gmt":"2024-08-23T13:22:35","slug":"spawanie-czy-metoda-tox","status":"publish","type":"page","link":"https:\/\/www.fernco.de\/pl\/dane-techniczne\/spawanie-czy-metoda-tox","title":{"rendered":"Spawanie czy metoda TOX?"},"content":{"rendered":"<div class=\"fusion-fullwidth fullwidth-box fusion-builder-row-1 nonhundred-percent-fullwidth non-hundred-percent-height-scrolling\" style=\"--awb-border-radius-top-left:0px;--awb-border-radius-top-right:0px;--awb-border-radius-bottom-right:0px;--awb-border-radius-bottom-left:0px;--awb-flex-wrap:wrap;\" ><div class=\"fusion-builder-row fusion-row\"><div class=\"fusion-layout-column fusion_builder_column fusion-builder-column-0 fusion_builder_column_1_1 1_1 fusion-one-full fusion-column-first fusion-column-last\" style=\"--awb-bg-size:cover;\"><div class=\"fusion-column-wrapper fusion-column-has-shadow fusion-flex-column-wrapper-legacy\"><div class=\"fusion-text fusion-text-1\"><p>Aktualnie nie ma \u017cadnych do\u015bwiadcze\u0144 z d\u0142ugoterminowych test\u00f3w dla manszet \u0142\u0105czonych za pomoc\u0105 technologii TOX. Natomiast od lat 60-tych nie mieli\u015bmy \u017cadnych zg\u0142osze\u0144 o awariach spowodowanych korozj\u0105 czy nieszczelno\u015bci\u0105 w przypadku spawanych manszet. Wszyscy czo\u0142owi producenci spawaj\u0105 swoje manszety w miejscach wysoko obci\u0105\u017conych. Z tego powodu Fernco u\u017cywa technologii spawania, aby zapewni\u0107 u\u017cytkownikom najwy\u017csze mo\u017cliwe bezpiecze\u0144stwo we wszystkich zastosowaniach<\/p>\n<\/div><div class=\"fusion-text fusion-text-2\"><h2 class=\"imagescontainer02\" style=\"text-align: center;\"><strong>Spawanie punktowe\u00a0<\/strong><\/h2>\n<p>Podczas spawania punktowego elementy s\u0105 dociskane do siebie w pojedynczych punktach przy u\u017cyciu ch\u0142odzonych wod\u0105 elektrod miedzianych . W tych miejscach pr\u0105d przep\u0142ywa od jednej elektrody do przeciwnej elektrody. Ze wzgl\u0119du na elektryczny op\u00f3r mi\u0119dzy blachami materia\u0142 w tym miejscu jest intensywnie podgrzewany i topi si\u0119. Powstaje charakterystyczny punkt spawalniczy w kszta\u0142cie soczewki. Og\u00f3lnie parametry takie jak czas spawania, przep\u0142yw pr\u0105du i ci\u015bnienie musz\u0105 by\u0107 dostosowane do materia\u0142\u00f3w i wymiar\u00f3w miejsc spawanych przy spawaniu oporowym.<\/p>\n<\/div><div class=\"fusion-text fusion-text-3\"><h2 class=\"imagescontainer02\" style=\"text-align: center;\"><strong>Metoda TOX<\/strong><\/h2>\n<p>Po\u0142\u0105czenia TOX, znane r\u00f3wnie\u017c jako przet\u0142aczanie, to opatentowana metoda firmy Tox Pressotechnik (<a href=\"http:\/\/www.tox-de.com\">www.tox-de.com<\/a>) Proces polega na uformowaniu pomi\u0119dzy t\u0142oczonymi blachami zakleszczenia, kt\u00f3re w spos\u00f3b trwa\u0142y \u0142\u0105czy dwie lub trzy warstwy blachy, pomimo braku elementu wype\u0142niaj\u0105cego, umo\u017cliwia \u0142\u0105czenie blach o mniejszej i \u015bredniej grubo\u015bci. W procesie tym blachy do po\u0142\u0105czenia s\u0105 wypychane przez t\u0142ok do matrycy, gdzie g\u00f3rna blacha, pod wp\u0142ywem si\u0142y t\u0142oka, jest zmuszana do wyp\u0142ywania razem z doln\u0105 blach\u0105 w formowanej matrycy z podci\u0119ciami. Powstaje po\u0142\u0105czenie przypominaj\u0105ce zatrzask, kt\u00f3re trzyma obie blachy. Dzi\u0119ki przep\u0142ywowi materia\u0142u w blachach uzyskiwane jest po\u0142\u0105czenie o kszta\u0142cie i sile przylegania (spawanie = po\u0142\u0105czenie materia\u0142owe). Metoda ta zosta\u0142a zastosowana masowo po raz pierwszy podczas produkcji Audi A2, gdzie b\u0142otniki zosta\u0142y przytwierdzone do karoserii za pomoc\u0105 punkt\u00f3w Tox zamiast \u015brub. Tak jak w przypadku spawania, po\u0142\u0105czenie jest nierozerwalne, co oznacza, \u017ce po rozerwaniu nie mo\u017cna ponownie po\u0142\u0105czy\u0107 element\u00f3w, poniewa\u017c miejsce \u0142\u0105czenia jest ca\u0142kowicie lub cz\u0119\u015bciowo zniszczone.<\/p>\n<\/div><div class=\"fusion-text fusion-text-4\"><h2 style=\"text-align: center;\"><strong>Wady i zalety\u00a0<\/strong><\/h2>\n<p>Jedyn\u0105 udokumentowan\u0105 zalet\u0105 metody TOX jest jej ekonomiczna strona &#8211; dotyczy to g\u0142\u00f3wnie \u0142\u0105czenia aluminium. Wynika to z d\u0142u\u017cszej \u017cywotno\u015bci narz\u0119dzi, nieco mniejszego zapotrzebowania na energi\u0119 oraz zwi\u0105zanych z tym ni\u017cszych koszt\u00f3w operacyjnych<\/p>\n<p>Stal wymagana do produkcji manszet jest znacznie twardsza i bardziej wytrzyma\u0142a, co wymaga znacz\u0105co wi\u0119kszych si\u0142 przy przepychaniu. Jednocze\u015bnie znacznie spadaj\u0105 czasy eksploatacji narz\u0119dzi!<\/p>\n<p><strong>EWENTUALNE PROBLEMY Z KOROZJ\u0104, KT\u00d3RE RZEKOMO WYST\u0118PUJ\u0104 PRZY SPAWANIU PUNKTOWYM NIE DOTYCZ\u0104 NASZYCH PRODUKT\u00d3W (\u0141\u0104CZNIKI I MANSZETY DO KANALIZACJI)<\/strong> ! Tego rodzaju korozja wyst\u0119puje tylko w \u015brodowisku o znacznej zawarto\u015bci chloru, takich jak ska\u017cone grunty, woda morska i grunty podlegaj\u0105ce wp\u0142ywom p\u0142yw\u00f3w. Dodatkowo, dowiedziono zmiany struktury tylko w przypadku d\u0142u\u017cszego ni\u017c jedna minuta wp\u0142ywu temperatury podczas spawania. Nie ma to miejsca w przypadku spawania punktowego. Nawet je\u015bli wyst\u0105pi korozja powierzchniowa w &#8222;kwa\u015bnych glebach&#8221;, nie ma to ZNACZ\u0104CEGO wp\u0142ywu na wytrzyma\u0142o\u015b\u0107 na rozci\u0105ganie tego po\u0142\u0105czenia!<\/p>\n<p><em><strong>Wewn\u0119trzne testy po\u0142\u0105czenia metod\u0105 TOX przeprowadzone przez nas na stanowisku testowym wykaza\u0142y nisk\u0105 wytrzyma\u0142o\u015b\u0107 przy okre\u015blonych testach na rozci\u0105ganie<\/strong><\/em><\/p>\n<p>Tu znajd\u0105 Pa\u0144stwo szczeg\u00f3\u0142owy opis:<\/p>\n<p>\u201eKorrosionshandbuch f\u00fcr rostfreie St\u00e4hle\u201d (ISBN: 91-630-2122-6)<\/p>\n<p>Poradnik Instytutu Niklowego: <em>\u201eFormowanie stali nierdzewnych dla przemys\u0142u wodoci\u0105gowego\u201d<\/em><\/p>\n<\/div><div class=\"fusion-clearfix\"><\/div><\/div><\/div><\/div><\/div>\n","protected":false},"excerpt":{"rendered":"","protected":false},"author":3,"featured_media":0,"parent":32101,"menu_order":4,"comment_status":"open","ping_status":"closed","template":"","meta":{"_acf_changed":false,"_mi_skip_tracking":false,"_monsterinsights_sitenote_active":false,"_monsterinsights_sitenote_note":"","_monsterinsights_sitenote_category":0,"footnotes":""},"acf":[],"yoast_head":"<!-- This site is optimized with the Yoast SEO plugin v22.7 - https:\/\/yoast.com\/wordpress\/plugins\/seo\/ -->\n<title>Spawanie czy metoda TOX? | Fernco<\/title>\n<meta name=\"description\" content=\"Jakie s\u0105 zalety i wady toksowania w por\u00f3wnaniu z klasycznymi metodami spawania? Kt\u00f3ra metoda zapewnia najwy\u017csze bezpiecze\u0144stwo?\" \/>\n<meta name=\"robots\" content=\"index, follow, max-snippet:-1, max-image-preview:large, max-video-preview:-1\" \/>\n<link rel=\"canonical\" href=\"https:\/\/www.fernco.de\/pl\/dane-techniczne\/spawanie-czy-metoda-tox\" \/>\n<meta property=\"og:locale\" content=\"pl_PL\" \/>\n<meta property=\"og:type\" content=\"article\" \/>\n<meta property=\"og:title\" content=\"Spawanie czy metoda TOX? | Fernco\" \/>\n<meta property=\"og:description\" content=\"Jakie s\u0105 zalety i wady toksowania w por\u00f3wnaniu z klasycznymi metodami spawania? Kt\u00f3ra metoda zapewnia najwy\u017csze bezpiecze\u0144stwo?\" \/>\n<meta property=\"og:url\" content=\"https:\/\/www.fernco.de\/pl\/dane-techniczne\/spawanie-czy-metoda-tox\" \/>\n<meta property=\"og:site_name\" content=\"Fernco\" \/>\n<meta property=\"article:publisher\" content=\"https:\/\/www.facebook.com\/Flexseal\" \/>\n<meta property=\"article:modified_time\" content=\"2024-08-23T13:22:35+00:00\" \/>\n<meta name=\"twitter:card\" content=\"summary_large_image\" \/>\n<meta name=\"twitter:site\" content=\"@FlexsealUK\" \/>\n<meta name=\"twitter:label1\" content=\"Szacowany czas czytania\" \/>\n\t<meta name=\"twitter:data1\" content=\"3 minuty\" \/>\n<script type=\"application\/ld+json\" class=\"yoast-schema-graph\">{\"@context\":\"https:\/\/schema.org\",\"@graph\":[{\"@type\":\"WebPage\",\"@id\":\"https:\/\/www.fernco.de\/pl\/dane-techniczne\/spawanie-czy-metoda-tox\",\"url\":\"https:\/\/www.fernco.de\/pl\/dane-techniczne\/spawanie-czy-metoda-tox\",\"name\":\"Spawanie czy metoda TOX? | Fernco\",\"isPartOf\":{\"@id\":\"https:\/\/www.fernco.de\/pl#website\"},\"datePublished\":\"2024-05-21T06:13:15+00:00\",\"dateModified\":\"2024-08-23T13:22:35+00:00\",\"description\":\"Jakie s\u0105 zalety i wady toksowania w por\u00f3wnaniu z klasycznymi metodami spawania? Kt\u00f3ra metoda zapewnia najwy\u017csze bezpiecze\u0144stwo?\",\"breadcrumb\":{\"@id\":\"https:\/\/www.fernco.de\/pl\/dane-techniczne\/spawanie-czy-metoda-tox#breadcrumb\"},\"inLanguage\":\"pl-PL\",\"potentialAction\":[{\"@type\":\"ReadAction\",\"target\":[\"https:\/\/www.fernco.de\/pl\/dane-techniczne\/spawanie-czy-metoda-tox\"]}]},{\"@type\":\"BreadcrumbList\",\"@id\":\"https:\/\/www.fernco.de\/pl\/dane-techniczne\/spawanie-czy-metoda-tox#breadcrumb\",\"itemListElement\":[{\"@type\":\"ListItem\",\"position\":1,\"name\":\"Home\",\"item\":\"https:\/\/www.fernco.de\/pl\"},{\"@type\":\"ListItem\",\"position\":2,\"name\":\"Dane techniczne\",\"item\":\"https:\/\/www.fernco.de\/pl\/dane-techniczne\"},{\"@type\":\"ListItem\",\"position\":3,\"name\":\"Spawanie czy metoda TOX?\"}]},{\"@type\":\"WebSite\",\"@id\":\"https:\/\/www.fernco.de\/pl#website\",\"url\":\"https:\/\/www.fernco.de\/pl\",\"name\":\"Fernco\",\"description\":\"Flexible Couplings, Drainage &amp; Plumbing Systems\",\"publisher\":{\"@id\":\"https:\/\/www.fernco.de\/pl#organization\"},\"potentialAction\":[{\"@type\":\"SearchAction\",\"target\":{\"@type\":\"EntryPoint\",\"urlTemplate\":\"https:\/\/www.fernco.de\/pl?s={search_term_string}\"},\"query-input\":\"required name=search_term_string\"}],\"inLanguage\":\"pl-PL\"},{\"@type\":\"Organization\",\"@id\":\"https:\/\/www.fernco.de\/pl#organization\",\"name\":\"Fernco GmbH\",\"alternateName\":\"Fernco\",\"url\":\"https:\/\/www.fernco.de\/pl\",\"logo\":{\"@type\":\"ImageObject\",\"inLanguage\":\"pl-PL\",\"@id\":\"https:\/\/www.fernco.de\/pl#\/schema\/logo\/image\/\",\"url\":\"https:\/\/www.fernco.de\/wp-content\/uploads\/2022\/06\/fernco-logo.png\",\"contentUrl\":\"https:\/\/www.fernco.de\/wp-content\/uploads\/2022\/06\/fernco-logo.png\",\"width\":287,\"height\":50,\"caption\":\"Fernco GmbH\"},\"image\":{\"@id\":\"https:\/\/www.fernco.de\/pl#\/schema\/logo\/image\/\"},\"sameAs\":[\"https:\/\/www.facebook.com\/Flexseal\",\"https:\/\/x.com\/FlexsealUK\"]}]}<\/script>\n<!-- \/ Yoast SEO plugin. -->","yoast_head_json":{"title":"Spawanie czy metoda TOX? | Fernco","description":"Jakie s\u0105 zalety i wady toksowania w por\u00f3wnaniu z klasycznymi metodami spawania? Kt\u00f3ra metoda zapewnia najwy\u017csze bezpiecze\u0144stwo?","robots":{"index":"index","follow":"follow","max-snippet":"max-snippet:-1","max-image-preview":"max-image-preview:large","max-video-preview":"max-video-preview:-1"},"canonical":"https:\/\/www.fernco.de\/pl\/dane-techniczne\/spawanie-czy-metoda-tox","og_locale":"pl_PL","og_type":"article","og_title":"Spawanie czy metoda TOX? | Fernco","og_description":"Jakie s\u0105 zalety i wady toksowania w por\u00f3wnaniu z klasycznymi metodami spawania? Kt\u00f3ra metoda zapewnia najwy\u017csze bezpiecze\u0144stwo?","og_url":"https:\/\/www.fernco.de\/pl\/dane-techniczne\/spawanie-czy-metoda-tox","og_site_name":"Fernco","article_publisher":"https:\/\/www.facebook.com\/Flexseal","article_modified_time":"2024-08-23T13:22:35+00:00","twitter_card":"summary_large_image","twitter_site":"@FlexsealUK","twitter_misc":{"Szacowany czas czytania":"3 minuty"},"schema":{"@context":"https:\/\/schema.org","@graph":[{"@type":"WebPage","@id":"https:\/\/www.fernco.de\/pl\/dane-techniczne\/spawanie-czy-metoda-tox","url":"https:\/\/www.fernco.de\/pl\/dane-techniczne\/spawanie-czy-metoda-tox","name":"Spawanie czy metoda TOX? | Fernco","isPartOf":{"@id":"https:\/\/www.fernco.de\/pl#website"},"datePublished":"2024-05-21T06:13:15+00:00","dateModified":"2024-08-23T13:22:35+00:00","description":"Jakie s\u0105 zalety i wady toksowania w por\u00f3wnaniu z klasycznymi metodami spawania? Kt\u00f3ra metoda zapewnia najwy\u017csze bezpiecze\u0144stwo?","breadcrumb":{"@id":"https:\/\/www.fernco.de\/pl\/dane-techniczne\/spawanie-czy-metoda-tox#breadcrumb"},"inLanguage":"pl-PL","potentialAction":[{"@type":"ReadAction","target":["https:\/\/www.fernco.de\/pl\/dane-techniczne\/spawanie-czy-metoda-tox"]}]},{"@type":"BreadcrumbList","@id":"https:\/\/www.fernco.de\/pl\/dane-techniczne\/spawanie-czy-metoda-tox#breadcrumb","itemListElement":[{"@type":"ListItem","position":1,"name":"Home","item":"https:\/\/www.fernco.de\/pl"},{"@type":"ListItem","position":2,"name":"Dane techniczne","item":"https:\/\/www.fernco.de\/pl\/dane-techniczne"},{"@type":"ListItem","position":3,"name":"Spawanie czy metoda TOX?"}]},{"@type":"WebSite","@id":"https:\/\/www.fernco.de\/pl#website","url":"https:\/\/www.fernco.de\/pl","name":"Fernco","description":"Flexible Couplings, Drainage &amp; Plumbing Systems","publisher":{"@id":"https:\/\/www.fernco.de\/pl#organization"},"potentialAction":[{"@type":"SearchAction","target":{"@type":"EntryPoint","urlTemplate":"https:\/\/www.fernco.de\/pl?s={search_term_string}"},"query-input":"required name=search_term_string"}],"inLanguage":"pl-PL"},{"@type":"Organization","@id":"https:\/\/www.fernco.de\/pl#organization","name":"Fernco GmbH","alternateName":"Fernco","url":"https:\/\/www.fernco.de\/pl","logo":{"@type":"ImageObject","inLanguage":"pl-PL","@id":"https:\/\/www.fernco.de\/pl#\/schema\/logo\/image\/","url":"https:\/\/www.fernco.de\/wp-content\/uploads\/2022\/06\/fernco-logo.png","contentUrl":"https:\/\/www.fernco.de\/wp-content\/uploads\/2022\/06\/fernco-logo.png","width":287,"height":50,"caption":"Fernco GmbH"},"image":{"@id":"https:\/\/www.fernco.de\/pl#\/schema\/logo\/image\/"},"sameAs":["https:\/\/www.facebook.com\/Flexseal","https:\/\/x.com\/FlexsealUK"]}]}},"_links":{"self":[{"href":"https:\/\/www.fernco.de\/pl\/wp-json\/wp\/v2\/pages\/32121"}],"collection":[{"href":"https:\/\/www.fernco.de\/pl\/wp-json\/wp\/v2\/pages"}],"about":[{"href":"https:\/\/www.fernco.de\/pl\/wp-json\/wp\/v2\/types\/page"}],"author":[{"embeddable":true,"href":"https:\/\/www.fernco.de\/pl\/wp-json\/wp\/v2\/users\/3"}],"replies":[{"embeddable":true,"href":"https:\/\/www.fernco.de\/pl\/wp-json\/wp\/v2\/comments?post=32121"}],"version-history":[{"count":0,"href":"https:\/\/www.fernco.de\/pl\/wp-json\/wp\/v2\/pages\/32121\/revisions"}],"up":[{"embeddable":true,"href":"https:\/\/www.fernco.de\/pl\/wp-json\/wp\/v2\/pages\/32101"}],"wp:attachment":[{"href":"https:\/\/www.fernco.de\/pl\/wp-json\/wp\/v2\/media?parent=32121"}],"curies":[{"name":"wp","href":"https:\/\/api.w.org\/{rel}","templated":true}]}}