{"id":32123,"date":"2024-05-21T07:13:16","date_gmt":"2024-05-21T06:13:16","guid":{"rendered":"https:\/\/www.fernco.de\/?page_id=32123"},"modified":"2024-10-15T11:37:13","modified_gmt":"2024-10-15T10:37:13","slug":"nasze-materialy","status":"publish","type":"page","link":"https:\/\/www.fernco.de\/pl\/dane-techniczne\/nasze-materialy","title":{"rendered":"Nasze materia\u0142y"},"content":{"rendered":"<div class=\"fusion-fullwidth fullwidth-box fusion-builder-row-1 hundred-percent-fullwidth non-hundred-percent-height-scrolling\" style=\"--awb-border-radius-top-left:0px;--awb-border-radius-top-right:0px;--awb-border-radius-bottom-right:0px;--awb-border-radius-bottom-left:0px;--awb-overflow:visible;--awb-flex-wrap:wrap;\" ><div class=\"fusion-builder-row fusion-row\"><div class=\"fusion-layout-column fusion_builder_column fusion-builder-column-0 fusion_builder_column_1_1 1_1 fusion-one-full fusion-column-first fusion-column-last fusion-column-no-min-height\" style=\"--awb-bg-size:cover;--awb-margin-bottom:0px;\"><div class=\"fusion-column-wrapper fusion-flex-column-wrapper-legacy\"><div class=\"fusion-sep-clear\"><\/div><div class=\"fusion-separator fusion-full-width-sep\" style=\"margin-left: auto;margin-right: auto;margin-top:10px;margin-bottom:20px;width:100%;\"><div class=\"fusion-separator-border sep-single sep-solid\" style=\"--awb-height:20px;--awb-amount:20px;border-color:#e0dede;border-top-width:1px;\"><\/div><\/div><div class=\"fusion-sep-clear\"><\/div><div class=\"fusion-text fusion-text-1\"><h1>Stal nierdzewna<\/h1>\n<p>Poj\u0119cie \u201estal nierdzewna\u201d obejmuje szereg stop\u00f3w stali, kt\u00f3rych odporno\u015b\u0107 na korozj\u0119 wynika z zawarto\u015bci chromu. Zawarty w stopie chrom utlenia si\u0119 i<br \/>\ntworzy tward\u0105, niewidoczn\u0105 warstw\u0119 ochronn\u0105. Uniemo\u017cliwia ona dalsz\u0105 korozj\u0119 a\u017c do uszkodzenia powierzchni, po czym ten proces si\u0119 powtarza.<br \/>\nProjekty badawcze w r\u00f3\u017cnych krajach potwierdzi\u0142y, \u017ce austenityczna, nierdzewna stal, kt\u00f3ra zawiera zasadniczo 17% chromu i 8% niklu, ma korzystne w\u0142a\u015bciwo\u015bci przy typowych rodzajach gleby i osi\u0105ga trwa\u0142o\u015b\u0107 do 100 lat.<br \/>\nNa maj\u0105cych s\u0142aby odp\u0142yw \u017cwirowiskach, obiektach przemys\u0142owych lub g\u00f3rniczych i w przypadkach, kiedy gleba i woda gruntowa zawieraj\u0105 chlorki o st\u0119\u017ceniu powy\u017cej 1000 ppm, taka jako\u015b\u0107 stali prowadzi niekiedy do powstawania w\u017cer\u00f3w.<\/p>\n<p><strong>Z tego wzgl\u0119du Fernco oferuje dwa rodzaje stali.<\/strong><\/p>\n<p>Dla wymienionych obci\u0105\u017conych grunt\u00f3w, a tak\u017ce do uszczelnie\u0144 specjalnych na zam\u00f3wienie produkujemy nasze manszety z jako\u015bci\u0105 stali wed\u0142ug DIN 1.4404 (V4A). Zwi\u0119kszony dodatek molibdenu w stopie wielokrotnie polepsza odporno\u015b\u0107 korozyjn\u0105 stali.<\/p>\n<p><strong>Wersja standardowa:<\/strong><br \/>\nAustenityczna stal nierdzewna \u2013 DIN 1.4301 \u2013 AISI 304 \u2013 V2A<\/p>\n<p><strong>Wersja specjalna:<\/strong><br \/>\nAustenityczna stal nierdzewna \u2013 DIN 1.4404 \u2013 AISI 316 \u2013 V4A<\/p>\n<\/div><div class=\"fusion-clearfix\"><\/div><\/div><\/div><div class=\"fusion-layout-column fusion_builder_column fusion-builder-column-1 fusion_builder_column_1_1 1_1 fusion-one-full fusion-column-first fusion-column-last fusion-column-no-min-height\" style=\"--awb-bg-size:cover;--awb-margin-bottom:0px;\"><div class=\"fusion-column-wrapper fusion-flex-column-wrapper-legacy\"><div class=\"fusion-sep-clear\"><\/div><div class=\"fusion-separator fusion-full-width-sep\" style=\"margin-left: auto;margin-right: auto;margin-top:10px;margin-bottom:20px;width:100%;\"><div class=\"fusion-separator-border sep-single sep-solid\" style=\"--awb-height:20px;--awb-amount:20px;border-color:#e0dede;border-top-width:1px;\"><\/div><\/div><div class=\"fusion-sep-clear\"><\/div><div class=\"fusion-text fusion-text-2\"><h1 data-fontsize=\"33\" data-lineheight=\"47\">Elastomery<\/h1>\n<p>Nasze uszczelki s\u0105 produkowane z elastomeru zgodnie z DIN 681-1 i DIN 681-2 (odpowiednio do wytycznych DIN). Stosowane s\u0105 przede wszystkim nast\u0119puj\u0105ce typy elastomer\u00f3w:<br \/>\nCharakteryzuj\u0105 si\u0119 one wyj\u0105tkowo wysok\u0105 odporno\u015bci\u0105 na procesy starzeniowe, w tym na dzia\u0142anie promieniowania UV oraz ozonu. Nale\u017cy jednak zauwa\u017cy\u0107, \u017ce zastosowanie tego materia\u0142u mo\u017ce wi\u0105za\u0107 si\u0119 z pogorszeniem w\u0142a\u015bciwo\u015bci w zakresie elastyczno\u015bci<\/p>\n<h4 data-fontsize=\"14\" data-lineheight=\"20\"><strong>EPDM (Monomer etylenowo-propylenowodienowy)<\/strong><\/h4>\n<p>EPDM jest terpolimerowym elastomerem, nale\u017c\u0105cym do kopolimer\u00f3w z nasycon\u0105 struktur\u0105 polimerow\u0105. Cechuje si\u0119 on bardzo wysok\u0105 odporno\u015bci\u0105 na starzenie<br \/>\ntak\u017ce pod obci\u0105\u017ceniem promieni UV i ozonu. Jest odporny na rozcie\u0144czone kwasy, a tym samym stanowi idealny materia\u0142 uszczelniaj\u0105cy do zastosowania w budownictwie podziemnym.<\/p>\n<h4 data-fontsize=\"14\" data-lineheight=\"20\"><strong>NBR (Kauczuk akrylonitrylo-butadienowy)<\/strong><\/h4>\n<p>NBR stosuje si\u0119 tam, gdzie uszczelka wchodzi w kontakt z olejami i paliwami. Jednak przy u\u017cyciu tego materia\u0142u pogarszaj\u0105 si\u0119 w\u0142a\u015bciwo\u015bci w zakresie elastyczno\u015bci<\/p>\n<p><strong>UWAGA<\/strong>: Je\u015bli nasze uszczelki NBR maj\u0105 by\u0107 stosowane do cel\u00f3w niezwi\u0105zanych z \u015bciekami, nale\u017cy skonsultowa\u0107 si\u0119 z naszym dzia\u0142em technicznym. Udzieli on informacji, czy ta uszczelka jest odpowiednia do tego zastosowania.<\/p>\n<h4 data-fontsize=\"14\" data-lineheight=\"20\"><strong>SBR (Kauczuk styrenowo-butadienowy)<\/strong><\/h4>\n<p>SBR jako jeden z najbardziej znanych kauczuk\u00f3w syntetycznych ma podobne w\u0142a\u015bciwo\u015bci co NR (kauczuk naturalny), ale znacznie odbiega od niego pod wzgl\u0119dem elastyczno\u015bci.<\/p>\n<h4 data-fontsize=\"14\" data-lineheight=\"20\"><strong>NR (Kauczuk naturalny)<\/strong><\/h4>\n<p>NR sk\u0142ada si\u0119 zasadniczo z poliizoprenu i jest pozyskiwany z bia\u0142ego mleczka gumowego (lateksu) okre\u015blonych gatunk\u00f3w ro\u015blin z rejon\u00f3w tropikalnych, przede wszystkim z rodziny wilczomleczowatych. Ma bardzo korzystne w\u0142a\u015bciwo\u015bci elastyczne, ale szybko ulega starzeniu.<\/p>\n<\/div><div class=\"fusion-text fusion-text-3\"><table width=\"702\">\n<tbody>\n<tr>\n<td>\n<h3 data-fontsize=\"17\" data-lineheight=\"23\"><strong>W\u0141A\u015aCIWO\u015aCI<\/strong><\/h3>\n<\/td>\n<td>\n<h3 data-fontsize=\"17\" data-lineheight=\"23\"><strong>EPDM<\/strong><\/h3>\n<\/td>\n<td>\n<h3 data-fontsize=\"17\" data-lineheight=\"23\"><strong>NBR<\/strong><\/h3>\n<\/td>\n<td>\n<h3 data-fontsize=\"17\" data-lineheight=\"23\"><strong>SBR<\/strong><\/h3>\n<\/td>\n<td>\n<h3 data-fontsize=\"17\" data-lineheight=\"23\"><strong>NR<\/strong><\/h3>\n<\/td>\n<\/tr>\n<tr>\n<td>Odporno\u015b\u0107 na ozon<\/td>\n<td>bardzo dobra<\/td>\n<td>wystarczaj\u0105ca<\/td>\n<td>wystarczaj\u0105ca<\/td>\n<td>wystarczaj\u0105ca<\/td>\n<\/tr>\n<tr>\n<td>Odporno\u015b\u0107 na kwasy<\/td>\n<td>bardzo dobra<\/td>\n<td>wystarczaj\u0105ca<\/td>\n<td>zadowalaj\u0105ca<\/td>\n<td>zadowalaj\u0105ca<\/td>\n<\/tr>\n<tr>\n<td>Odporno\u015b\u0107 na \u0142ugi<\/td>\n<td>bardzo dobra<\/td>\n<td>wystarczaj\u0105ca<\/td>\n<td>zadowalaj\u0105ca<\/td>\n<td>zadowalaj\u0105ca<\/td>\n<\/tr>\n<tr>\n<td>Op\u00f3r elektryczny<\/td>\n<td>dobra<\/td>\n<td>nieadekwaty<\/td>\n<td>dobra<\/td>\n<td>bardzo dobra<\/td>\n<\/tr>\n<tr>\n<td>Elastyczno\u015b\u0107 mechaniczna<\/td>\n<td>zadowalaj\u0105ca<\/td>\n<td>zadowalaj\u0105ca<\/td>\n<td>zadowalaj\u0105ca<\/td>\n<td>dobra<\/td>\n<\/tr>\n<tr>\n<td>Wyd\u0142u\u017cenie przy zerwaniu<\/td>\n<td>zadowalaj\u0105ca<\/td>\n<td>dobra<\/td>\n<td>dobra<\/td>\n<td>bardzo dobra<\/td>\n<\/tr>\n<tr>\n<td>Przepuszczalno\u015b\u0107 gaz\u00f3w<\/td>\n<td>wystarczaj\u0105ca<\/td>\n<td>dobra<\/td>\n<td>wystarczaj\u0105ca<\/td>\n<td>nieadekwaty<\/td>\n<\/tr>\n<tr>\n<td>Odporno\u015b\u0107 olejowa<\/td>\n<td>wystarczaj\u0105ca<\/td>\n<td>dobra<\/td>\n<td>nieadekwaty<\/td>\n<td>niewystarczaj\u0105ca<\/td>\n<\/tr>\n<tr>\n<td>Odporno\u015b\u0107 na benzyn\u0119<\/td>\n<td>nieadekwaty<\/td>\n<td>dobra<\/td>\n<td>niewystarczaj\u0105ca<\/td>\n<td>niewystarczaj\u0105ca<\/td>\n<\/tr>\n<tr>\n<td>Zakres temperatury od<\/td>\n<td>\u201340 do+120 \u00b0C<\/td>\n<td>\u201330 do+100 \u00b0C<\/td>\n<td>\u201340 do+80 \u00b0C<\/td>\n<td>\u201340 do+80 \u00b0C<\/td>\n<\/tr>\n<tr>\n<td>kr\u00f3tkotrwa\u0142a temperatura<br \/>\nmaksymalna<\/td>\n<td>+160 \u00b0C<\/td>\n<td>+130 \u00b0C<\/td>\n<td>+130 \u00b0C<\/td>\n<td>+130 \u00b0C<\/td>\n<\/tr>\n<\/tbody>\n<\/table>\n<\/div><div class=\"fusion-clearfix\"><\/div><\/div><\/div><\/div><\/div>\n","protected":false},"excerpt":{"rendered":"","protected":false},"author":3,"featured_media":0,"parent":32101,"menu_order":5,"comment_status":"open","ping_status":"closed","template":"","meta":{"_acf_changed":false,"_mi_skip_tracking":false,"_monsterinsights_sitenote_active":false,"_monsterinsights_sitenote_note":"","_monsterinsights_sitenote_category":0,"footnotes":""},"acf":[],"yoast_head":"<!-- This site is optimized with the Yoast SEO plugin v22.7 - https:\/\/yoast.com\/wordpress\/plugins\/seo\/ -->\n<title>Nasze materia\u0142y | Fernco<\/title>\n<meta name=\"description\" content=\"Fernco oferuje dwie r\u00f3\u017cne rodzaje stali. Standardowo wszystkie stosowane elementy stalowe s\u0105 wykonane ze stali nierdzewnej wed\u0142ug normy DIN 1.4301 (V2A).\" \/>\n<meta name=\"robots\" content=\"index, follow, max-snippet:-1, max-image-preview:large, max-video-preview:-1\" \/>\n<link rel=\"canonical\" href=\"https:\/\/www.fernco.de\/pl\/dane-techniczne\/nasze-materialy\" \/>\n<meta property=\"og:locale\" content=\"pl_PL\" \/>\n<meta property=\"og:type\" content=\"article\" \/>\n<meta property=\"og:title\" content=\"Nasze materia\u0142y | Fernco\" \/>\n<meta property=\"og:description\" content=\"Fernco oferuje dwie r\u00f3\u017cne rodzaje stali. Standardowo wszystkie stosowane elementy stalowe s\u0105 wykonane ze stali nierdzewnej wed\u0142ug normy DIN 1.4301 (V2A).\" \/>\n<meta property=\"og:url\" content=\"https:\/\/www.fernco.de\/pl\/dane-techniczne\/nasze-materialy\" \/>\n<meta property=\"og:site_name\" content=\"Fernco\" \/>\n<meta property=\"article:publisher\" content=\"https:\/\/www.facebook.com\/Flexseal\" \/>\n<meta property=\"article:modified_time\" content=\"2024-10-15T10:37:13+00:00\" \/>\n<meta name=\"twitter:card\" content=\"summary_large_image\" \/>\n<meta name=\"twitter:site\" content=\"@FlexsealUK\" \/>\n<meta name=\"twitter:label1\" content=\"Szacowany czas czytania\" \/>\n\t<meta name=\"twitter:data1\" content=\"2 minuty\" \/>\n<script type=\"application\/ld+json\" class=\"yoast-schema-graph\">{\"@context\":\"https:\/\/schema.org\",\"@graph\":[{\"@type\":\"WebPage\",\"@id\":\"https:\/\/www.fernco.de\/pl\/dane-techniczne\/nasze-materialy\",\"url\":\"https:\/\/www.fernco.de\/pl\/dane-techniczne\/nasze-materialy\",\"name\":\"Nasze materia\u0142y | Fernco\",\"isPartOf\":{\"@id\":\"https:\/\/www.fernco.de\/pl#website\"},\"datePublished\":\"2024-05-21T06:13:16+00:00\",\"dateModified\":\"2024-10-15T10:37:13+00:00\",\"description\":\"Fernco oferuje dwie r\u00f3\u017cne rodzaje stali. Standardowo wszystkie stosowane elementy stalowe s\u0105 wykonane ze stali nierdzewnej wed\u0142ug normy DIN 1.4301 (V2A).\",\"breadcrumb\":{\"@id\":\"https:\/\/www.fernco.de\/pl\/dane-techniczne\/nasze-materialy#breadcrumb\"},\"inLanguage\":\"pl-PL\",\"potentialAction\":[{\"@type\":\"ReadAction\",\"target\":[\"https:\/\/www.fernco.de\/pl\/dane-techniczne\/nasze-materialy\"]}]},{\"@type\":\"BreadcrumbList\",\"@id\":\"https:\/\/www.fernco.de\/pl\/dane-techniczne\/nasze-materialy#breadcrumb\",\"itemListElement\":[{\"@type\":\"ListItem\",\"position\":1,\"name\":\"Home\",\"item\":\"https:\/\/www.fernco.de\/pl\"},{\"@type\":\"ListItem\",\"position\":2,\"name\":\"Dane techniczne\",\"item\":\"https:\/\/www.fernco.de\/pl\/dane-techniczne\"},{\"@type\":\"ListItem\",\"position\":3,\"name\":\"Nasze materia\u0142y\"}]},{\"@type\":\"WebSite\",\"@id\":\"https:\/\/www.fernco.de\/pl#website\",\"url\":\"https:\/\/www.fernco.de\/pl\",\"name\":\"Fernco\",\"description\":\"Flexible Couplings, Drainage &amp; Plumbing Systems\",\"publisher\":{\"@id\":\"https:\/\/www.fernco.de\/pl#organization\"},\"potentialAction\":[{\"@type\":\"SearchAction\",\"target\":{\"@type\":\"EntryPoint\",\"urlTemplate\":\"https:\/\/www.fernco.de\/pl?s={search_term_string}\"},\"query-input\":\"required name=search_term_string\"}],\"inLanguage\":\"pl-PL\"},{\"@type\":\"Organization\",\"@id\":\"https:\/\/www.fernco.de\/pl#organization\",\"name\":\"Fernco GmbH\",\"alternateName\":\"Fernco\",\"url\":\"https:\/\/www.fernco.de\/pl\",\"logo\":{\"@type\":\"ImageObject\",\"inLanguage\":\"pl-PL\",\"@id\":\"https:\/\/www.fernco.de\/pl#\/schema\/logo\/image\/\",\"url\":\"https:\/\/www.fernco.de\/wp-content\/uploads\/2022\/06\/fernco-logo.png\",\"contentUrl\":\"https:\/\/www.fernco.de\/wp-content\/uploads\/2022\/06\/fernco-logo.png\",\"width\":287,\"height\":50,\"caption\":\"Fernco GmbH\"},\"image\":{\"@id\":\"https:\/\/www.fernco.de\/pl#\/schema\/logo\/image\/\"},\"sameAs\":[\"https:\/\/www.facebook.com\/Flexseal\",\"https:\/\/x.com\/FlexsealUK\"]}]}<\/script>\n<!-- \/ Yoast SEO plugin. -->","yoast_head_json":{"title":"Nasze materia\u0142y | Fernco","description":"Fernco oferuje dwie r\u00f3\u017cne rodzaje stali. Standardowo wszystkie stosowane elementy stalowe s\u0105 wykonane ze stali nierdzewnej wed\u0142ug normy DIN 1.4301 (V2A).","robots":{"index":"index","follow":"follow","max-snippet":"max-snippet:-1","max-image-preview":"max-image-preview:large","max-video-preview":"max-video-preview:-1"},"canonical":"https:\/\/www.fernco.de\/pl\/dane-techniczne\/nasze-materialy","og_locale":"pl_PL","og_type":"article","og_title":"Nasze materia\u0142y | Fernco","og_description":"Fernco oferuje dwie r\u00f3\u017cne rodzaje stali. Standardowo wszystkie stosowane elementy stalowe s\u0105 wykonane ze stali nierdzewnej wed\u0142ug normy DIN 1.4301 (V2A).","og_url":"https:\/\/www.fernco.de\/pl\/dane-techniczne\/nasze-materialy","og_site_name":"Fernco","article_publisher":"https:\/\/www.facebook.com\/Flexseal","article_modified_time":"2024-10-15T10:37:13+00:00","twitter_card":"summary_large_image","twitter_site":"@FlexsealUK","twitter_misc":{"Szacowany czas czytania":"2 minuty"},"schema":{"@context":"https:\/\/schema.org","@graph":[{"@type":"WebPage","@id":"https:\/\/www.fernco.de\/pl\/dane-techniczne\/nasze-materialy","url":"https:\/\/www.fernco.de\/pl\/dane-techniczne\/nasze-materialy","name":"Nasze materia\u0142y | Fernco","isPartOf":{"@id":"https:\/\/www.fernco.de\/pl#website"},"datePublished":"2024-05-21T06:13:16+00:00","dateModified":"2024-10-15T10:37:13+00:00","description":"Fernco oferuje dwie r\u00f3\u017cne rodzaje stali. Standardowo wszystkie stosowane elementy stalowe s\u0105 wykonane ze stali nierdzewnej wed\u0142ug normy DIN 1.4301 (V2A).","breadcrumb":{"@id":"https:\/\/www.fernco.de\/pl\/dane-techniczne\/nasze-materialy#breadcrumb"},"inLanguage":"pl-PL","potentialAction":[{"@type":"ReadAction","target":["https:\/\/www.fernco.de\/pl\/dane-techniczne\/nasze-materialy"]}]},{"@type":"BreadcrumbList","@id":"https:\/\/www.fernco.de\/pl\/dane-techniczne\/nasze-materialy#breadcrumb","itemListElement":[{"@type":"ListItem","position":1,"name":"Home","item":"https:\/\/www.fernco.de\/pl"},{"@type":"ListItem","position":2,"name":"Dane techniczne","item":"https:\/\/www.fernco.de\/pl\/dane-techniczne"},{"@type":"ListItem","position":3,"name":"Nasze materia\u0142y"}]},{"@type":"WebSite","@id":"https:\/\/www.fernco.de\/pl#website","url":"https:\/\/www.fernco.de\/pl","name":"Fernco","description":"Flexible Couplings, Drainage &amp; Plumbing Systems","publisher":{"@id":"https:\/\/www.fernco.de\/pl#organization"},"potentialAction":[{"@type":"SearchAction","target":{"@type":"EntryPoint","urlTemplate":"https:\/\/www.fernco.de\/pl?s={search_term_string}"},"query-input":"required name=search_term_string"}],"inLanguage":"pl-PL"},{"@type":"Organization","@id":"https:\/\/www.fernco.de\/pl#organization","name":"Fernco GmbH","alternateName":"Fernco","url":"https:\/\/www.fernco.de\/pl","logo":{"@type":"ImageObject","inLanguage":"pl-PL","@id":"https:\/\/www.fernco.de\/pl#\/schema\/logo\/image\/","url":"https:\/\/www.fernco.de\/wp-content\/uploads\/2022\/06\/fernco-logo.png","contentUrl":"https:\/\/www.fernco.de\/wp-content\/uploads\/2022\/06\/fernco-logo.png","width":287,"height":50,"caption":"Fernco GmbH"},"image":{"@id":"https:\/\/www.fernco.de\/pl#\/schema\/logo\/image\/"},"sameAs":["https:\/\/www.facebook.com\/Flexseal","https:\/\/x.com\/FlexsealUK"]}]}},"_links":{"self":[{"href":"https:\/\/www.fernco.de\/pl\/wp-json\/wp\/v2\/pages\/32123"}],"collection":[{"href":"https:\/\/www.fernco.de\/pl\/wp-json\/wp\/v2\/pages"}],"about":[{"href":"https:\/\/www.fernco.de\/pl\/wp-json\/wp\/v2\/types\/page"}],"author":[{"embeddable":true,"href":"https:\/\/www.fernco.de\/pl\/wp-json\/wp\/v2\/users\/3"}],"replies":[{"embeddable":true,"href":"https:\/\/www.fernco.de\/pl\/wp-json\/wp\/v2\/comments?post=32123"}],"version-history":[{"count":0,"href":"https:\/\/www.fernco.de\/pl\/wp-json\/wp\/v2\/pages\/32123\/revisions"}],"up":[{"embeddable":true,"href":"https:\/\/www.fernco.de\/pl\/wp-json\/wp\/v2\/pages\/32101"}],"wp:attachment":[{"href":"https:\/\/www.fernco.de\/pl\/wp-json\/wp\/v2\/media?parent=32123"}],"curies":[{"name":"wp","href":"https:\/\/api.w.org\/{rel}","templated":true}]}}