{"id":32125,"date":"2024-05-21T07:13:17","date_gmt":"2024-05-21T06:13:17","guid":{"rendered":"https:\/\/www.fernco.de\/?page_id=32125"},"modified":"2024-08-23T14:23:22","modified_gmt":"2024-08-23T13:23:22","slug":"disclaimer","status":"publish","type":"page","link":"https:\/\/www.fernco.de\/pl\/disclaimer","title":{"rendered":"Wy\u0142\u0105cznie odpowiedzialno\u015bci"},"content":{"rendered":"<div class=\"fusion-fullwidth fullwidth-box fusion-builder-row-1 fusion-flex-container has-pattern-background has-mask-background nonhundred-percent-fullwidth non-hundred-percent-height-scrolling\" style=\"--awb-border-radius-top-left:0px;--awb-border-radius-top-right:0px;--awb-border-radius-bottom-right:0px;--awb-border-radius-bottom-left:0px;--awb-flex-wrap:wrap;\" ><div class=\"fusion-builder-row fusion-row fusion-flex-align-items-flex-start fusion-flex-content-wrap\" style=\"max-width:1144px;margin-left: calc(-4% \/ 2 );margin-right: calc(-4% \/ 2 );\"><div class=\"fusion-layout-column fusion_builder_column fusion-builder-column-0 fusion_builder_column_1_1 1_1 fusion-flex-column\" style=\"--awb-bg-size:cover;--awb-width-large:100%;--awb-margin-top-large:0px;--awb-spacing-right-large:1.92%;--awb-margin-bottom-large:20px;--awb-spacing-left-large:1.92%;--awb-width-medium:100%;--awb-order-medium:0;--awb-spacing-right-medium:1.92%;--awb-spacing-left-medium:1.92%;--awb-width-small:100%;--awb-order-small:0;--awb-spacing-right-small:1.92%;--awb-spacing-left-small:1.92%;\"><div class=\"fusion-column-wrapper fusion-column-has-shadow fusion-flex-justify-content-flex-start fusion-content-layout-column\"><div class=\"fusion-title title fusion-title-1 fusion-title-text fusion-title-size-one\"><div class=\"title-sep-container title-sep-container-left fusion-no-large-visibility fusion-no-medium-visibility fusion-no-small-visibility\"><div class=\"title-sep sep- sep-solid\" style=\"border-color:#e0dede;\"><\/div><\/div><span class=\"awb-title-spacer fusion-no-large-visibility fusion-no-medium-visibility fusion-no-small-visibility\"><\/span><h1 class=\"fusion-title-heading title-heading-left fusion-responsive-typography-calculated\" style=\"margin:0;--fontSize:33;line-height:1.45;\">Wy\u0142\u0105cznie odpowiedzialno\u015bci<\/h1><span class=\"awb-title-spacer\"><\/span><div class=\"title-sep-container title-sep-container-right\"><div class=\"title-sep sep- sep-solid\" style=\"border-color:#e0dede;\"><\/div><\/div><\/div><div class=\"fusion-text fusion-text-1\">\n<!-- Legal document generated by Complianz | GDPR\/CCPA Cookie Consent https:\/\/wordpress.org\/plugins\/complianz-gdpr -->\n<div id=\"cmplz-document\" class=\"cmplz-document disclaimer cmplz-document-all\"><p>Datenschutz Nordhessen dok\u0142ada wszelkich stara\u0144, aby ta witryna by\u0142a aktualna i dok\u0142adna. Je\u015bli mimo wszystko napotkasz co\u015b, co jest nieprawid\u0142owe lub nieaktualne, b\u0119dziemy wdzi\u0119czni za poinformowanie nas o tym. Wska\u017c, gdzie na stronie przeczyta\u0142e\u015b informacje. Przyjrzymy si\u0119 temu tak szybko, jak to mo\u017cliwe. Prosimy o przes\u0142anie odpowiedzi e-mailem na adres: <span class=\"cmplz-obfuscate\">ed&#046;nes&#x73;ehdro&#x6e;&#045;ztu&#104;&#099;s&#x6e;e&#116;&#097;d&#064;t&#107;a&#116;n&#x6f;&#x6b;<\/span>.<\/p><p>Nie ponosimy odpowiedzialno\u015bci za straty wynikaj\u0105ce z nie\u015bcis\u0142o\u015bci lub niekompletno\u015bci, ani za straty wynikaj\u0105ce z problem\u00f3w spowodowanych lub nieod\u0142\u0105cznie zwi\u0105zanych z rozpowszechnianiem informacji przez internet, takich jak zak\u0142\u00f3cenia lub przerwy. Korzystaj\u0105c z formularzy internetowych, staramy si\u0119 ograniczy\u0107 liczb\u0119 wymaganych p\u00f3l do minimum. Za jakiekolwiek straty poniesione w wyniku wykorzystania danych, porad lub pomys\u0142\u00f3w dostarczonych przez lub w imieniu Datenschutz Nordhessen za po\u015brednictwem tej witryny, Datenschutz Nordhessen nie ponosi \u017cadnej odpowiedzialno\u015bci.<\/p><p>Korzystanie ze strony internetowej i wszystkich jej komponent\u00f3w (w tym for\u00f3w) podlega <a href=\"https:\/\/www.fernco.de\/wp-content\/uploads\/2021\/01\/Allgemeine-Gesch%C3%A4ftsbedingungen-Flexseal-GmbH.pdf\" target=\"_blank\">terms of use<\/a>. Samo korzystanie z tej witryny oznacza znajomo\u015b\u0107 i akceptacj\u0119 niniejszych warunk\u00f3w u\u017cytkowania.<\/p><p>Wszelkie dane osobowe, kt\u00f3re nam przeka\u017cesz w kontek\u015bcie twojej odpowiedzi lub pro\u015bby o informacje, b\u0119d\u0105 wykorzystywane wy\u0142\u0105cznie zgodnie z naszym o\u015bwiadczeniem o ochronie prywatno\u015bci.<\/p><p>Datenschutz Nordhessen do\u0142o\u017cy wszelkich stara\u0144, aby chroni\u0107 swoje systemy przed jak\u0105kolwiek form\u0105 bezprawnego u\u017cycia. Datenschutz Nordhessen  wdro\u017cy w tym celu odpowiednie \u015brodki techniczne i organizacyjne, uwzgl\u0119dniaj\u0105c mi\u0119dzy innymi stan wiedzy. Jednak\u017ce nie ponosi odpowiedzialno\u015bci za jakiekolwiek straty, bezpo\u015brednie i\/lub po\u015brednie poniesione przez u\u017cytkownika strony internetowej, kt\u00f3re powsta\u0142y w wyniku bezprawnego korzystania z jej system\u00f3w przez osob\u0119 trzeci\u0105.<\/p><p>Datenschutz Nordhessen nie ponosi \u017cadnej odpowiedzialno\u015bci za zawarto\u015b\u0107 witryn internetowych, do kt\u00f3rych lub z kt\u00f3rych zamieszczono hiper\u0142\u0105cza lub inne odniesienia. Produkty lub us\u0142ugi oferowane przez strony trzecie podlegaj\u0105 obowi\u0105zuj\u0105cym warunkom tych stron trzecich.<\/p><p>Wszystkie prawa w\u0142asno\u015bci intelektualnej do zawarto\u015bci tej witryny nale\u017c\u0105 do Datenschutz Nordhessen.<\/p><p>Kopiowanie, rozpowszechnianie i jakiekolwiek inne wykorzystywanie tych materia\u0142\u00f3w jest zabronione bez pisemnej zgody Datenschutz Nordhessen, z wyj\u0105tkiem i tylko w zakresie, w jakim okre\u015blono inaczej w obowi\u0105zuj\u0105cych przepisach (takich jak prawo do cytowania), chyba \u017ce okre\u015blone tre\u015bci nakazuj\u0105 inaczej.<\/p><p>Je\u015bli masz jakie\u015b pytania lub problemy z dost\u0119pno\u015bci\u0105 strony, nie wahaj si\u0119 z nami skontaktowa\u0107.<\/p><\/div>\n<\/div><\/div><\/div><\/div><\/div>\n","protected":false},"excerpt":{"rendered":"","protected":false},"author":1,"featured_media":0,"parent":0,"menu_order":5,"comment_status":"closed","ping_status":"closed","template":"","meta":{"_acf_changed":false,"_mi_skip_tracking":false,"_monsterinsights_sitenote_active":false,"_monsterinsights_sitenote_note":"","_monsterinsights_sitenote_category":0,"footnotes":""},"acf":[],"yoast_head":"<!-- This site is optimized with the Yoast SEO plugin v22.7 - https:\/\/yoast.com\/wordpress\/plugins\/seo\/ -->\n<title>Wy\u0142\u0105cznie odpowiedzialno\u015bci | Fernco<\/title>\n<meta name=\"description\" content=\"Zastrze\u017cenie odpowiedzialno\u015bci przez Fernco GmbH w Eschwege, kt\u00f3re dotyczy wszystkich naszych towar\u00f3w i us\u0142ug.\" \/>\n<meta name=\"robots\" content=\"index, follow, max-snippet:-1, max-image-preview:large, max-video-preview:-1\" \/>\n<link rel=\"canonical\" href=\"https:\/\/www.fernco.de\/pl\/disclaimer\" \/>\n<meta property=\"og:locale\" content=\"pl_PL\" \/>\n<meta property=\"og:type\" content=\"article\" \/>\n<meta property=\"og:title\" content=\"Wy\u0142\u0105cznie odpowiedzialno\u015bci | Fernco\" \/>\n<meta property=\"og:description\" content=\"Zastrze\u017cenie odpowiedzialno\u015bci przez Fernco GmbH w Eschwege, kt\u00f3re dotyczy wszystkich naszych towar\u00f3w i us\u0142ug.\" \/>\n<meta property=\"og:url\" content=\"https:\/\/www.fernco.de\/pl\/disclaimer\" \/>\n<meta property=\"og:site_name\" content=\"Fernco\" \/>\n<meta property=\"article:publisher\" content=\"https:\/\/www.facebook.com\/Flexseal\" \/>\n<meta property=\"article:modified_time\" content=\"2024-08-23T13:23:22+00:00\" \/>\n<meta name=\"twitter:card\" content=\"summary_large_image\" \/>\n<meta name=\"twitter:site\" content=\"@FlexsealUK\" \/>\n<meta name=\"twitter:label1\" content=\"Szacowany czas czytania\" \/>\n\t<meta name=\"twitter:data1\" content=\"1 minuta\" \/>\n<script type=\"application\/ld+json\" class=\"yoast-schema-graph\">{\"@context\":\"https:\/\/schema.org\",\"@graph\":[{\"@type\":\"WebPage\",\"@id\":\"https:\/\/www.fernco.de\/pl\/disclaimer\",\"url\":\"https:\/\/www.fernco.de\/pl\/disclaimer\",\"name\":\"Wy\u0142\u0105cznie odpowiedzialno\u015bci | Fernco\",\"isPartOf\":{\"@id\":\"https:\/\/www.fernco.de\/pl#website\"},\"datePublished\":\"2024-05-21T06:13:17+00:00\",\"dateModified\":\"2024-08-23T13:23:22+00:00\",\"description\":\"Zastrze\u017cenie odpowiedzialno\u015bci przez Fernco GmbH w Eschwege, kt\u00f3re dotyczy wszystkich naszych towar\u00f3w i us\u0142ug.\",\"breadcrumb\":{\"@id\":\"https:\/\/www.fernco.de\/pl\/disclaimer#breadcrumb\"},\"inLanguage\":\"pl-PL\",\"potentialAction\":[{\"@type\":\"ReadAction\",\"target\":[\"https:\/\/www.fernco.de\/pl\/disclaimer\"]}]},{\"@type\":\"BreadcrumbList\",\"@id\":\"https:\/\/www.fernco.de\/pl\/disclaimer#breadcrumb\",\"itemListElement\":[{\"@type\":\"ListItem\",\"position\":1,\"name\":\"Home\",\"item\":\"https:\/\/www.fernco.de\/pl\"},{\"@type\":\"ListItem\",\"position\":2,\"name\":\"Wy\u0142\u0105cznie odpowiedzialno\u015bci\"}]},{\"@type\":\"WebSite\",\"@id\":\"https:\/\/www.fernco.de\/pl#website\",\"url\":\"https:\/\/www.fernco.de\/pl\",\"name\":\"Fernco\",\"description\":\"Flexible Couplings, Drainage &amp; Plumbing Systems\",\"publisher\":{\"@id\":\"https:\/\/www.fernco.de\/pl#organization\"},\"potentialAction\":[{\"@type\":\"SearchAction\",\"target\":{\"@type\":\"EntryPoint\",\"urlTemplate\":\"https:\/\/www.fernco.de\/pl?s={search_term_string}\"},\"query-input\":\"required name=search_term_string\"}],\"inLanguage\":\"pl-PL\"},{\"@type\":\"Organization\",\"@id\":\"https:\/\/www.fernco.de\/pl#organization\",\"name\":\"Fernco GmbH\",\"alternateName\":\"Fernco\",\"url\":\"https:\/\/www.fernco.de\/pl\",\"logo\":{\"@type\":\"ImageObject\",\"inLanguage\":\"pl-PL\",\"@id\":\"https:\/\/www.fernco.de\/pl#\/schema\/logo\/image\/\",\"url\":\"https:\/\/www.fernco.de\/wp-content\/uploads\/2022\/06\/fernco-logo.png\",\"contentUrl\":\"https:\/\/www.fernco.de\/wp-content\/uploads\/2022\/06\/fernco-logo.png\",\"width\":287,\"height\":50,\"caption\":\"Fernco GmbH\"},\"image\":{\"@id\":\"https:\/\/www.fernco.de\/pl#\/schema\/logo\/image\/\"},\"sameAs\":[\"https:\/\/www.facebook.com\/Flexseal\",\"https:\/\/x.com\/FlexsealUK\"]}]}<\/script>\n<!-- \/ Yoast SEO plugin. -->","yoast_head_json":{"title":"Wy\u0142\u0105cznie odpowiedzialno\u015bci | Fernco","description":"Zastrze\u017cenie odpowiedzialno\u015bci przez Fernco GmbH w Eschwege, kt\u00f3re dotyczy wszystkich naszych towar\u00f3w i us\u0142ug.","robots":{"index":"index","follow":"follow","max-snippet":"max-snippet:-1","max-image-preview":"max-image-preview:large","max-video-preview":"max-video-preview:-1"},"canonical":"https:\/\/www.fernco.de\/pl\/disclaimer","og_locale":"pl_PL","og_type":"article","og_title":"Wy\u0142\u0105cznie odpowiedzialno\u015bci | Fernco","og_description":"Zastrze\u017cenie odpowiedzialno\u015bci przez Fernco GmbH w Eschwege, kt\u00f3re dotyczy wszystkich naszych towar\u00f3w i us\u0142ug.","og_url":"https:\/\/www.fernco.de\/pl\/disclaimer","og_site_name":"Fernco","article_publisher":"https:\/\/www.facebook.com\/Flexseal","article_modified_time":"2024-08-23T13:23:22+00:00","twitter_card":"summary_large_image","twitter_site":"@FlexsealUK","twitter_misc":{"Szacowany czas czytania":"1 minuta"},"schema":{"@context":"https:\/\/schema.org","@graph":[{"@type":"WebPage","@id":"https:\/\/www.fernco.de\/pl\/disclaimer","url":"https:\/\/www.fernco.de\/pl\/disclaimer","name":"Wy\u0142\u0105cznie odpowiedzialno\u015bci | Fernco","isPartOf":{"@id":"https:\/\/www.fernco.de\/pl#website"},"datePublished":"2024-05-21T06:13:17+00:00","dateModified":"2024-08-23T13:23:22+00:00","description":"Zastrze\u017cenie odpowiedzialno\u015bci przez Fernco GmbH w Eschwege, kt\u00f3re dotyczy wszystkich naszych towar\u00f3w i us\u0142ug.","breadcrumb":{"@id":"https:\/\/www.fernco.de\/pl\/disclaimer#breadcrumb"},"inLanguage":"pl-PL","potentialAction":[{"@type":"ReadAction","target":["https:\/\/www.fernco.de\/pl\/disclaimer"]}]},{"@type":"BreadcrumbList","@id":"https:\/\/www.fernco.de\/pl\/disclaimer#breadcrumb","itemListElement":[{"@type":"ListItem","position":1,"name":"Home","item":"https:\/\/www.fernco.de\/pl"},{"@type":"ListItem","position":2,"name":"Wy\u0142\u0105cznie odpowiedzialno\u015bci"}]},{"@type":"WebSite","@id":"https:\/\/www.fernco.de\/pl#website","url":"https:\/\/www.fernco.de\/pl","name":"Fernco","description":"Flexible Couplings, Drainage &amp; Plumbing Systems","publisher":{"@id":"https:\/\/www.fernco.de\/pl#organization"},"potentialAction":[{"@type":"SearchAction","target":{"@type":"EntryPoint","urlTemplate":"https:\/\/www.fernco.de\/pl?s={search_term_string}"},"query-input":"required name=search_term_string"}],"inLanguage":"pl-PL"},{"@type":"Organization","@id":"https:\/\/www.fernco.de\/pl#organization","name":"Fernco GmbH","alternateName":"Fernco","url":"https:\/\/www.fernco.de\/pl","logo":{"@type":"ImageObject","inLanguage":"pl-PL","@id":"https:\/\/www.fernco.de\/pl#\/schema\/logo\/image\/","url":"https:\/\/www.fernco.de\/wp-content\/uploads\/2022\/06\/fernco-logo.png","contentUrl":"https:\/\/www.fernco.de\/wp-content\/uploads\/2022\/06\/fernco-logo.png","width":287,"height":50,"caption":"Fernco GmbH"},"image":{"@id":"https:\/\/www.fernco.de\/pl#\/schema\/logo\/image\/"},"sameAs":["https:\/\/www.facebook.com\/Flexseal","https:\/\/x.com\/FlexsealUK"]}]}},"_links":{"self":[{"href":"https:\/\/www.fernco.de\/pl\/wp-json\/wp\/v2\/pages\/32125"}],"collection":[{"href":"https:\/\/www.fernco.de\/pl\/wp-json\/wp\/v2\/pages"}],"about":[{"href":"https:\/\/www.fernco.de\/pl\/wp-json\/wp\/v2\/types\/page"}],"author":[{"embeddable":true,"href":"https:\/\/www.fernco.de\/pl\/wp-json\/wp\/v2\/users\/1"}],"replies":[{"embeddable":true,"href":"https:\/\/www.fernco.de\/pl\/wp-json\/wp\/v2\/comments?post=32125"}],"version-history":[{"count":0,"href":"https:\/\/www.fernco.de\/pl\/wp-json\/wp\/v2\/pages\/32125\/revisions"}],"wp:attachment":[{"href":"https:\/\/www.fernco.de\/pl\/wp-json\/wp\/v2\/media?parent=32125"}],"curies":[{"name":"wp","href":"https:\/\/api.w.org\/{rel}","templated":true}]}}